{"id":3099,"date":"2021-03-04T14:03:02","date_gmt":"2021-03-04T11:03:02","guid":{"rendered":"https:\/\/www.xladyaccessories.com\/urun\/halat-zincir-rodyum-altin-kaplama-kolye\/"},"modified":"2026-04-05T19:09:09","modified_gmt":"2026-04-05T16:09:09","slug":"toptan-halat-zincir-rodyum-altin-kaplama-kolye","status":"publish","type":"product","link":"https:\/\/www.xladyaccessories.com\/de\/produkt\/rhodinierte-halskette-mit-seilkette\/","title":{"rendered":"Gro\u00dfhandel Seilkette Rhodium Vergoldete Halskette"},"content":{"rendered":"<p>Silber gemischt mit Rhodium vergoldet, L\u00e4nge: 50 cm, Mineralfarbe: Gold, verursacht keine Allergien, ist wasserbest\u00e4ndig, verblasst nicht und verdunkelt nicht.<\/p>","protected":false},"excerpt":{"rendered":"<p>X-Lady-Zubeh\u00f6r<\/p>","protected":false},"featured_media":3100,"comment_status":"open","ping_status":"closed","template":"","meta":[],"product_brand":[],"product_cat":[24],"product_tag":[],"class_list":{"0":"post-3099","1":"product","2":"type-product","3":"status-publish","4":"has-post-thumbnail","6":"product_cat-bijuteri-kolye","8":"first","9":"outofstock","10":"taxable","11":"shipping-taxable","12":"purchasable","13":"product-type-simple"},"_links":{"self":[{"href":"https:\/\/www.xladyaccessories.com\/de\/wp-json\/wp\/v2\/product\/3099","targetHints":{"allow":["GET"]}}],"collection":[{"href":"https:\/\/www.xladyaccessories.com\/de\/wp-json\/wp\/v2\/product"}],"about":[{"href":"https:\/\/www.xladyaccessories.com\/de\/wp-json\/wp\/v2\/types\/product"}],"replies":[{"embeddable":true,"href":"https:\/\/www.xladyaccessories.com\/de\/wp-json\/wp\/v2\/comments?post=3099"}],"wp:featuredmedia":[{"embeddable":true,"href":"https:\/\/www.xladyaccessories.com\/de\/wp-json\/wp\/v2\/media\/3100"}],"wp:attachment":[{"href":"https:\/\/www.xladyaccessories.com\/de\/wp-json\/wp\/v2\/media?parent=3099"}],"wp:term":[{"taxonomy":"product_brand","embeddable":true,"href":"https:\/\/www.xladyaccessories.com\/de\/wp-json\/wp\/v2\/product_brand?post=3099"},{"taxonomy":"product_cat","embeddable":true,"href":"https:\/\/www.xladyaccessories.com\/de\/wp-json\/wp\/v2\/product_cat?post=3099"},{"taxonomy":"product_tag","embeddable":true,"href":"https:\/\/www.xladyaccessories.com\/de\/wp-json\/wp\/v2\/product_tag?post=3099"}],"curies":[{"name":"wp","href":"https:\/\/api.w.org\/{rel}","templated":true}]}}