{"id":2992,"date":"2021-03-04T11:08:03","date_gmt":"2021-03-04T08:08:03","guid":{"rendered":"https:\/\/www.xladyaccessories.com\/urun\/kadin-uclu-seri-zincir-kolye-gold-kaplama-katmanli-kolye-choker-uzun-coklu-kolye\/"},"modified":"2026-04-05T19:08:59","modified_gmt":"2026-04-05T16:08:59","slug":"toptan-kadin-uclu-seri-zincir-kolye-gold-kaplama-katmanli-kolye-choker-uzun-coklu-kolye","status":"publish","type":"product","link":"https:\/\/www.xladyaccessories.com\/de\/produkt\/damen-halskette-mit-anhanger-serienmasig-vergoldet-mehrschichtig-halsband-lang-mehrere-halsketten\/","title":{"rendered":"Gro\u00dfhandel Frauen dreifach Sherry Kette Halskette Gold plattiert geschichteten Halskette Choker lange Multi Halskette"},"content":{"rendered":"<p>Material: vergoldete Kette<\/p>\n<p><\/p>\n<p>Gr\u00f6\u00dfe: Standardm\u00e4\u00dfig verstellbar<\/p>\n<p><\/p>\n<p>Farbe: Goldgelb<\/p>","protected":false},"excerpt":{"rendered":"<p>X-Lady-Zubeh\u00f6r<\/p>","protected":false},"featured_media":2993,"comment_status":"open","ping_status":"closed","template":"","meta":[],"product_brand":[],"product_cat":[24],"product_tag":[],"class_list":{"0":"post-2992","1":"product","2":"type-product","3":"status-publish","4":"has-post-thumbnail","6":"product_cat-bijuteri-kolye","8":"first","9":"instock","10":"taxable","11":"shipping-taxable","12":"purchasable","13":"product-type-simple"},"_links":{"self":[{"href":"https:\/\/www.xladyaccessories.com\/de\/wp-json\/wp\/v2\/product\/2992","targetHints":{"allow":["GET"]}}],"collection":[{"href":"https:\/\/www.xladyaccessories.com\/de\/wp-json\/wp\/v2\/product"}],"about":[{"href":"https:\/\/www.xladyaccessories.com\/de\/wp-json\/wp\/v2\/types\/product"}],"replies":[{"embeddable":true,"href":"https:\/\/www.xladyaccessories.com\/de\/wp-json\/wp\/v2\/comments?post=2992"}],"wp:featuredmedia":[{"embeddable":true,"href":"https:\/\/www.xladyaccessories.com\/de\/wp-json\/wp\/v2\/media\/2993"}],"wp:attachment":[{"href":"https:\/\/www.xladyaccessories.com\/de\/wp-json\/wp\/v2\/media?parent=2992"}],"wp:term":[{"taxonomy":"product_brand","embeddable":true,"href":"https:\/\/www.xladyaccessories.com\/de\/wp-json\/wp\/v2\/product_brand?post=2992"},{"taxonomy":"product_cat","embeddable":true,"href":"https:\/\/www.xladyaccessories.com\/de\/wp-json\/wp\/v2\/product_cat?post=2992"},{"taxonomy":"product_tag","embeddable":true,"href":"https:\/\/www.xladyaccessories.com\/de\/wp-json\/wp\/v2\/product_tag?post=2992"}],"curies":[{"name":"wp","href":"https:\/\/api.w.org\/{rel}","templated":true}]}}