{"id":2905,"date":"2021-03-04T10:49:44","date_gmt":"2021-03-04T07:49:44","guid":{"rendered":"https:\/\/www.xladyaccessories.com\/urun\/kadin-made-for-belly-kucuk-toplu-bel-zinciri-vucut-takisi-rose\/"},"modified":"2026-04-16T09:08:47","modified_gmt":"2026-04-16T06:08:47","slug":"toptan-kadin-made-for-belly-kucuk-toplu-bel-zinciri-vucut-takisi-rose","status":"publish","type":"product","link":"https:\/\/www.xladyaccessories.com\/de\/produkt\/damen-korperschmuck-fur-den-bauch-schmale-voluminose-taillenkette-rose\/","title":{"rendered":"Gro\u00dfhandel Frauen gemacht f\u00fcr Bauch kleine Bulk Taille Kette K\u00f6rperschmuck Rose"},"content":{"rendered":"<p>Ros\u00e9vergoldete Taillenkette 80 cm.<\/p>","protected":false},"excerpt":{"rendered":"<p>X-Lady-Zubeh\u00f6r<\/p>","protected":false},"featured_media":2906,"comment_status":"open","ping_status":"closed","template":"","meta":[],"product_brand":[],"product_cat":[50],"product_tag":[],"class_list":{"0":"post-2905","1":"product","2":"type-product","3":"status-publish","4":"has-post-thumbnail","6":"product_cat-vucut-aksesuari","8":"first","9":"outofstock","10":"taxable","11":"shipping-taxable","12":"purchasable","13":"product-type-simple"},"_links":{"self":[{"href":"https:\/\/www.xladyaccessories.com\/de\/wp-json\/wp\/v2\/product\/2905","targetHints":{"allow":["GET"]}}],"collection":[{"href":"https:\/\/www.xladyaccessories.com\/de\/wp-json\/wp\/v2\/product"}],"about":[{"href":"https:\/\/www.xladyaccessories.com\/de\/wp-json\/wp\/v2\/types\/product"}],"replies":[{"embeddable":true,"href":"https:\/\/www.xladyaccessories.com\/de\/wp-json\/wp\/v2\/comments?post=2905"}],"wp:featuredmedia":[{"embeddable":true,"href":"https:\/\/www.xladyaccessories.com\/de\/wp-json\/wp\/v2\/media\/2906"}],"wp:attachment":[{"href":"https:\/\/www.xladyaccessories.com\/de\/wp-json\/wp\/v2\/media?parent=2905"}],"wp:term":[{"taxonomy":"product_brand","embeddable":true,"href":"https:\/\/www.xladyaccessories.com\/de\/wp-json\/wp\/v2\/product_brand?post=2905"},{"taxonomy":"product_cat","embeddable":true,"href":"https:\/\/www.xladyaccessories.com\/de\/wp-json\/wp\/v2\/product_cat?post=2905"},{"taxonomy":"product_tag","embeddable":true,"href":"https:\/\/www.xladyaccessories.com\/de\/wp-json\/wp\/v2\/product_tag?post=2905"}],"curies":[{"name":"wp","href":"https:\/\/api.w.org\/{rel}","templated":true}]}}