{"id":2823,"date":"2021-03-04T10:32:40","date_gmt":"2021-03-04T07:32:40","guid":{"rendered":"https:\/\/www.xladyaccessories.com\/urun\/kumsal-halhal-kombini\/"},"modified":"2026-04-05T19:08:43","modified_gmt":"2026-04-05T16:08:43","slug":"toptan-kumsal-halhal-kombini","status":"publish","type":"product","link":"https:\/\/www.xladyaccessories.com\/de\/produkt\/strand-fuskettchen-kombination\/","title":{"rendered":"Gro\u00dfhandel Strand-Fu\u00dfkettchen-Kombination"},"content":{"rendered":"<ul>\n<li>24 cm gro\u00dfes r\u00f6misches Fu\u00dfkettchen,<\/li>\n<li>24 cm langes, gedrehtes Fu\u00dfkettchen mit blauen Perlen\u00a0<\/li>\n<\/ul>","protected":false},"excerpt":{"rendered":"<p>X-Lady-Zubeh\u00f6r<\/p>","protected":false},"featured_media":2824,"comment_status":"open","ping_status":"closed","template":"","meta":[],"product_brand":[],"product_cat":[52],"product_tag":[],"class_list":{"0":"post-2823","1":"product","2":"type-product","3":"status-publish","4":"has-post-thumbnail","6":"product_cat-bijuteri-halhal","8":"first","9":"outofstock","10":"taxable","11":"shipping-taxable","12":"purchasable","13":"product-type-simple"},"_links":{"self":[{"href":"https:\/\/www.xladyaccessories.com\/de\/wp-json\/wp\/v2\/product\/2823","targetHints":{"allow":["GET"]}}],"collection":[{"href":"https:\/\/www.xladyaccessories.com\/de\/wp-json\/wp\/v2\/product"}],"about":[{"href":"https:\/\/www.xladyaccessories.com\/de\/wp-json\/wp\/v2\/types\/product"}],"replies":[{"embeddable":true,"href":"https:\/\/www.xladyaccessories.com\/de\/wp-json\/wp\/v2\/comments?post=2823"}],"wp:featuredmedia":[{"embeddable":true,"href":"https:\/\/www.xladyaccessories.com\/de\/wp-json\/wp\/v2\/media\/2824"}],"wp:attachment":[{"href":"https:\/\/www.xladyaccessories.com\/de\/wp-json\/wp\/v2\/media?parent=2823"}],"wp:term":[{"taxonomy":"product_brand","embeddable":true,"href":"https:\/\/www.xladyaccessories.com\/de\/wp-json\/wp\/v2\/product_brand?post=2823"},{"taxonomy":"product_cat","embeddable":true,"href":"https:\/\/www.xladyaccessories.com\/de\/wp-json\/wp\/v2\/product_cat?post=2823"},{"taxonomy":"product_tag","embeddable":true,"href":"https:\/\/www.xladyaccessories.com\/de\/wp-json\/wp\/v2\/product_tag?post=2823"}],"curies":[{"name":"wp","href":"https:\/\/api.w.org\/{rel}","templated":true}]}}