{"id":2752,"date":"2021-03-04T10:06:33","date_gmt":"2021-03-04T07:06:33","guid":{"rendered":"https:\/\/www.xladyaccessories.com\/urun\/italyan-zincir-kolye-orta\/"},"modified":"2026-04-14T19:08:26","modified_gmt":"2026-04-14T16:08:26","slug":"toptan-italyan-zincir-kolye-orta","status":"publish","type":"product","link":"https:\/\/www.xladyaccessories.com\/de\/produkt\/italienische-kettenhalskette-mittel\/","title":{"rendered":"Gro\u00dfhandel, goldfarben, 4 mm. Italienische Halskette 45 cm. Kette Vip Anlaufgesch\u00fctzte, farbechte Stahlkette \u2013 186"},"content":{"rendered":"<p>Es verdunkelt oder verblasst nicht und ist zudem antiallergisch.<br \/>\nEs besteht aus Stahl der h\u00f6chsten Klasse.<br \/>\nDeshalb ist es antiallergisch und farbgarantiert.<br \/>\nProduktmaterial ist Stahl und Zirkonstein.<\/p>\n<p>\nDie Modelle unserer gesamten Steel Collection zeichnen sich durch g\u00fcnstige Preise und Langlebigkeit aus.\u00a0<br \/>\n- Verdunkelt sich nicht<\/p>\n<p>-Edelstahl<\/p>\n<p>-Geeignet f\u00fcr den t\u00e4glichen Gebrauch<\/p>\n<p>-Geeignet f\u00fcr den Langzeitgebrauch<\/p>\n<p>-Wasserdicht\u00a0<br \/>\n\u00a0<\/p>\n<p><strong>Technische Spezifikationen des Produkts:<\/strong><\/p>\n<ul>\n<li>Material ist Stahl\u00a0<\/li>\n<li>Da es den Allergietest erfolgreich bestanden hat, ist es auch f\u00fcr empfindliche Haut geeignet.<\/li>\n<li>Da das Material des Produkts aus Stahl besteht, k\u00f6nnen Sie es beruhigt unter der Dusche, auf See, in der W\u00e4scherei, beim Geschirrsp\u00fclen und an \u00e4hnlichen Orten verwenden.<\/li>\n<\/ul>","protected":false},"excerpt":{"rendered":"<p>X-Lady-Zubeh\u00f6r<\/p>","protected":false},"featured_media":24164,"comment_status":"open","ping_status":"closed","template":"","meta":[],"product_brand":[],"product_cat":[96],"product_tag":[],"class_list":{"0":"post-2752","1":"product","2":"type-product","3":"status-publish","4":"has-post-thumbnail","6":"product_cat-celik-kolye","8":"first","9":"outofstock","10":"taxable","11":"shipping-taxable","12":"purchasable","13":"product-type-simple"},"_links":{"self":[{"href":"https:\/\/www.xladyaccessories.com\/de\/wp-json\/wp\/v2\/product\/2752","targetHints":{"allow":["GET"]}}],"collection":[{"href":"https:\/\/www.xladyaccessories.com\/de\/wp-json\/wp\/v2\/product"}],"about":[{"href":"https:\/\/www.xladyaccessories.com\/de\/wp-json\/wp\/v2\/types\/product"}],"replies":[{"embeddable":true,"href":"https:\/\/www.xladyaccessories.com\/de\/wp-json\/wp\/v2\/comments?post=2752"}],"wp:featuredmedia":[{"embeddable":true,"href":"https:\/\/www.xladyaccessories.com\/de\/wp-json\/wp\/v2\/media\/24164"}],"wp:attachment":[{"href":"https:\/\/www.xladyaccessories.com\/de\/wp-json\/wp\/v2\/media?parent=2752"}],"wp:term":[{"taxonomy":"product_brand","embeddable":true,"href":"https:\/\/www.xladyaccessories.com\/de\/wp-json\/wp\/v2\/product_brand?post=2752"},{"taxonomy":"product_cat","embeddable":true,"href":"https:\/\/www.xladyaccessories.com\/de\/wp-json\/wp\/v2\/product_cat?post=2752"},{"taxonomy":"product_tag","embeddable":true,"href":"https:\/\/www.xladyaccessories.com\/de\/wp-json\/wp\/v2\/product_tag?post=2752"}],"curies":[{"name":"wp","href":"https:\/\/api.w.org\/{rel}","templated":true}]}}