{"id":26808,"date":"2025-07-14T17:39:53","date_gmt":"2025-07-14T14:39:53","guid":{"rendered":"https:\/\/www.xladyaccessories.com\/urun\/toptan-altin-renk-kiz-celik-sahmeran-3576\/"},"modified":"2026-04-04T09:24:11","modified_gmt":"2026-04-04T06:24:11","slug":"toptan-altin-renk-kiz-celik-sahmeran-3576","status":"publish","type":"product","link":"https:\/\/www.xladyaccessories.com\/de\/produkt\/toptan-altin-renk-kiz-celik-sahmeran-3576\/","title":{"rendered":"Toptan Alt\u0131n Renk K\u0131z \u00c7elik \u015eahmeran &#8211; 3576"},"content":{"rendered":"<p data-end=\"107\" data-start=\"69\"><strong data-end=\"107\" data-start=\"69\">Elegant und langlebig: Stahl Shahmaran<\/strong><\/p>\n<p data-end=\"479\" data-start=\"109\">Der Stahl-Shahmaran, ein unverzichtbarer Bestandteil allt\u00e4glicher Eleganz, besticht durch seinen schlichten und zugleich eindrucksvollen Stil. Dieses besondere Design aus hochwertigem Edelstahl l\u00e4uft nicht an und ist wasser- und meersalzbest\u00e4ndig. Sie k\u00f6nnen ihn unbesorgt auf See, unter der Dusche oder an arbeitsreichen Tagen tragen. Seine hautfreundliche Struktur minimiert das Allergierisiko und bietet hohen Tragekomfort.<\/p>\n<p data-end=\"506\" data-start=\"481\"><strong data-end=\"506\" data-start=\"481\">Besondere Funktionen:<\/strong><\/p>\n<ul data-end=\"777\" data-start=\"507\">\n<li data-end=\"563\" data-start=\"507\">\n<p data-end=\"563\" data-start=\"509\">%100 paslanmaz \u00e7elik: Kararma yapmaz, uzun \u00f6m\u00fcrl\u00fcd\u00fcr<\/p>\n<\/li>\n<li data-end=\"615\" data-start=\"564\">\n<p data-end=\"615\" data-start=\"566\">Best\u00e4ndig gegen Wasser, Meersalz und Schwei\u00df<\/p>\n<\/li>\n<li data-end=\"676\" data-start=\"616\">\n<p data-end=\"676\" data-start=\"618\">Geeignet f\u00fcr den t\u00e4glichen Gebrauch, sch\u00fctzt Ihre Eleganz in jeder Umgebung.<\/p>\n<\/li>\n<li data-end=\"734\" data-start=\"677\">\n<p data-end=\"734\" data-start=\"679\">Dank seiner verstellbaren Struktur passt es an jedes Handgelenk.<\/p>\n<\/li>\n<li data-end=\"777\" data-start=\"735\">\n<p data-end=\"777\" data-start=\"737\">Es besticht durch seine modernen und eleganten Details.<\/p>\n<\/li>\n<\/ul>\n<p data-end=\"860\" data-start=\"779\">Wenn Sie Ihrem Stil sowohl Eleganz als auch Haltbarkeit verleihen m\u00f6chten, ist dieser Shahmeran genau das Richtige f\u00fcr Sie!<\/p>\n<p>Bei unseren Produkten handelt es sich um Massenproduktionsprodukte. Abh\u00e4ngig von der Marktverf\u00fcgbarkeit k\u00f6nnen geringf\u00fcgige Unterschiede bei den Produkten auftreten, ohne das Hauptthema zu st\u00f6ren. Wie zum Beispiel Kettenst\u00e4rke, Ringl\u00e4nge und so weiter.<\/p>","protected":false},"excerpt":{"rendered":"<p>Stilvolle Shahmarans aus Stahl<\/p>","protected":false},"featured_media":26809,"comment_status":"closed","ping_status":"open","template":"","meta":[],"product_brand":[],"product_cat":[194],"product_tag":[],"class_list":{"0":"post-26808","1":"product","2":"type-product","3":"status-publish","4":"has-post-thumbnail","6":"product_cat-celik-sahmeran","8":"first","9":"outofstock","10":"taxable","11":"shipping-taxable","12":"purchasable","13":"product-type-simple"},"_links":{"self":[{"href":"https:\/\/www.xladyaccessories.com\/de\/wp-json\/wp\/v2\/product\/26808","targetHints":{"allow":["GET"]}}],"collection":[{"href":"https:\/\/www.xladyaccessories.com\/de\/wp-json\/wp\/v2\/product"}],"about":[{"href":"https:\/\/www.xladyaccessories.com\/de\/wp-json\/wp\/v2\/types\/product"}],"replies":[{"embeddable":true,"href":"https:\/\/www.xladyaccessories.com\/de\/wp-json\/wp\/v2\/comments?post=26808"}],"wp:featuredmedia":[{"embeddable":true,"href":"https:\/\/www.xladyaccessories.com\/de\/wp-json\/wp\/v2\/media\/26809"}],"wp:attachment":[{"href":"https:\/\/www.xladyaccessories.com\/de\/wp-json\/wp\/v2\/media?parent=26808"}],"wp:term":[{"taxonomy":"product_brand","embeddable":true,"href":"https:\/\/www.xladyaccessories.com\/de\/wp-json\/wp\/v2\/product_brand?post=26808"},{"taxonomy":"product_cat","embeddable":true,"href":"https:\/\/www.xladyaccessories.com\/de\/wp-json\/wp\/v2\/product_cat?post=26808"},{"taxonomy":"product_tag","embeddable":true,"href":"https:\/\/www.xladyaccessories.com\/de\/wp-json\/wp\/v2\/product_tag?post=26808"}],"curies":[{"name":"wp","href":"https:\/\/api.w.org\/{rel}","templated":true}]}}