{"id":2674,"date":"2021-03-04T09:32:06","date_gmt":"2021-03-04T06:32:06","guid":{"rendered":"https:\/\/www.xladyaccessories.com\/urun\/cubuk-erkek-kolye-alasim-gumus-renk-a-kalite-alasim-75-cm-zincir\/"},"modified":"2026-04-24T09:08:24","modified_gmt":"2026-04-24T06:08:24","slug":"toptan-cubuk-erkek-kolye-alasim-gumus-renk-a-kalite-alasim-75-cm-zincir","status":"publish","type":"product","link":"https:\/\/www.xladyaccessories.com\/de\/produkt\/rod-herrenhalskette-aus-legierung-in-silberfarbe-eine-75-cm-lange-kette-aus-hochwertiger-legierung\/","title":{"rendered":"Gro\u00dfhandel Bar M\u00e4nner Halskette Legierung - Silber Farbe | A + Qualit\u00e4t Legierung | 75 cm Kette"},"content":{"rendered":"<ul>\n<li>\n<h2><u>Bar-Legierungshalskette f\u00fcr Herren<\/u><br \/><\/h2>\n<h2><b>Anh\u00e4ngerbreite:<\/b>1cm<br \/><\/h2>\n<h2><b>Pendelh\u00f6he:<\/b>5cm<br \/><\/h2>\n<h2>Kettenl\u00e4nge: 75 cm<br \/><\/h2>\n<p><\/p>\n<div><\/div>\n<\/li>\n<\/ul>","protected":false},"excerpt":{"rendered":"<p>X-Lady-Zubeh\u00f6r<\/p>","protected":false},"featured_media":2675,"comment_status":"open","ping_status":"closed","template":"","meta":[],"product_brand":[],"product_cat":[24],"product_tag":[],"class_list":{"0":"post-2674","1":"product","2":"type-product","3":"status-publish","4":"has-post-thumbnail","6":"product_cat-bijuteri-kolye","8":"first","9":"outofstock","10":"taxable","11":"shipping-taxable","12":"purchasable","13":"product-type-simple"},"_links":{"self":[{"href":"https:\/\/www.xladyaccessories.com\/de\/wp-json\/wp\/v2\/product\/2674","targetHints":{"allow":["GET"]}}],"collection":[{"href":"https:\/\/www.xladyaccessories.com\/de\/wp-json\/wp\/v2\/product"}],"about":[{"href":"https:\/\/www.xladyaccessories.com\/de\/wp-json\/wp\/v2\/types\/product"}],"replies":[{"embeddable":true,"href":"https:\/\/www.xladyaccessories.com\/de\/wp-json\/wp\/v2\/comments?post=2674"}],"wp:featuredmedia":[{"embeddable":true,"href":"https:\/\/www.xladyaccessories.com\/de\/wp-json\/wp\/v2\/media\/2675"}],"wp:attachment":[{"href":"https:\/\/www.xladyaccessories.com\/de\/wp-json\/wp\/v2\/media?parent=2674"}],"wp:term":[{"taxonomy":"product_brand","embeddable":true,"href":"https:\/\/www.xladyaccessories.com\/de\/wp-json\/wp\/v2\/product_brand?post=2674"},{"taxonomy":"product_cat","embeddable":true,"href":"https:\/\/www.xladyaccessories.com\/de\/wp-json\/wp\/v2\/product_cat?post=2674"},{"taxonomy":"product_tag","embeddable":true,"href":"https:\/\/www.xladyaccessories.com\/de\/wp-json\/wp\/v2\/product_tag?post=2674"}],"curies":[{"name":"wp","href":"https:\/\/api.w.org\/{rel}","templated":true}]}}