{"id":26367,"date":"2025-07-08T12:52:57","date_gmt":"2025-07-08T09:52:57","guid":{"rendered":"https:\/\/www.xladyaccessories.com\/urun\/toptan-altin-renk-ayetel-kursi-bileklik-paslanmaz-unisex-ayarlanabilir-celik-bileklik-3392\/"},"modified":"2026-04-04T09:23:26","modified_gmt":"2026-04-04T06:23:26","slug":"toptan-altin-renk-ayetel-kursi-bileklik-paslanmaz-unisex-ayarlanabilir-celik-bileklik-3392","status":"publish","type":"product","link":"https:\/\/www.xladyaccessories.com\/de\/produkt\/groshandel-gold-farbe-ayetel-kursi-armband-edelstahl-unisex-verstellbare-stahl-armband-3392\/","title":{"rendered":"Gro\u00dfhandel Goldfarbenes Ayetel Kursi Armband Edelstahl Unisex Verstellbares Stahlarmband \u2013 3392"},"content":{"rendered":"<p>Es verdunkelt oder verblasst nicht und ist zudem antiallergisch.<br \/> Es besteht aus Stahl der h\u00f6chsten Klasse.<br \/> Deshalb ist es antiallergisch und farbgarantiert.<br \/> Produktmaterial ist Stahl und Zirkonstein.<\/p>\n<p> Die Modelle unserer gesamten Steel Collection zeichnen sich durch g\u00fcnstige Preise und Langlebigkeit aus.\u00a0<br \/> - Verdunkelt sich nicht<\/p>\n<p>-Edelstahl<\/p>\n<p>-Geeignet f\u00fcr den t\u00e4glichen Gebrauch<\/p>\n<p>-Geeignet f\u00fcr den Langzeitgebrauch<\/p>\n<p>-Wasserdicht\u00a0<br \/> \u00a0<\/p>\n<p><strong>Technische Spezifikationen des Produkts:<\/strong><\/p>\n<ul>\n<li>Material ist Stahl\u00a0<\/li>\n<li>Da es den Allergietest erfolgreich bestanden hat, ist es auch f\u00fcr empfindliche Haut geeignet.<\/li>\n<li>Da das Material des Produkts aus Stahl besteht, k\u00f6nnen Sie es beruhigt unter der Dusche, auf See, in der W\u00e4scherei, beim Geschirrsp\u00fclen und an \u00e4hnlichen Orten verwenden.<\/li>\n<\/ul>\n<p>Bei unseren Produkten handelt es sich um Massenproduktionsprodukte. Abh\u00e4ngig von der Marktverf\u00fcgbarkeit k\u00f6nnen geringf\u00fcgige Unterschiede bei den Produkten auftreten, ohne das Hauptthema zu st\u00f6ren. Wie zum Beispiel Kettenst\u00e4rke, Ringl\u00e4nge und so weiter.<\/p>","protected":false},"excerpt":{"rendered":"<p>Stilvolle Modelle mit Stahlarmband<\/p>","protected":false},"featured_media":26368,"comment_status":"closed","ping_status":"open","template":"","meta":[],"product_brand":[],"product_cat":[83],"product_tag":[],"class_list":{"0":"post-26367","1":"product","2":"type-product","3":"status-publish","4":"has-post-thumbnail","6":"product_cat-celik-bileklik","8":"first","9":"outofstock","10":"taxable","11":"shipping-taxable","12":"purchasable","13":"product-type-simple"},"_links":{"self":[{"href":"https:\/\/www.xladyaccessories.com\/de\/wp-json\/wp\/v2\/product\/26367","targetHints":{"allow":["GET"]}}],"collection":[{"href":"https:\/\/www.xladyaccessories.com\/de\/wp-json\/wp\/v2\/product"}],"about":[{"href":"https:\/\/www.xladyaccessories.com\/de\/wp-json\/wp\/v2\/types\/product"}],"replies":[{"embeddable":true,"href":"https:\/\/www.xladyaccessories.com\/de\/wp-json\/wp\/v2\/comments?post=26367"}],"wp:featuredmedia":[{"embeddable":true,"href":"https:\/\/www.xladyaccessories.com\/de\/wp-json\/wp\/v2\/media\/26368"}],"wp:attachment":[{"href":"https:\/\/www.xladyaccessories.com\/de\/wp-json\/wp\/v2\/media?parent=26367"}],"wp:term":[{"taxonomy":"product_brand","embeddable":true,"href":"https:\/\/www.xladyaccessories.com\/de\/wp-json\/wp\/v2\/product_brand?post=26367"},{"taxonomy":"product_cat","embeddable":true,"href":"https:\/\/www.xladyaccessories.com\/de\/wp-json\/wp\/v2\/product_cat?post=26367"},{"taxonomy":"product_tag","embeddable":true,"href":"https:\/\/www.xladyaccessories.com\/de\/wp-json\/wp\/v2\/product_tag?post=26367"}],"curies":[{"name":"wp","href":"https:\/\/api.w.org\/{rel}","templated":true}]}}