{"id":26296,"date":"2025-07-08T08:56:34","date_gmt":"2025-07-08T05:56:34","guid":{"rendered":"https:\/\/www.xladyaccessories.com\/urun\/toptan-gumus-renk-kesik-arpa-pul-celik-halhal-3452\/"},"modified":"2026-04-03T19:24:09","modified_gmt":"2026-04-03T16:24:09","slug":"toptan-gumus-renk-kesik-arpa-pul-celik-halhal-3452","status":"publish","type":"product","link":"https:\/\/www.xladyaccessories.com\/de\/produkt\/toptan-gumus-renk-kesik-arpa-pul-celik-halhal-3452\/","title":{"rendered":"Gro\u00dfhandel Silberfarbenes Fu\u00dfkettchen aus geschnittenem Gerstenschuppenstahl \u2013 3452"},"content":{"rendered":"<div class=\"detailmodule_html\">\n<div class=\"detail-desc-decorate-richtext\">\n<div>\n<ul>\n<li>\n<p><strong>Premium-Kollektion aus Stahl und Zirkonia<\/strong><\/p>\n<p><strong>Besondere Funktionen:<\/strong><\/p>\n<\/li>\n<li>\n<p><strong>Anlauf- und Rostschutz:<\/strong>\u00a0Unsere Produkte werden aus Stahl h\u00f6chster Qualit\u00e4t hergestellt und sind best\u00e4ndig gegen Anlaufen und Rost.<\/p>\n<\/li>\n<li>\n<p><strong>Antiallergisch:<\/strong>\u00a0Es hat Allergietests erfolgreich bestanden und ist ideal f\u00fcr empfindliche Haut.<\/p>\n<\/li>\n<li>\n<p><strong>Farbe garantiert:<\/strong>\u00a0Dank der hohen Stahlqualit\u00e4t kommt es zu keiner Farbver\u00e4nderung.<\/p>\n<\/li>\n<li>\n<p><strong>Wasserfest:<\/strong>\u00a0Es kann sicher unter der Dusche, auf See sowie beim W\u00e4sche- und Geschirrsp\u00fclen verwendet werden.<\/p>\n<\/li>\n<li>\n<p><strong>T\u00e4gliche und langfristige Anwendung:<\/strong>\u00a0Es ist sowohl f\u00fcr die t\u00e4gliche als auch f\u00fcr die langfristige Anwendung geeignet.<\/p>\n<\/li>\n<\/ul>\n<p>\u00a0<\/p>\n<p><strong>Verwenden Sie es mit gutem Gewissen!<\/strong><br \/> Unsere Produkte laufen unter keinen Umst\u00e4nden an, rosten oder ver\u00e4ndern ihre Farbe. Es wurde entwickelt, um Sie in Ihrem t\u00e4glichen Leben und in besonderen Momenten zu begleiten.<\/p>\n<p><strong>\u00dcber die Sammlung:<\/strong><br \/> Unsere gesamte Beschichtungskollektion steht mit ihren g\u00fcnstigen Preisen und ihrer Langlebigkeit im Vordergrund. Unsere Produkte sind so konzipiert, dass sie Sie in Ihrem t\u00e4glichen Leben begleiten und dabei sowohl Eleganz als auch praktischen Nutzen vereinen.<\/p>\n<p><strong>Warum wir?<\/strong><\/p>\n<p><strong>Qualit\u00e4t:<\/strong>\u00a0Garantierter Langzeiteinsatz durch Verwendung von erstklassigem Stahl.<\/p>\n<p><strong>Vertrauen:<\/strong>\u00a0Dank seiner antiallergischen und wasserabweisenden Eigenschaften k\u00f6nnen Sie es in jeder Situation sicher verwenden.<\/p>\n<p><strong>\u00c4sthetisch:<\/strong>\u00a0Bewahren Sie Ihre Eleganz mit Designs mit Farbgarantie.<\/p>\n<p><strong>Technische Daten:<\/strong><\/p>\n<p><strong>Material:<\/strong>\u00a0Stahl und Zirkonstein<\/p>\n<p><strong>Einsatzbereiche:<\/strong>\u00a0Es ist best\u00e4ndig gegen jeglichen Wasserkontakt, beispielsweise beim Duschen, im Meer, beim W\u00e4schewaschen und Geschirrsp\u00fclen.<\/p>\n<p><strong>Hautvertr\u00e4glichkeit:<\/strong>\u00a0Es hat Allergietests bestanden und ist f\u00fcr empfindliche Haut geeignet.<\/p>\n<\/p><\/div><\/div><\/div>\n<p>Bei unseren Produkten handelt es sich um Massenproduktionsprodukte. Abh\u00e4ngig von der Marktverf\u00fcgbarkeit k\u00f6nnen geringf\u00fcgige Unterschiede bei den Produkten auftreten, ohne das Hauptthema zu st\u00f6ren. Wie zum Beispiel Kettenst\u00e4rke, Ringl\u00e4nge und so weiter.<\/p>","protected":false},"excerpt":{"rendered":"<p>Stilvolle Fu\u00dfkettchen aus Stahl<\/p>","protected":false},"featured_media":26297,"comment_status":"closed","ping_status":"open","template":"","meta":[],"product_brand":[],"product_cat":[193],"product_tag":[],"class_list":{"0":"post-26296","1":"product","2":"type-product","3":"status-publish","4":"has-post-thumbnail","6":"product_cat-celik-halhallar-halhal-ayak-zinciri","8":"first","9":"instock","10":"taxable","11":"shipping-taxable","12":"purchasable","13":"product-type-simple"},"_links":{"self":[{"href":"https:\/\/www.xladyaccessories.com\/de\/wp-json\/wp\/v2\/product\/26296","targetHints":{"allow":["GET"]}}],"collection":[{"href":"https:\/\/www.xladyaccessories.com\/de\/wp-json\/wp\/v2\/product"}],"about":[{"href":"https:\/\/www.xladyaccessories.com\/de\/wp-json\/wp\/v2\/types\/product"}],"replies":[{"embeddable":true,"href":"https:\/\/www.xladyaccessories.com\/de\/wp-json\/wp\/v2\/comments?post=26296"}],"wp:featuredmedia":[{"embeddable":true,"href":"https:\/\/www.xladyaccessories.com\/de\/wp-json\/wp\/v2\/media\/26297"}],"wp:attachment":[{"href":"https:\/\/www.xladyaccessories.com\/de\/wp-json\/wp\/v2\/media?parent=26296"}],"wp:term":[{"taxonomy":"product_brand","embeddable":true,"href":"https:\/\/www.xladyaccessories.com\/de\/wp-json\/wp\/v2\/product_brand?post=26296"},{"taxonomy":"product_cat","embeddable":true,"href":"https:\/\/www.xladyaccessories.com\/de\/wp-json\/wp\/v2\/product_cat?post=26296"},{"taxonomy":"product_tag","embeddable":true,"href":"https:\/\/www.xladyaccessories.com\/de\/wp-json\/wp\/v2\/product_tag?post=26296"}],"curies":[{"name":"wp","href":"https:\/\/api.w.org\/{rel}","templated":true}]}}