{"id":24993,"date":"2024-11-04T15:41:24","date_gmt":"2024-11-04T12:41:24","guid":{"rendered":"https:\/\/www.xladyaccessories.com\/urun\/altin-renk-beyaz-sedef-van-cleef-kolye-bileklik-set-cift-yonludur-3166\/"},"modified":"2026-04-14T09:22:15","modified_gmt":"2026-04-14T06:22:15","slug":"toptan-altin-renk-beyaz-sedef-van-cleef-kolye-bileklik-set-cift-yonludur-3166","status":"publish","type":"product","link":"https:\/\/www.xladyaccessories.com\/de\/produkt\/goldfarbenes-weises-perlmutt-van-cleef-halsketten-armband-set-doppelseitig-3166\/","title":{"rendered":"Gro\u00dfhandel Goldfarbenes wei\u00dfes Perlmutt-Van-Cleef-Halsketten-Armband-Set (doppelseitig) \u2013 3166"},"content":{"rendered":"<div>\n<div><strong>Alle abgebildeten Produkte werden versendet.<\/strong><\/div>\n<div>\u00a0<\/div><\/div>\n<div>\n<div>100% Neues Produkt<\/div>\n<div>Typ: Kombinationsprodukt<\/div>\n<div>Material: Legierung<\/div><\/div>\n<div>\u00a0<\/div>\n<div>Ein hochwertiger Schmuck.; Es enth\u00e4lt kein Nickel; Es ist antiallergisch; Es verdunkelt sich nicht, es sei denn, es wird mit Chemikalien in Kontakt gebracht.<\/div>\n<div>\n<div>\u00a0<\/div>\n<div>Die Nutzungsdauer des Zubeh\u00f6rs verl\u00e4ngert sich, sofern es von Parf\u00fcm, Seife, Alkohol und \u00e4hnlichen Chemikalien ferngehalten wird. Auf das Produkt wurde eine spezielle Schutzschicht gegen Allergien, Oxidation und Verdunkelung aufgetragen.<\/div>\n<div>\u00a0<\/div>\n<div>\n<p>Dieses neue Set 100% ist eine perfekte Option, um Ihren einzigartigen Stil und Ihre Eleganz zu unterstreichen und zieht durch seine auff\u00e4llige Eleganz die Aufmerksamkeit auf sich. Dieses einzigartige Set aus einem speziellen Legierungsmaterial besticht auch durch seine hochwertige Schmuckverarbeitung.<\/p>\n<p>Dieses gro\u00dfartige Set bietet dank seiner Allergiefreiheit und der speziellen Schutzbeschichtung eine langfristige Verwendung. Da es kein Nickel enth\u00e4lt und anlaufgesch\u00fctzt ist, beh\u00e4lt es immer seinen Glanz wie am ersten Tag.<\/p>\n<p>Dieses aus hochwertigen Materialien hergestellte Set zeichnet sich dadurch aus, dass es langlebig ist, wenn es von Chemikalien wie Parf\u00fcm, Seife, Alkohol und Kontakt mit fl\u00fcssigen Chemikalien wie Wasser und Reinigungsmittel ferngehalten wird.<\/p>\n<p>Dieses Set spiegelt Ihren einzigartigen Stil und Ihre pers\u00f6nliche Einstellung wider und macht Sie zu etwas Besonderem, indem es jeder Kombination eine elegante Note verleiht. Dieses Set eignet sich ideal f\u00fcr den t\u00e4glichen Gebrauch und ist die perfekte Option, um Ihre Eleganz zu besonderen Anl\u00e4ssen zu vervollst\u00e4ndigen. Dieses einzigartige St\u00fcck, das Sie in Ihren wertvollsten Momenten widerspiegelt, verleiht Ihrer Eleganz Eleganz.<\/p>\n<\/p><\/div><\/div>\n<div>\u00a0<\/div>\n<div>\u00a0<\/div>\n<p>Bei unseren Produkten handelt es sich um Massenproduktionsprodukte. Abh\u00e4ngig von der Marktverf\u00fcgbarkeit k\u00f6nnen geringf\u00fcgige Unterschiede bei den Produkten auftreten, ohne das Hauptthema zu st\u00f6ren. Wie zum Beispiel Kettenst\u00e4rke, Ringl\u00e4nge und so weiter.<\/p>","protected":false},"excerpt":{"rendered":"<p>Stilvolle Kombinationssets<\/p>","protected":false},"featured_media":24994,"comment_status":"closed","ping_status":"open","template":"","meta":[],"product_brand":[],"product_cat":[26],"product_tag":[],"class_list":{"0":"post-24993","1":"product","2":"type-product","3":"status-publish","4":"has-post-thumbnail","6":"product_cat-bijuteri-settakim","8":"first","9":"outofstock","10":"taxable","11":"shipping-taxable","12":"purchasable","13":"product-type-simple"},"_links":{"self":[{"href":"https:\/\/www.xladyaccessories.com\/de\/wp-json\/wp\/v2\/product\/24993","targetHints":{"allow":["GET"]}}],"collection":[{"href":"https:\/\/www.xladyaccessories.com\/de\/wp-json\/wp\/v2\/product"}],"about":[{"href":"https:\/\/www.xladyaccessories.com\/de\/wp-json\/wp\/v2\/types\/product"}],"replies":[{"embeddable":true,"href":"https:\/\/www.xladyaccessories.com\/de\/wp-json\/wp\/v2\/comments?post=24993"}],"wp:featuredmedia":[{"embeddable":true,"href":"https:\/\/www.xladyaccessories.com\/de\/wp-json\/wp\/v2\/media\/24994"}],"wp:attachment":[{"href":"https:\/\/www.xladyaccessories.com\/de\/wp-json\/wp\/v2\/media?parent=24993"}],"wp:term":[{"taxonomy":"product_brand","embeddable":true,"href":"https:\/\/www.xladyaccessories.com\/de\/wp-json\/wp\/v2\/product_brand?post=24993"},{"taxonomy":"product_cat","embeddable":true,"href":"https:\/\/www.xladyaccessories.com\/de\/wp-json\/wp\/v2\/product_cat?post=24993"},{"taxonomy":"product_tag","embeddable":true,"href":"https:\/\/www.xladyaccessories.com\/de\/wp-json\/wp\/v2\/product_tag?post=24993"}],"curies":[{"name":"wp","href":"https:\/\/api.w.org\/{rel}","templated":true}]}}