{"id":24683,"date":"2024-07-10T14:27:56","date_gmt":"2024-07-10T11:27:56","guid":{"rendered":"https:\/\/www.xladyaccessories.com\/urun\/altin-renk-gold-detayli-4lu-kalin-duz-ajda-bilezik-kelepce-238\/"},"modified":"2026-04-14T09:21:55","modified_gmt":"2026-04-14T06:21:55","slug":"toptan-altin-renk-gold-detayli-4lu-kalin-duz-ajda-bilezik-kelepce-238","status":"publish","type":"product","link":"https:\/\/www.xladyaccessories.com\/de\/produkt\/toptan-altin-renk-gold-detayli-4lu-kalin-duz-ajda-bilezik-kelepce-238\/","title":{"rendered":"Toptan Alt\u0131n Renk Gold Detayl\u0131 4\u2019l\u00fc Kal\u0131n D\u00fcz Ajda Bilezik Kelep\u00e7e- 238"},"content":{"rendered":"<p>\u00a0<\/p>\n<p>\u00a0<\/p>\n<p>\u00a0<\/p>\n<p>\u00a0<\/p>\n<p>\u00a0<\/p>\n<p>\u00a0<\/p>\n<p>\u00a0<\/p>\n<p>\u00a0<\/p>\n<p>\u00a0<\/p>\n<p>\u00a0<\/p>\n<p>\u00a0<\/p>\n<p>\u00a0<\/p>\n<p>\u00a0<\/p>\n<p>\u00a0<\/p>\n<p>\u00a0<\/p>\n<p>\u00a0<\/p>\n<p>\u00a0<\/p>\n<p>\u00a0<\/p>\n<p>\u00a0<\/p>\n<p>\u00a0<\/p>\n<p>\u00a0<\/p>\n<p>\u00a0<\/p>\n<p>\u00a0<\/p>\n<p>\u00a0<\/p>\n<p>\u00a0<\/p>\n<p>\u00a0<\/p>\n<p>\u00a0<\/p>\n<p>\u00a0<\/p>\n<p>\u00a0<\/p>\n<p>\u00a0<\/p>\n<p>\u00a0<\/p>\n<div><span style=\"font-size: inherit;font-style: inherit;font-weight: inherit;line-height: 72.0px;font-family: comic sans ms;color: #ff0000\"><strong><img decoding=\"async\" alt=\"prapazar.com-Marktplatz-Woocommerce-Integration\" src=\"https:\/\/www.xladyaccessories.com\/wp-content\/uploads\/2024\/07\/HTB1oCbxd8DH8KJjy1zeq6xjepXaA.jpg\" style=\"cursor: default\" title=\"\"><img decoding=\"async\" alt=\"prapazar.com-Marktplatz-Woocommerce-Integration\" src=\"https:\/\/www.xladyaccessories.com\/wp-content\/uploads\/2024\/07\/HTB1Z7fyd3vD8KJjy0Flq6ygBFXaW.jpg\" title=\"\"><img decoding=\"async\" alt=\"prapazar.com-Marktplatz-Woocommerce-Integration\" src=\"https:\/\/www.xladyaccessories.com\/wp-content\/uploads\/2024\/07\/HTB1n_3Hakfb_uJkSndVq6yBkpXat.jpg\" title=\"\"><img decoding=\"async\" alt=\"prapazar.com-Marktplatz-Woocommerce-Integration\" src=\"https:\/\/www.xladyaccessories.com\/wp-content\/uploads\/2024\/07\/HTB1jOHFdYYI8KJjy0Faq6zAiVXa9.jpg\" style=\"cursor: default\" title=\"\"><img decoding=\"async\" alt=\"prapazar.com-Marktplatz-Woocommerce-Integration\" src=\"https:\/\/www.xladyaccessories.com\/wp-content\/uploads\/2024\/07\/HTB1XT_Ad3fH8KJjy1zcq6ATzpXaU.jpg\" title=\"\"><img decoding=\"async\" alt=\"prapazar.com-Marktplatz-Woocommerce-Integration\" src=\"https:\/\/www.xladyaccessories.com\/wp-content\/uploads\/2024\/07\/HTB19.5aVHM8KJjSZFwq6AibXXaG.jpg\" title=\"\"><\/strong><\/span><\/div>\n<p>\u00a0<\/p>\n<p>\u00a0<\/p>\n<p>\u00a0<\/p>\n<p>\u00a0<\/p>\n<p>\u00a0<\/p>\n<p>\u00a0<\/p>\n<p>\u00a0<\/p>\n<p>\u00a0<\/p>\n<p>\u00a0<\/p>\n<p>\u00a0<\/p>\n<p>\u00a0<\/p>\n<p>\u00a0<\/p>\n<p>\u00a0<\/p>\n<p>\u00a0<\/p>\n<p>\u00a0<\/p>\n<div>\n<div><span style=\"font-size: inherit;font-style: inherit;font-weight: inherit;line-height: 72.0px;font-family: comic sans ms;color: #ff0000\">Der Durchmesser des goldfarbenen Armbandes betr\u00e4gt 16 cm.<\/span><\/div>\n<div><span style=\"font-size: inherit;font-style: inherit;font-weight: inherit;line-height: 72.0px;font-family: comic sans ms;color: #ff0000\">Sie k\u00f6nnen Ihren Namen per Laserschrift auf das Produkt schreiben lassen.<\/span><\/div>\n<\/div>\n<p>\u00a0<\/p>\n<p>\u00a0<\/p>\n<p>\u00a0<\/p>\n<p>\u00a0<\/p>\n<p>\u00a0<\/p>\n<p>\u00a0<\/p>\n<p>\u00a0<\/p>\n<p>\u00a0<\/p>\n<p>\u00a0<\/p>\n<p>\u00a0<\/p>\n<p>\u00a0<\/p>\n<p>\u00a0<\/p>\n<p>\u00a0<\/p>\n<p>\u00a0<\/p>\n<p>\u00a0<\/p>\n<div>\u00a0<\/div>\n<p>\u00a0<\/p>\n<p>\u00a0<\/p>\n<p>\u00a0<\/p>\n<p>\u00a0<\/p>\n<p>\u00a0<\/p>\n<p>\u00a0<\/p>\n<p>\u00a0<\/p>\n<p>\u00a0<\/p>\n<p>\u00a0<\/p>\n<p>\u00a0<\/p>\n<p>\u00a0<\/p>\n<p>\u00a0<\/p>\n<p>\u00a0<\/p>\n<p>\u00a0<\/p>\n<p>\u00a0<\/p>\n<p>window.adminAccountId=229896653;<\/p>\n<p>\u00a0<\/p>\n<p>\u00a0<\/p>\n<p>\u00a0<\/p>\n<p>\u00a0<\/p>\n<p>\u00a0<\/p>\n<p>\u00a0<\/p>\n<p>\u00a0<\/p>\n<p>\u00a0<\/p>\n<p>\u00a0<\/p>\n<p>\u00a0<\/p>\n<p><span style=\"font-size:11px\">Bei unseren Produkten handelt es sich um Massenproduktionsprodukte. Abh\u00e4ngig von der Marktverf\u00fcgbarkeit k\u00f6nnen geringf\u00fcgige Unterschiede bei den Produkten auftreten, ohne das Hauptthema zu st\u00f6ren. Wie zum Beispiel Kettenst\u00e4rke, Ringl\u00e4nge und so weiter.<\/span><\/p>","protected":false},"excerpt":{"rendered":"<p>X-Lady-Zubeh\u00f6r<\/p>\n<p>Sie k\u00f6nnen mindestens 12 St\u00fcck eines Produkts kaufen.<\/p>","protected":false},"featured_media":24700,"comment_status":"closed","ping_status":"open","template":"","meta":[],"product_brand":[],"product_cat":[15],"product_tag":[],"class_list":{"0":"post-24683","1":"product","2":"type-product","3":"status-publish","4":"has-post-thumbnail","6":"product_cat-diger-urunler","8":"first","9":"outofstock","10":"taxable","11":"shipping-taxable","12":"purchasable","13":"product-type-simple"},"_links":{"self":[{"href":"https:\/\/www.xladyaccessories.com\/de\/wp-json\/wp\/v2\/product\/24683","targetHints":{"allow":["GET"]}}],"collection":[{"href":"https:\/\/www.xladyaccessories.com\/de\/wp-json\/wp\/v2\/product"}],"about":[{"href":"https:\/\/www.xladyaccessories.com\/de\/wp-json\/wp\/v2\/types\/product"}],"replies":[{"embeddable":true,"href":"https:\/\/www.xladyaccessories.com\/de\/wp-json\/wp\/v2\/comments?post=24683"}],"wp:featuredmedia":[{"embeddable":true,"href":"https:\/\/www.xladyaccessories.com\/de\/wp-json\/wp\/v2\/media\/24700"}],"wp:attachment":[{"href":"https:\/\/www.xladyaccessories.com\/de\/wp-json\/wp\/v2\/media?parent=24683"}],"wp:term":[{"taxonomy":"product_brand","embeddable":true,"href":"https:\/\/www.xladyaccessories.com\/de\/wp-json\/wp\/v2\/product_brand?post=24683"},{"taxonomy":"product_cat","embeddable":true,"href":"https:\/\/www.xladyaccessories.com\/de\/wp-json\/wp\/v2\/product_cat?post=24683"},{"taxonomy":"product_tag","embeddable":true,"href":"https:\/\/www.xladyaccessories.com\/de\/wp-json\/wp\/v2\/product_tag?post=24683"}],"curies":[{"name":"wp","href":"https:\/\/api.w.org\/{rel}","templated":true}]}}