{"id":23972,"date":"2024-01-18T08:51:09","date_gmt":"2024-01-18T05:51:09","guid":{"rendered":"https:\/\/www.xladyaccessories.com\/urun\/gumus-renk-mor-tas-kalp-sekil-lovely-zirkon-pandora-yuzuk-ayarlanabilir-her-parmaga-olur-2978\/"},"modified":"2026-04-21T09:21:24","modified_gmt":"2026-04-21T06:21:24","slug":"toptan-gumus-renk-mor-tas-kalp-sekil-lovely-zirkon-pandora-yuzuk-ayarlanabilir-her-parmaga-olur-2978","status":"publish","type":"product","link":"https:\/\/www.xladyaccessories.com\/de\/produkt\/silberfarbe-lila-stein-herzform-schoner-zirkon-pandora-ring-verstellbar-passt-an-jeden-finger-2978\/","title":{"rendered":"Toptan G\u00fcm\u00fc\u015f Renk Mor Ta\u015f Kalp \u015eekil Lovely  Zirkon Pandora Y\u00fcz\u00fck Ayarlanabilir Her Parma\u011fa Olur  &#8211; 2978"},"content":{"rendered":"<div class=\"detailmodule_html\">\n<div class=\"detail-desc-decorate-richtext\">\n<div>\n<p>Die Gr\u00f6\u00dfe ist verstellbar und passt auf alle Finger.<\/p>\n<p>Metall: Bronze.<\/p>\n<p>Stein: Zirkon.<\/p>\n<p>Produktgewicht: 3,00 Grd (+-). Aufgrund von Zirkon-Edelsteinen kann es zu einer Abweichung von %5 beim angegebenen durchschnittlichen Produktgewicht kommen.<\/p>\n<p>Spezielle Beschichtung gegen Allergien, Oxidation und Verdunkelung. Solange es von Chemikalien wie Creme, Wasser und Parf\u00fcm ferngehalten wird, verl\u00e4ngert sich die Nutzungsdauer des Produkts.<\/p>\n<\/p><\/div>\n<div>\n<p>\u00a0<\/p>\n<p>EIGENSCHAFTEN DES ZIRKONSTEINS<\/p>\n<p>H\u00e4rte: 7,5<\/p>\n<p>Spezifisches Gewicht: 3,9 \u2013 4,7<\/p>\n<p>Chemische Formel: ZrSiO4<\/p>\n<p>Farbe: Farblos, Braun, Gr\u00fcn, Rot, Gelb, Blau<\/p>\n<p>Hauptherkunftsl\u00e4nder: Australien<\/p>\n<p>Strukturelle Eigenschaften<\/p>\n<p>Seine wahre Farbe ist braun. Vor dem Gebrauch wird es in der Regel erhitzt und abgewartet, bis es transparent wird. Er ist einer der bekanntesten Steine in der Schmuckklasse. Dieser Stein ist auch die wichtigste Quelle des Elements Zirkonium. Es ist der wertvollste und seltenste farblose Zirkonstein, der als Schmuck verwendet wird. Es \u00e4hnelt Diamant und der einzige Unterschied besteht darin, dass es weicher als Diamant ist. Es ist weich (ca. 2,5 Mohs).<\/p>\n<p>\u00a0<\/p>\n<p>Vorteile von Zirkon<\/p>\n<p>Dieser Stein ist einer der seltenen Steine, der wirklich wertvoll ist und viele Vorteile hat. Der Name Zirkon leitet sich vom persischen Wort \u201eZargun\u201c ab, was \u201egoldene Farbe\u201c bedeutet. Kurz und anschaulich sind die Vorteile von Zirkonstein f\u00fcr den Menschen:<\/p>\n<p>Es kann sich sehr positiv auf das Verdauungssystem auswirken. (Bei Dick- und D\u00fcnndarmbewegungen)<\/p>\n<p>Entspannt und erleichtert den Schlaf,<\/p>\n<p>Es kann geistige Aktivit\u00e4ten beschleunigen,<\/p>\n<p>Es sorgt f\u00fcr Ausgeglichenheit im emotionalen Bereich,<\/p>\n<p>Es sorgt f\u00fcr den Energiehaushalt der Person,<\/p>\n<p>Es bietet sowohl Eleganz als auch ein schnelleres Gef\u00fchl der Akzeptanz in der Gesellschaft.<\/p>\n<p>Es hilft der Person, Probleme wie Essen und Trinken zu l\u00f6sen (es regt den Appetit an).<\/p>\n<\/p><\/div><\/div><\/div>\n<p> window.adminAccountId=222258222;<\/p>\n<p><span style=\"font-size:11px\">Bei unseren Produkten handelt es sich um Massenproduktionsprodukte. Abh\u00e4ngig von der Marktverf\u00fcgbarkeit k\u00f6nnen geringf\u00fcgige Unterschiede bei den Produkten auftreten, ohne das Hauptthema zu st\u00f6ren. Wie zum Beispiel Kettenst\u00e4rke, Ringl\u00e4nge und so weiter.<\/span><\/p>","protected":false},"excerpt":{"rendered":"<p>Stilvolle Zirkonringe<\/p>","protected":false},"featured_media":23973,"comment_status":"closed","ping_status":"open","template":"","meta":[],"product_brand":[],"product_cat":[102],"product_tag":[],"class_list":{"0":"post-23972","1":"product","2":"type-product","3":"status-publish","4":"has-post-thumbnail","6":"product_cat-zirkon-yuzuk","8":"first","9":"outofstock","10":"taxable","11":"shipping-taxable","12":"purchasable","13":"product-type-simple"},"_links":{"self":[{"href":"https:\/\/www.xladyaccessories.com\/de\/wp-json\/wp\/v2\/product\/23972","targetHints":{"allow":["GET"]}}],"collection":[{"href":"https:\/\/www.xladyaccessories.com\/de\/wp-json\/wp\/v2\/product"}],"about":[{"href":"https:\/\/www.xladyaccessories.com\/de\/wp-json\/wp\/v2\/types\/product"}],"replies":[{"embeddable":true,"href":"https:\/\/www.xladyaccessories.com\/de\/wp-json\/wp\/v2\/comments?post=23972"}],"wp:featuredmedia":[{"embeddable":true,"href":"https:\/\/www.xladyaccessories.com\/de\/wp-json\/wp\/v2\/media\/23973"}],"wp:attachment":[{"href":"https:\/\/www.xladyaccessories.com\/de\/wp-json\/wp\/v2\/media?parent=23972"}],"wp:term":[{"taxonomy":"product_brand","embeddable":true,"href":"https:\/\/www.xladyaccessories.com\/de\/wp-json\/wp\/v2\/product_brand?post=23972"},{"taxonomy":"product_cat","embeddable":true,"href":"https:\/\/www.xladyaccessories.com\/de\/wp-json\/wp\/v2\/product_cat?post=23972"},{"taxonomy":"product_tag","embeddable":true,"href":"https:\/\/www.xladyaccessories.com\/de\/wp-json\/wp\/v2\/product_tag?post=23972"}],"curies":[{"name":"wp","href":"https:\/\/api.w.org\/{rel}","templated":true}]}}