{"id":23870,"date":"2023-12-28T14:29:31","date_gmt":"2023-12-28T11:29:31","guid":{"rendered":"https:\/\/www.xladyaccessories.com\/urun\/altin-renk-turkuaz-yuvarlak-pandora-zirkon-bileklik-2965\/"},"modified":"2026-04-15T19:21:28","modified_gmt":"2026-04-15T16:21:28","slug":"toptan-altin-renk-turkuaz-yuvarlak-pandora-zirkon-bileklik-2965","status":"publish","type":"product","link":"https:\/\/www.xladyaccessories.com\/de\/produkt\/goldfarbenes-turkisfarbenes-rundes-pandora-zirkon-armband-2965\/","title":{"rendered":"Toptan Alt\u0131n Renk Turkuaz Yuvarlak Pandora Zirkon Bileklik &#8211; 2965"},"content":{"rendered":"<p><strong>Zirkon-Stein-Armband<\/strong><\/p>\n<p>Das Zirkonstein-Armband ist eine perfekte Kombination aus \u00c4sthetik und Eleganz und soll jeden Moment zu etwas Besonderem machen. Ob im Alltag oder bei besonderen Anl\u00e4ssen, dieses Armband wird Sie elegant erg\u00e4nzen.<\/p>\n<p><strong>Produktmerkmale:<\/strong><\/p>\n<ul>\n<li><strong>Qualit\u00e4tsmaterial:<\/strong>\u00a0Das Zirkonarmband besteht aus hochwertigen Materialien, die langlebig sind und ihren Glanz lange behalten.<\/li>\n<li><strong>Details zum Zirkonstein:<\/strong> Die Zirkonsteine auf dem Armband reflektieren das Licht wundersch\u00f6n und bieten bei jedem Blick einen faszinierenden Glanz.<\/li>\n<li><strong>Elegantes Design:<\/strong> Fein gearbeitete Details machen das Armband sowohl stilvoll als auch elegant. Man hat das Gef\u00fchl, ein Kunstwerk am Handgelenk zu tragen.<\/li>\n<li><strong>Einstellbare L\u00e4nge:<\/strong> Durch die verstellbare L\u00e4nge des Armbandes passt es sich problemlos an unterschiedliche Handgelenkgr\u00f6\u00dfen an.<\/li>\n<li><strong>Leicht und bequem:<\/strong> Dank seiner leichten Struktur verursacht es keine Beschwerden am Handgelenk und ist eine ideale Option f\u00fcr den t\u00e4glichen Gebrauch.<\/li>\n<\/ul>\n<p><strong>Produktverwendung und -pflege:<\/strong> Zirkon-Stein-Armb\u00e4nder erfordern sorgf\u00e4ltige Verwendung und Wartung. Sie k\u00f6nnen die Langlebigkeit des Armbandes sicherstellen, indem Sie \u00fcberm\u00e4\u00dfige St\u00f6\u00dfe vermeiden. Dar\u00fcber hinaus tr\u00e4gt die Vermeidung des Kontakts mit chemischen Produkten wie Parf\u00fcm und Lotion dazu bei, dass die Steine ihren Glanz behalten. Es wird empfohlen, zur Reinigung ein weiches Tuch zu verwenden.<\/p>\n<p>Das Armband aus Zirkonsteinen vereint Eleganz und \u00c4sthetik. Dieses aus hochwertigen Materialien gefertigte Armband zieht mit seinen Zirkonsteindetails alle Blicke auf sich. Dank der verstellbaren L\u00e4nge passt es sich unterschiedlichen Handgelenkgr\u00f6\u00dfen an. Es zeichnet sich durch seine leichte, alltagstaugliche Struktur aus. Mit seinem eleganten Design passt es sich jedem Stil an. Bei der Verwendung des Produkts ist es wichtig, \u00fcberm\u00e4\u00dfige St\u00f6\u00dfe zu vermeiden. Es wird empfohlen, zur Reinigung ein sanftes Tuch zu verwenden.<\/p>\n<p>Das Zirkonstein-Armband ist ein ideales Accessoire f\u00fcr diejenigen, die Eleganz und Eleganz lieben. Vervollst\u00e4ndigen Sie Ihren Stil, indem Sie jetzt dieses Produkt kaufen, das \u00c4sthetik und Qualit\u00e4t vereint.<\/p>\n<p><span style=\"font-size:11px\">Bei unseren Produkten handelt es sich um Massenproduktionsprodukte. Abh\u00e4ngig von der Marktverf\u00fcgbarkeit k\u00f6nnen geringf\u00fcgige Unterschiede bei den Produkten auftreten, ohne das Hauptthema zu st\u00f6ren. Wie zum Beispiel Kettenst\u00e4rke, Ringl\u00e4nge und so weiter.<\/span><\/p>","protected":false},"excerpt":{"rendered":"<p>Stilvolle Zirkonarmb\u00e4nder<\/p>","protected":false},"featured_media":23871,"comment_status":"closed","ping_status":"open","template":"","meta":[],"product_brand":[],"product_cat":[93],"product_tag":[],"class_list":{"0":"post-23870","1":"product","2":"type-product","3":"status-publish","4":"has-post-thumbnail","6":"product_cat-zirkon-bileklik","8":"first","9":"outofstock","10":"taxable","11":"shipping-taxable","12":"purchasable","13":"product-type-simple"},"_links":{"self":[{"href":"https:\/\/www.xladyaccessories.com\/de\/wp-json\/wp\/v2\/product\/23870","targetHints":{"allow":["GET"]}}],"collection":[{"href":"https:\/\/www.xladyaccessories.com\/de\/wp-json\/wp\/v2\/product"}],"about":[{"href":"https:\/\/www.xladyaccessories.com\/de\/wp-json\/wp\/v2\/types\/product"}],"replies":[{"embeddable":true,"href":"https:\/\/www.xladyaccessories.com\/de\/wp-json\/wp\/v2\/comments?post=23870"}],"wp:featuredmedia":[{"embeddable":true,"href":"https:\/\/www.xladyaccessories.com\/de\/wp-json\/wp\/v2\/media\/23871"}],"wp:attachment":[{"href":"https:\/\/www.xladyaccessories.com\/de\/wp-json\/wp\/v2\/media?parent=23870"}],"wp:term":[{"taxonomy":"product_brand","embeddable":true,"href":"https:\/\/www.xladyaccessories.com\/de\/wp-json\/wp\/v2\/product_brand?post=23870"},{"taxonomy":"product_cat","embeddable":true,"href":"https:\/\/www.xladyaccessories.com\/de\/wp-json\/wp\/v2\/product_cat?post=23870"},{"taxonomy":"product_tag","embeddable":true,"href":"https:\/\/www.xladyaccessories.com\/de\/wp-json\/wp\/v2\/product_tag?post=23870"}],"curies":[{"name":"wp","href":"https:\/\/api.w.org\/{rel}","templated":true}]}}