{"id":23612,"date":"2023-11-14T15:15:00","date_gmt":"2023-11-14T12:15:00","guid":{"rendered":"https:\/\/www.xladyaccessories.com\/urun\/gumus-renk-kadin-barok-kilit-dumen-incili-kolye-2910\/"},"modified":"2026-04-04T19:21:04","modified_gmt":"2026-04-04T16:21:04","slug":"toptan-gumus-renk-kadin-barok-kilit-dumen-incili-kolye-2910","status":"publish","type":"product","link":"https:\/\/www.xladyaccessories.com\/de\/produkt\/groshandel-silber-farbe-frauen-barock-schloss-rumen-perlenkette-2910\/","title":{"rendered":"Gro\u00dfhandel Silber Farbe frauen Barock Schloss Ruder Perle Halskette-2910"},"content":{"rendered":"<div>\n<div>100% Neues Produkt<\/div>\n<div>Typ: Halskette<\/div>\n<div>Material: Legierung<\/div><\/div>\n<div>\u00a0<\/div>\n<div>Ein hochwertiger Schmuck.; Es enth\u00e4lt kein Nickel; Es ist antiallergisch; Es verdunkelt sich nicht, es sei denn, es wird mit Chemikalien in Kontakt gebracht.<\/div>\n<div>\u00a0<\/div>\n<div>Die Nutzungsdauer des Zubeh\u00f6rs verl\u00e4ngert sich, sofern es von Parf\u00fcm, Seife, Alkohol und \u00e4hnlichen Chemikalien ferngehalten wird. Auf das Produkt wurde eine spezielle Schutzschicht gegen Allergien, Oxidation und Verdunkelung aufgetragen.<\/div>\n<div>\u00a0<\/div>\n<div>\n<p>Diese neue Halskette 100% ist eine perfekte Option, um Ihren einzigartigen Stil und Ihre Eleganz zu unterstreichen und zieht mit ihrer auff\u00e4lligen Eleganz alle Blicke auf sich. Diese einzigartige Halskette aus einem speziellen Legierungsmaterial f\u00e4llt auch durch die hochwertige Schmuckverarbeitung auf.<\/p>\n<p>Dank der Allergiefreiheit und der speziellen Schutzbeschichtung bietet diese pr\u00e4chtige Halskette eine langfristige Verwendung. Da es kein Nickel enth\u00e4lt und anlaufgesch\u00fctzt ist, beh\u00e4lt es immer seinen Glanz wie am ersten Tag.<\/p>\n<p>Diese aus hochwertigen Materialien hergestellte Halskette zeichnet sich dadurch aus, dass sie lange h\u00e4lt, wenn sie von Chemikalien wie Parf\u00fcm, Seife, Alkohol und Kontakt mit fl\u00fcssigen Chemikalien wie Wasser und Reinigungsmittel ferngehalten wird.<\/p>\n<p>Diese Halskette spiegelt Ihren einzigartigen Stil und Ihre pers\u00f6nliche Einstellung wider und macht Sie zu etwas Besonderem, indem sie jeder Kombination eine elegante Note verleiht. Diese Halskette ist ideal f\u00fcr den t\u00e4glichen Gebrauch und die perfekte Option, um Ihre Eleganz zu besonderen Anl\u00e4ssen zu vervollst\u00e4ndigen. Dieses einzigartige St\u00fcck, das Sie in Ihren wertvollsten Momenten widerspiegelt, verleiht Ihrer Eleganz Eleganz.<\/p>\n<\/p><\/div>\n<div>\u00a0<\/div>\n<div>\u00a0<\/div>\n<p><span style=\"font-size:11px\">Bei unseren Produkten handelt es sich um Massenproduktionsprodukte. Abh\u00e4ngig von der Marktverf\u00fcgbarkeit k\u00f6nnen geringf\u00fcgige Unterschiede bei den Produkten auftreten, ohne das Hauptthema zu st\u00f6ren. Wie zum Beispiel Kettenst\u00e4rke, Ringl\u00e4nge und so weiter.<\/span><\/p>","protected":false},"excerpt":{"rendered":"<p>Stilvolle Bijouterie-Halsketten<\/p>","protected":false},"featured_media":23613,"comment_status":"closed","ping_status":"open","template":"","meta":[],"product_brand":[],"product_cat":[24],"product_tag":[],"class_list":{"0":"post-23612","1":"product","2":"type-product","3":"status-publish","4":"has-post-thumbnail","6":"product_cat-bijuteri-kolye","8":"first","9":"instock","10":"taxable","11":"shipping-taxable","12":"purchasable","13":"product-type-simple"},"_links":{"self":[{"href":"https:\/\/www.xladyaccessories.com\/de\/wp-json\/wp\/v2\/product\/23612","targetHints":{"allow":["GET"]}}],"collection":[{"href":"https:\/\/www.xladyaccessories.com\/de\/wp-json\/wp\/v2\/product"}],"about":[{"href":"https:\/\/www.xladyaccessories.com\/de\/wp-json\/wp\/v2\/types\/product"}],"replies":[{"embeddable":true,"href":"https:\/\/www.xladyaccessories.com\/de\/wp-json\/wp\/v2\/comments?post=23612"}],"wp:featuredmedia":[{"embeddable":true,"href":"https:\/\/www.xladyaccessories.com\/de\/wp-json\/wp\/v2\/media\/23613"}],"wp:attachment":[{"href":"https:\/\/www.xladyaccessories.com\/de\/wp-json\/wp\/v2\/media?parent=23612"}],"wp:term":[{"taxonomy":"product_brand","embeddable":true,"href":"https:\/\/www.xladyaccessories.com\/de\/wp-json\/wp\/v2\/product_brand?post=23612"},{"taxonomy":"product_cat","embeddable":true,"href":"https:\/\/www.xladyaccessories.com\/de\/wp-json\/wp\/v2\/product_cat?post=23612"},{"taxonomy":"product_tag","embeddable":true,"href":"https:\/\/www.xladyaccessories.com\/de\/wp-json\/wp\/v2\/product_tag?post=23612"}],"curies":[{"name":"wp","href":"https:\/\/api.w.org\/{rel}","templated":true}]}}