{"id":23571,"date":"2023-10-20T14:06:16","date_gmt":"2023-10-20T11:06:16","guid":{"rendered":"https:\/\/www.xladyaccessories.com\/urun\/gumus-renk-kadin-silver-renk-top-zincir-bileklik-2907\/"},"modified":"2026-04-16T04:52:17","modified_gmt":"2026-04-16T01:52:17","slug":"toptan-gumus-renk-kadin-silver-renk-top-zincir-bileklik-2907","status":"publish","type":"product","link":"https:\/\/www.xladyaccessories.com\/de\/produkt\/silberfarbenes-damen-kugelkettenarmband-in-silberfarbe-2907\/","title":{"rendered":"Gro\u00dfhandel Silber Farbe Frauen Silber Farbe Kugelkette Armband - 2907"},"content":{"rendered":"<p>100% Neues Produkt<\/p>\n<p>Typ: Armband<\/p>\n<p>Material: Legierung<\/p>\n<p>\u00a0<\/p>\n<p>\u00a0<\/p>\n<p>Ein hochwertiger Schmuck.; Es enth\u00e4lt kein Nickel; Es ist antiallergisch; Es verdunkelt sich nicht, es sei denn, es wird mit Chemikalien in Kontakt gebracht.<\/p>\n<p>Die Nutzungsdauer des Zubeh\u00f6rs verl\u00e4ngert sich, wenn es von Parf\u00fcm, Seife, Alkohol und \u00e4hnlichen Chemikalien ferngehalten wird.<\/p>\n<p>Auf das Produkt wurde eine spezielle Schutzschicht gegen Allergien, Oxidation und Verdunkelung aufgebracht.<\/p>\n<p>Es wird empfohlen, es von Parf\u00fcm, Wasser, Reinigungsmitteln und fl\u00fcssigen Chemikalien fernzuhalten.<\/p>\n<p>Es wird Ihrer Eleganz Eleganz verleihen.<\/p>\n<p><span style=\"font-size:11px\">Bei unseren Produkten handelt es sich um Massenproduktionsprodukte. Abh\u00e4ngig von der Marktverf\u00fcgbarkeit k\u00f6nnen geringf\u00fcgige Unterschiede bei den Produkten auftreten, ohne das Hauptthema zu st\u00f6ren. Wie zum Beispiel Kettenst\u00e4rke, Ringl\u00e4nge und so weiter.<\/span><\/p>","protected":false},"excerpt":{"rendered":"<p>Stilvolle Armb\u00e4nder<\/p>","protected":false},"featured_media":23572,"comment_status":"closed","ping_status":"open","template":"","meta":[],"product_brand":[],"product_cat":[42],"product_tag":[],"class_list":{"0":"post-23571","1":"product","2":"type-product","3":"status-publish","4":"has-post-thumbnail","6":"product_cat-bijuteri-bileklik","8":"first","9":"instock","10":"taxable","11":"shipping-taxable","12":"purchasable","13":"product-type-simple"},"_links":{"self":[{"href":"https:\/\/www.xladyaccessories.com\/de\/wp-json\/wp\/v2\/product\/23571","targetHints":{"allow":["GET"]}}],"collection":[{"href":"https:\/\/www.xladyaccessories.com\/de\/wp-json\/wp\/v2\/product"}],"about":[{"href":"https:\/\/www.xladyaccessories.com\/de\/wp-json\/wp\/v2\/types\/product"}],"replies":[{"embeddable":true,"href":"https:\/\/www.xladyaccessories.com\/de\/wp-json\/wp\/v2\/comments?post=23571"}],"wp:featuredmedia":[{"embeddable":true,"href":"https:\/\/www.xladyaccessories.com\/de\/wp-json\/wp\/v2\/media\/23572"}],"wp:attachment":[{"href":"https:\/\/www.xladyaccessories.com\/de\/wp-json\/wp\/v2\/media?parent=23571"}],"wp:term":[{"taxonomy":"product_brand","embeddable":true,"href":"https:\/\/www.xladyaccessories.com\/de\/wp-json\/wp\/v2\/product_brand?post=23571"},{"taxonomy":"product_cat","embeddable":true,"href":"https:\/\/www.xladyaccessories.com\/de\/wp-json\/wp\/v2\/product_cat?post=23571"},{"taxonomy":"product_tag","embeddable":true,"href":"https:\/\/www.xladyaccessories.com\/de\/wp-json\/wp\/v2\/product_tag?post=23571"}],"curies":[{"name":"wp","href":"https:\/\/api.w.org\/{rel}","templated":true}]}}