{"id":23532,"date":"2023-10-19T16:35:58","date_gmt":"2023-10-19T13:35:58","guid":{"rendered":"https:\/\/www.xladyaccessories.com\/urun\/gumus-renk-sf-zincir-bodrum-boncuk-detayli-celik-halhal-2904\/"},"modified":"2026-04-27T19:21:10","modified_gmt":"2026-04-27T16:21:10","slug":"toptan-gumus-renk-sf-zincir-bodrum-boncuk-detayli-celik-halhal-2904","status":"publish","type":"product","link":"https:\/\/www.xladyaccessories.com\/de\/produkt\/groshandel-silberfarbene-sf-kette-kellerperlen-detailliertes-stahl-fuskettchen-2904\/","title":{"rendered":"Gro\u00dfhandel Silberfarbene SF-Kette Bodrum-Perlen-verzierter Stahl-Fu\u00dfkettchen \u2013 2904"},"content":{"rendered":"<div class=\"detailmodule_html\">\n<div class=\"detail-desc-decorate-richtext\">\n<div>\n<ul>\n<li>\n<p>Es verdunkelt oder verblasst nicht und ist zudem antiallergisch.<br \/> \tEs besteht aus Stahl der h\u00f6chsten Klasse.<br \/> \tDeshalb ist es antiallergisch und farbgarantiert.<br \/> \tProduktmaterial ist Stahl und Zirkonstein.<\/p>\n<p> \tDie Modelle unserer gesamten Covering-Kollektion zeichnen sich durch g\u00fcnstige Preise und Langlebigkeit aus.\u00a0<br \/> \t- Verdunkelt sich nicht<\/p>\n<p>-Edelstahl<\/p>\n<p>-Geeignet f\u00fcr den t\u00e4glichen Gebrauch<\/p>\n<p>-Geeignet f\u00fcr den Langzeitgebrauch<\/p>\n<p>-Wasserdicht\u00a0<br \/> \t\u00a0<\/p>\n<p><strong>Technische Spezifikationen des Produkts:<\/strong><\/p>\n<\/li>\n<li>Material ist Stahl\u00a0<\/li>\n<li>Da es den Allergietest erfolgreich bestanden hat, ist es auch f\u00fcr empfindliche Haut geeignet.<\/li>\n<li>Da das Material des Produkts aus Stahl besteht, k\u00f6nnen Sie es beruhigt unter der Dusche, auf See, in der W\u00e4scherei, beim Geschirrsp\u00fclen und an \u00e4hnlichen Orten verwenden.<\/li>\n<\/ul>\n<p>\u00a0<\/p>\n<\/p><\/div><\/div><\/div>\n<p><span style=\"font-size:11px\">Bei unseren Produkten handelt es sich um Massenproduktionsprodukte. Abh\u00e4ngig von der Marktverf\u00fcgbarkeit k\u00f6nnen geringf\u00fcgige Unterschiede bei den Produkten auftreten, ohne das Hauptthema zu st\u00f6ren. Wie zum Beispiel Kettenst\u00e4rke, Ringl\u00e4nge und so weiter.<\/span><\/p>","protected":false},"excerpt":{"rendered":"<p>Stilvolle Fu\u00dfkettchen aus Stahl<\/p>","protected":false},"featured_media":23533,"comment_status":"closed","ping_status":"open","template":"","meta":[],"product_brand":[],"product_cat":[128],"product_tag":[],"class_list":{"0":"post-23532","1":"product","2":"type-product","3":"status-publish","4":"has-post-thumbnail","6":"product_cat-celik-halhallar","8":"first","9":"outofstock","10":"taxable","11":"shipping-taxable","12":"purchasable","13":"product-type-simple"},"_links":{"self":[{"href":"https:\/\/www.xladyaccessories.com\/de\/wp-json\/wp\/v2\/product\/23532","targetHints":{"allow":["GET"]}}],"collection":[{"href":"https:\/\/www.xladyaccessories.com\/de\/wp-json\/wp\/v2\/product"}],"about":[{"href":"https:\/\/www.xladyaccessories.com\/de\/wp-json\/wp\/v2\/types\/product"}],"replies":[{"embeddable":true,"href":"https:\/\/www.xladyaccessories.com\/de\/wp-json\/wp\/v2\/comments?post=23532"}],"wp:featuredmedia":[{"embeddable":true,"href":"https:\/\/www.xladyaccessories.com\/de\/wp-json\/wp\/v2\/media\/23533"}],"wp:attachment":[{"href":"https:\/\/www.xladyaccessories.com\/de\/wp-json\/wp\/v2\/media?parent=23532"}],"wp:term":[{"taxonomy":"product_brand","embeddable":true,"href":"https:\/\/www.xladyaccessories.com\/de\/wp-json\/wp\/v2\/product_brand?post=23532"},{"taxonomy":"product_cat","embeddable":true,"href":"https:\/\/www.xladyaccessories.com\/de\/wp-json\/wp\/v2\/product_cat?post=23532"},{"taxonomy":"product_tag","embeddable":true,"href":"https:\/\/www.xladyaccessories.com\/de\/wp-json\/wp\/v2\/product_tag?post=23532"}],"curies":[{"name":"wp","href":"https:\/\/api.w.org\/{rel}","templated":true}]}}