{"id":22815,"date":"2023-10-13T13:54:06","date_gmt":"2023-10-13T10:54:06","guid":{"rendered":"https:\/\/www.xladyaccessories.com\/urun\/simit-puantiyeli-model-karisik-puantiyeli-toka-2881-2\/"},"modified":"2024-06-27T09:40:37","modified_gmt":"2024-06-27T06:40:37","slug":"toptan-simit-puantiyeli-model-karisik-puantiyeli-toka-2881-2","status":"publish","type":"product","link":"https:\/\/www.xladyaccessories.com\/de\/produkt\/bagel-polka-dot-modell-gemischte-polka-dot-schnalle-2881-2\/","title":{"rendered":"Gro\u00dfhandel Bagel Polka Dot Modell Gemischte Polka Dot Schnalle - 2881"},"content":{"rendered":"<p>Je nach Lagerverf\u00fcgbarkeit werden die Produkte auf den Bildern im Mix verschickt.<\/p>\n<p>Haarschmuck ist eine der wichtigsten M\u00f6glichkeiten, Ihren Stil widerzuspiegeln und Ihr Haar sch\u00f6n zu arrangieren. Hochwertige Schnallen f\u00fcr eine Vielzahl von Stilen und Zwecken werden aus nat\u00fcrlichen Materialien, insbesondere Mesh und Stoff, hergestellt.<\/p>\n<p>Unsere Haaraccessoire-Kollektion bietet Optionen f\u00fcr jeden Stil und jedes Bed\u00fcrfnis. Mit den eleganten und minimalistisch gestalteten Pfeilnadeln k\u00f6nnen Sie Ihre Haare auf praktische Weise sammeln. Farbige oder perlenbesetzte elastische Schnallen verleihen Ihrem t\u00e4glichen Stil Farbe und Lebendigkeit. Wenn Sie Ihr Haar jederzeit ordentlich und stilvoll halten m\u00f6chten, k\u00f6nnen Sie sich f\u00fcr unsere W\u00e4scheklammern entscheiden.<\/p>\n<p>Unsere aus hochwertigen Materialien hergestellte und sorgf\u00e4ltig gestaltete Kollektion st\u00e4rkt Ihr Haar und bietet Ihnen zudem die M\u00f6glichkeit, Ihren Stil frei auszudr\u00fccken. Vervollst\u00e4ndigen Sie Ihr Haar mit Haarnadeln, die Sie optimal widerspiegeln und jederzeit stilvoll aussehen.<\/p>\n<p><span style=\"font-size:11px\">Bei unseren Produkten handelt es sich um Massenproduktionsprodukte. Abh\u00e4ngig von der Marktverf\u00fcgbarkeit k\u00f6nnen geringf\u00fcgige Unterschiede bei den Produkten auftreten, ohne das Hauptthema zu st\u00f6ren. Wie zum Beispiel Kettenst\u00e4rke, Ringl\u00e4nge und so weiter.<\/span><\/p>","protected":false},"excerpt":{"rendered":"<p>Stilvolle Schnallen<\/p>","protected":false},"featured_media":22816,"comment_status":"closed","ping_status":"open","template":"","meta":[],"product_brand":[],"product_cat":[103],"product_tag":[],"class_list":{"0":"post-22815","1":"product","2":"type-product","3":"status-publish","4":"has-post-thumbnail","6":"product_cat-toka","8":"first","9":"outofstock","10":"taxable","11":"shipping-taxable","12":"purchasable","13":"product-type-simple"},"_links":{"self":[{"href":"https:\/\/www.xladyaccessories.com\/de\/wp-json\/wp\/v2\/product\/22815","targetHints":{"allow":["GET"]}}],"collection":[{"href":"https:\/\/www.xladyaccessories.com\/de\/wp-json\/wp\/v2\/product"}],"about":[{"href":"https:\/\/www.xladyaccessories.com\/de\/wp-json\/wp\/v2\/types\/product"}],"replies":[{"embeddable":true,"href":"https:\/\/www.xladyaccessories.com\/de\/wp-json\/wp\/v2\/comments?post=22815"}],"wp:featuredmedia":[{"embeddable":true,"href":"https:\/\/www.xladyaccessories.com\/de\/wp-json\/wp\/v2\/media\/22816"}],"wp:attachment":[{"href":"https:\/\/www.xladyaccessories.com\/de\/wp-json\/wp\/v2\/media?parent=22815"}],"wp:term":[{"taxonomy":"product_brand","embeddable":true,"href":"https:\/\/www.xladyaccessories.com\/de\/wp-json\/wp\/v2\/product_brand?post=22815"},{"taxonomy":"product_cat","embeddable":true,"href":"https:\/\/www.xladyaccessories.com\/de\/wp-json\/wp\/v2\/product_cat?post=22815"},{"taxonomy":"product_tag","embeddable":true,"href":"https:\/\/www.xladyaccessories.com\/de\/wp-json\/wp\/v2\/product_tag?post=22815"}],"curies":[{"name":"wp","href":"https:\/\/api.w.org\/{rel}","templated":true}]}}