{"id":22006,"date":"2023-09-21T12:17:26","date_gmt":"2023-09-21T09:17:26","guid":{"rendered":"https:\/\/www.xladyaccessories.com\/urun\/gumus-renk-sf-zincir-bodrum-boncuk-bijuteri-bileklik-2874\/"},"modified":"2026-04-03T22:47:07","modified_gmt":"2026-04-03T19:47:07","slug":"toptan-gumus-renk-sf-zincir-bodrum-boncuk-bijuteri-bileklik-2874","status":"publish","type":"product","link":"https:\/\/www.xladyaccessories.com\/de\/produkt\/silberfarbenes-sf-kettenarmband-mit-bodrum-perlen-2874\/","title":{"rendered":"Gro\u00dfhandel Silberfarbenes Sf-Kettenarmband mit Bodrum-Perlen \u2013 2874"},"content":{"rendered":"<p><strong>Bijouterie-Armband: \u00c4sthetisches und erschwingliches Accessoire<\/strong><\/p>\n<p>Unsere Bijouterie-Armbandkollektion ist eine gro\u00dfartige Option, die Eleganz mit erschwinglichen Preisen verbindet. Dieses Armband, das sich mit seinem eleganten Design und den verschiedenen Farboptionen jedem Stil anpasst, ist ideal, um jeden Moment zu etwas Besonderem zu machen.<\/p>\n<p><strong>Produktmerkmale:<\/strong><\/p>\n<ul>\n<li><strong>Verschiedene Modelle:<\/strong> Unsere Schmuckarmbandkollektion umfasst eine Vielzahl von Modellen, sodass Sie das Modell ausw\u00e4hlen k\u00f6nnen, das zu Ihrem pers\u00f6nlichen Stil passt.<\/li>\n<li><strong>Angemessener Preis:<\/strong> Sie k\u00f6nnen ein hochwertiges Zubeh\u00f6r zu einem g\u00fcnstigen Preis erhalten.<\/li>\n<li><strong>Elegantes Design:<\/strong> Mit feinen Details verziert, vereint das Armband Eleganz und Eleganz.<\/li>\n<li><strong>Leicht und bequem:<\/strong> Dank seiner leichten Struktur k\u00f6nnen Sie es den ganzen Tag \u00fcber bequem verwenden.<\/li>\n<li><strong>Farboptionen:<\/strong> Mit seinen verschiedenen Farboptionen passt es zu jedem Teil Ihrer Garderobe.<\/li>\n<\/ul>\n<p><strong>Produktverwendung und -pflege:<\/strong> Bijouterie-Armb\u00e4nder erfordern eine sorgf\u00e4ltige Verwendung und Pflege. Es ist auf harte St\u00f6\u00dfe zu achten und der Kontakt mit chemischen Produkten wie Parf\u00fcm und Lotion zu vermeiden. Es wird empfohlen, zur Reinigung ein sanftes Tuch zu verwenden.<\/p>\n<p>Unsere Schmuckarmbandkollektion bietet Eleganz zu erschwinglichen Preisen. Durch die Auswahl verschiedener Modelle finden Sie ein Accessoire, das zu Ihrem pers\u00f6nlichen Stil passt. Mit seinem eleganten Design und den verschiedenen Farboptionen ist es die perfekte Erg\u00e4nzung f\u00fcr jeden Stil. Dank der leichten Struktur und den langlebigen Materialien werden Sie lange Freude daran haben. Unsere Schmuckarmb\u00e4nder vereinen hohe Qualit\u00e4t mit g\u00fcnstigen Preisen. Um die Lebensdauer des Produkts zu verl\u00e4ngern, achten Sie darauf, es vorsichtig zu verwenden und zu reinigen.<\/p>\n<p>Mit unserer Bijouterie-Armbandkollektion ist es jetzt viel einfacher und kosteng\u00fcnstiger, Ihren Stil zu vervollst\u00e4ndigen. St\u00f6bern Sie jetzt und erleben Sie Eleganz zu erschwinglichen Preisen.<\/p>\n<p>\u00a0<\/p>\n<p><span style=\"font-size:11px\">Bei unseren Produkten handelt es sich um Massenproduktionsprodukte. Abh\u00e4ngig von der Marktverf\u00fcgbarkeit k\u00f6nnen geringf\u00fcgige Unterschiede bei den Produkten auftreten, ohne das Hauptthema zu st\u00f6ren. Wie zum Beispiel Kettenst\u00e4rke, Ringl\u00e4nge und so weiter.<\/span><\/p>","protected":false},"excerpt":{"rendered":"<p>Stilvolle Bijouterie-Armbandmodelle<\/p>","protected":false},"featured_media":22007,"comment_status":"closed","ping_status":"open","template":"","meta":[],"product_brand":[],"product_cat":[42],"product_tag":[],"class_list":{"0":"post-22006","1":"product","2":"type-product","3":"status-publish","4":"has-post-thumbnail","6":"product_cat-bijuteri-bileklik","8":"first","9":"instock","10":"taxable","11":"shipping-taxable","12":"purchasable","13":"product-type-simple"},"_links":{"self":[{"href":"https:\/\/www.xladyaccessories.com\/de\/wp-json\/wp\/v2\/product\/22006","targetHints":{"allow":["GET"]}}],"collection":[{"href":"https:\/\/www.xladyaccessories.com\/de\/wp-json\/wp\/v2\/product"}],"about":[{"href":"https:\/\/www.xladyaccessories.com\/de\/wp-json\/wp\/v2\/types\/product"}],"replies":[{"embeddable":true,"href":"https:\/\/www.xladyaccessories.com\/de\/wp-json\/wp\/v2\/comments?post=22006"}],"wp:featuredmedia":[{"embeddable":true,"href":"https:\/\/www.xladyaccessories.com\/de\/wp-json\/wp\/v2\/media\/22007"}],"wp:attachment":[{"href":"https:\/\/www.xladyaccessories.com\/de\/wp-json\/wp\/v2\/media?parent=22006"}],"wp:term":[{"taxonomy":"product_brand","embeddable":true,"href":"https:\/\/www.xladyaccessories.com\/de\/wp-json\/wp\/v2\/product_brand?post=22006"},{"taxonomy":"product_cat","embeddable":true,"href":"https:\/\/www.xladyaccessories.com\/de\/wp-json\/wp\/v2\/product_cat?post=22006"},{"taxonomy":"product_tag","embeddable":true,"href":"https:\/\/www.xladyaccessories.com\/de\/wp-json\/wp\/v2\/product_tag?post=22006"}],"curies":[{"name":"wp","href":"https:\/\/api.w.org\/{rel}","templated":true}]}}