{"id":21954,"date":"2023-09-13T09:15:00","date_gmt":"2023-09-13T06:15:00","guid":{"rendered":"https:\/\/www.xladyaccessories.com\/urun\/altin-renk-yuvarlak-yildiz-kombin-somon-boncuk-kupe-2864\/"},"modified":"2026-04-03T19:20:09","modified_gmt":"2026-04-03T16:20:09","slug":"toptan-altin-renk-yuvarlak-yildiz-kombin-somon-boncuk-kupe-2864","status":"publish","type":"product","link":"https:\/\/www.xladyaccessories.com\/de\/produkt\/goldfarbener-runder-lachs-perlenohrring-mit-sternkombination-2864\/","title":{"rendered":"Goldfarbene runde lachsfarbene Perlenohrringe mit Sternkombination \u2013 2864"},"content":{"rendered":"<p>Stilvolle Kombinations-Ohrringmodelle<\/p>\n<ul id=\"content-descriptions-list\">\n<li>Gegen Anlaufen wurde eine spezielle Beschichtung verwendet.<\/li>\n<li>Der Kontakt mit Substanzen wie Creme, Parf\u00fcm und Alkohol sollte vermieden werden.<\/li>\n<\/ul>\n<p style=\"text-align: justify\">Der Name f\u00fcr Helligkeit und Eleganz: Speziell beschichtete Trend-Kombinationsohrringe!<\/p>\n<p style=\"text-align: justify\">F\u00fcr Modefans haben wir eine besondere \u00dcberraschung! Verleihen Sie Ihrem Stil eine andere Dimension mit den Bijouterie-Ohrringen aus unserer brandneuen Kollektion. Dieser pr\u00e4chtige Ohrring passt dank seines praktischen und eleganten Designs perfekt zu Ihren Ohren.<\/p>\n<p style=\"text-align: justify\">Durch seine spezielle Beschichtung erh\u00e4lt es den Glanz Ihrer Ohrringe lange und ist best\u00e4ndig gegen Anlaufen. Dieses besondere Design, das in Ihren Ohren leuchtet, ist bereit, alle um Sie herum zu faszinieren!<\/p>\n<p style=\"text-align: justify\">Wir haben tolle Neuigkeiten f\u00fcr alle, denen Ihre Gesundheit am Herzen liegt: Unser Produkt ist antiallergisch und kann daher bedenkenlos bei empfindlichen Ohren verwendet werden. Dank der Anlaufschutz- und Unzerst\u00f6rbarkeitseigenschaften k\u00f6nnen Sie es viele Jahre lang mit Freude tragen.<\/p>\n<p style=\"text-align: justify\">Mit diesen eleganten Ohrringen k\u00f6nnen Sie im Alltag oder bei besonderen Anl\u00e4ssen frei gl\u00e4nzen. Seien Sie umwerfend mit Ihrer Eleganz und Eleganz!<\/p>\n<p style=\"text-align: justify\">Denken Sie daran: Damit Ihre Ohrringe ihren Glanz und ihre Eleganz behalten, empfehlen wir Ihnen, den Kontakt mit Substanzen wie Cremes, Parf\u00fcms und Alkohol zu vermeiden. So funkeln Ihre Ohrringe immer so funkelnd wie am ersten Tag.<\/p>\n<p style=\"text-align: justify\">Stilvolle und einzigartige Modelle warten in unserer Ohrringkollektion auf Sie! Vervollst\u00e4ndigen Sie Ihre Sch\u00f6nheit und Eleganz, indem Sie das Modell ausw\u00e4hlen, das zu Ihrem Stil passt. Erregen Sie Aufmerksamkeit durch besonderes Design und Details.<\/p>\n<p style=\"text-align: justify\">Lassen Sie sich diesen besonderen Ohrring nicht entgehen, der Sie auf Schritt und Tritt begleitet! Schauen Sie sich jetzt unsere stilvollen Modelle an, die zu Ihrem Stil passen und genie\u00dfen Sie zeitlose Sch\u00f6nheit.<\/p>\n<p style=\"text-align: justify\">St\u00e4rken Sie Ihr Selbstbewusstsein mit diesem Ohrring, der das Symbol f\u00fcr Helligkeit und Eleganz ist. Entfliehen Sie dem Gew\u00f6hnlichen, fangen Sie die Trends ein und bewahren Sie Ihren Glanz stets mit speziell beschichteten Ohrringen!<\/p>\n<p style=\"text-align: justify\">Legen Sie diese Ohrringe, die jeden Moment mit ihrer besonderen Eleganz und Sch\u00f6nheit begleiten werden, jetzt in Ihren Warenkorb und genie\u00dfen Sie es, Ihren Stil widerzuspiegeln!<\/p>\n<p><span style=\"font-size:11px\">Bei unseren Produkten handelt es sich um Massenproduktionsprodukte. Abh\u00e4ngig von der Marktverf\u00fcgbarkeit k\u00f6nnen geringf\u00fcgige Unterschiede bei den Produkten auftreten, ohne das Hauptthema zu st\u00f6ren. Wie zum Beispiel Kettenst\u00e4rke, Ringl\u00e4nge und so weiter.<\/span><\/p>","protected":false},"excerpt":{"rendered":"<p>Stilvolle Kombinations-Ohrringmodelle<\/p>","protected":false},"featured_media":21955,"comment_status":"closed","ping_status":"open","template":"","meta":[],"product_brand":[],"product_cat":[91],"product_tag":[],"class_list":{"0":"post-21954","1":"product","2":"type-product","3":"status-publish","4":"has-post-thumbnail","6":"product_cat-bijuteri_kupe","8":"first","9":"instock","10":"taxable","11":"shipping-taxable","12":"purchasable","13":"product-type-simple"},"_links":{"self":[{"href":"https:\/\/www.xladyaccessories.com\/de\/wp-json\/wp\/v2\/product\/21954","targetHints":{"allow":["GET"]}}],"collection":[{"href":"https:\/\/www.xladyaccessories.com\/de\/wp-json\/wp\/v2\/product"}],"about":[{"href":"https:\/\/www.xladyaccessories.com\/de\/wp-json\/wp\/v2\/types\/product"}],"replies":[{"embeddable":true,"href":"https:\/\/www.xladyaccessories.com\/de\/wp-json\/wp\/v2\/comments?post=21954"}],"wp:featuredmedia":[{"embeddable":true,"href":"https:\/\/www.xladyaccessories.com\/de\/wp-json\/wp\/v2\/media\/21955"}],"wp:attachment":[{"href":"https:\/\/www.xladyaccessories.com\/de\/wp-json\/wp\/v2\/media?parent=21954"}],"wp:term":[{"taxonomy":"product_brand","embeddable":true,"href":"https:\/\/www.xladyaccessories.com\/de\/wp-json\/wp\/v2\/product_brand?post=21954"},{"taxonomy":"product_cat","embeddable":true,"href":"https:\/\/www.xladyaccessories.com\/de\/wp-json\/wp\/v2\/product_cat?post=21954"},{"taxonomy":"product_tag","embeddable":true,"href":"https:\/\/www.xladyaccessories.com\/de\/wp-json\/wp\/v2\/product_tag?post=21954"}],"curies":[{"name":"wp","href":"https:\/\/api.w.org\/{rel}","templated":true}]}}