{"id":21470,"date":"2023-08-17T18:49:16","date_gmt":"2023-08-17T15:49:16","guid":{"rendered":"https:\/\/www.xladyaccessories.com\/?post_type=product&#038;p=21470"},"modified":"2026-04-20T19:18:56","modified_gmt":"2026-04-20T16:18:56","slug":"toptan-altin-renk-dogal-tas-zirkon-yuzuk-ayarlanabilir-her-parmaga-olur-karisik-2796-10","status":"publish","type":"product","link":"https:\/\/www.xladyaccessories.com\/de\/produkt\/toptan-altin-renk-dogal-tas-zirkon-yuzuk-ayarlanabilir-her-parmaga-olur-karisik-2796-10\/","title":{"rendered":"Gro\u00dfhandel Gold Farbe Naturstein Zirkon Ring einstellbar einstellbar f\u00fcr jeden Finger gemischt - 2796"},"content":{"rendered":"<p>Je nach Lagerverf\u00fcgbarkeit wird eine Mischung der abgebildeten Produkte verschickt.<\/p>\n<p>\u00a0<\/p>\n<p><strong>Natursteinring: \u00c4sthetik und Eleganz aus der Natur vereinen<\/strong><\/p>\n<p>Unsere Natursteinring-Kollektion bietet einzigartige Ringoptionen, indem sie die Sch\u00f6nheit der Natur mit \u00e4sthetischem Design kombiniert. Jeder unserer Ringe verleiht Ihrem Stil einen besonderen Akzent, indem er die Eleganz und Originalit\u00e4t von Naturstein in sich tr\u00e4gt.<\/p>\n<p><strong>Produktmerkmale:<\/strong><\/p>\n<ul>\n<li><strong>Natursteine:<\/strong> Unsere Ringe sind mit sorgf\u00e4ltig ausgew\u00e4hlten und verarbeiteten Natursteinen verziert. Jeder Stein hat eine einzigartige Farbe und ein einzigartiges Muster.<\/li>\n<li><strong>Elegantes Design:<\/strong> Jeder Ring f\u00e4llt durch sein elegantes Design auf und ist mit \u00e4sthetischen Details verziert.<\/li>\n<li><strong>Langlebige Materialien:<\/strong> Aus hochwertigen Materialien hergestellte Ringe sorgen f\u00fcr eine lange Haltbarkeit.<\/li>\n<li><strong>Verschiedene Modelle:<\/strong> Unsere Natursteinring-Kollektion umfasst verschiedene Modelle und bietet somit Optionen f\u00fcr jeden Geschmack.<\/li>\n<li><strong>Kompatible Gr\u00f6\u00dfen:<\/strong> Die Ringe sind an verschiedene Gr\u00f6\u00dfen anpassbar.<\/li>\n<\/ul>\n<p><strong>Produktverwendung und -pflege:<\/strong> Natursteinringe erfordern eine sorgf\u00e4ltige Verwendung und Pflege. Vermeiden Sie \u00fcberm\u00e4\u00dfige St\u00f6\u00dfe und halten Sie sich von chemischen Produkten fern. Um die Sch\u00f6nheit von Naturstein zu bewahren, reinigen Sie ihn regelm\u00e4\u00dfig mit einem sanften Tuch.<\/p>\n<p>\u00a0Unsere Natursteinring-Kollektion vereint urspr\u00fcngliche Sch\u00f6nheiten der Natur mit \u00e4sthetischem Design. Jeder Ring ist mit exklusiven Natursteinen besetzt und besticht durch sein elegantes Design. Ringe aus langlebigen Materialien bieten eine lange Nutzungsdauer. Mit verschiedenen Modellen und Gr\u00f6\u00dfenoptionen sprechen wir jeden Geschmack an. Es wird empfohlen, bei der Verwendung unserer Natursteinringe vorsichtig zu sein und auf deren Pflege zu achten.<\/p>\n<p>Schauen Sie sich unsere Ringkollektion aus Natursteinen an, um Ihrem Stil Eleganz aus der Natur zu verleihen. Entdecken Sie jetzt die einzigartige Sch\u00f6nheit und Ordnung.<\/p>\n<p><span style=\"font-size:11px\">Bei unseren Produkten handelt es sich um Massenproduktionsprodukte. Abh\u00e4ngig von der Marktverf\u00fcgbarkeit k\u00f6nnen geringf\u00fcgige Unterschiede bei den Produkten auftreten, ohne das Hauptthema zu st\u00f6ren. Wie zum Beispiel Kettenst\u00e4rke, Ringl\u00e4nge und so weiter.<\/span><\/p>","protected":false},"excerpt":{"rendered":"<p>Stilvolle Zirkonringe<\/p>","protected":false},"featured_media":21471,"comment_status":"open","ping_status":"closed","template":"","meta":[],"product_brand":[],"product_cat":[102],"product_tag":[],"class_list":{"0":"post-21470","1":"product","2":"type-product","3":"status-publish","4":"has-post-thumbnail","6":"product_cat-zirkon-yuzuk","8":"first","9":"outofstock","10":"taxable","11":"shipping-taxable","12":"purchasable","13":"product-type-simple"},"_links":{"self":[{"href":"https:\/\/www.xladyaccessories.com\/de\/wp-json\/wp\/v2\/product\/21470","targetHints":{"allow":["GET"]}}],"collection":[{"href":"https:\/\/www.xladyaccessories.com\/de\/wp-json\/wp\/v2\/product"}],"about":[{"href":"https:\/\/www.xladyaccessories.com\/de\/wp-json\/wp\/v2\/types\/product"}],"replies":[{"embeddable":true,"href":"https:\/\/www.xladyaccessories.com\/de\/wp-json\/wp\/v2\/comments?post=21470"}],"wp:featuredmedia":[{"embeddable":true,"href":"https:\/\/www.xladyaccessories.com\/de\/wp-json\/wp\/v2\/media\/21471"}],"wp:attachment":[{"href":"https:\/\/www.xladyaccessories.com\/de\/wp-json\/wp\/v2\/media?parent=21470"}],"wp:term":[{"taxonomy":"product_brand","embeddable":true,"href":"https:\/\/www.xladyaccessories.com\/de\/wp-json\/wp\/v2\/product_brand?post=21470"},{"taxonomy":"product_cat","embeddable":true,"href":"https:\/\/www.xladyaccessories.com\/de\/wp-json\/wp\/v2\/product_cat?post=21470"},{"taxonomy":"product_tag","embeddable":true,"href":"https:\/\/www.xladyaccessories.com\/de\/wp-json\/wp\/v2\/product_tag?post=21470"}],"curies":[{"name":"wp","href":"https:\/\/api.w.org\/{rel}","templated":true}]}}