{"id":21165,"date":"2023-08-16T19:29:11","date_gmt":"2023-08-16T16:29:11","guid":{"rendered":"https:\/\/www.xladyaccessories.com\/?post_type=product&#038;p=21165"},"modified":"2026-04-05T09:19:33","modified_gmt":"2026-04-05T06:19:33","slug":"toptan-altin-renk-yarim-kubbe-nazar-goz-model-zirkon-kolye-2750","status":"publish","type":"product","link":"https:\/\/www.xladyaccessories.com\/de\/produkt\/goldfarbene-halbkuppel-halskette-mit-bosem-blick-zirkon-halskette-2750\/","title":{"rendered":"Gro\u00dfhandel Gold Farbe halbe Kuppel b\u00f6se Auge Modell Zirkon Halskette - 2750"},"content":{"rendered":"<div class=\"detailmodule_html\">\n<div class=\"detail-desc-decorate-richtext\">\n<div><strong>Zirkon-Stein-Halskette<\/strong><\/div>\n<div>\n<p>Die Zirkon-Stein-Halskette zieht mit ihrer Eleganz und ihrem raffinierten Design die Aufmerksamkeit auf sich und macht jeden Moment zu etwas Besonderem. Diese Halskette erstrahlt im Glanz von Zirkonsteinen und verleiht Ihrem Stil eine raffinierte Note.<\/p>\n<p><strong>Produktmerkmale:<\/strong><\/p>\n<ul>\n<li><strong>Qualit\u00e4tsmaterial:<\/strong> Die Halskette besteht aus hochwertigen Materialien, die eine lange Lebensdauer gew\u00e4hrleisten.<\/li>\n<li><strong>Details zum Zirkonstein:<\/strong> Der Zirkonstein, der das Hauptmotiv der Halskette darstellt, reflektiert das Licht pr\u00e4chtig und bietet einen beeindruckenden Glanz.<\/li>\n<li><strong>Elegantes Design:<\/strong> Fein gearbeitete Details machen die Halskette sowohl zu einem Blickfang als auch zu Eleganz. Es wird jeden Look perfekt erg\u00e4nzen.<\/li>\n<li><strong>Einstellbare Kettenl\u00e4nge:<\/strong> Die Kette der Halskette ist l\u00e4ngenverstellbar und passt sich verschiedenen Gr\u00f6\u00dfen an.<\/li>\n<li><strong>Leicht und bequem:<\/strong> Dank seiner leichten Struktur k\u00f6nnen Sie es den ganzen Tag \u00fcber bequem verwenden.<\/li>\n<\/ul>\n<p><strong>Produktverwendung und -pflege:<\/strong> Eine Zirkonstein-Halskette erfordert eine sorgf\u00e4ltige Verwendung und Pflege. Sie k\u00f6nnen sicherstellen, dass die Halskette lange leuchtend bleibt, indem Sie \u00fcberm\u00e4\u00dfige St\u00f6\u00dfe vermeiden. Um den Glanz des Steins zu bewahren, ist es wichtig, den Kontakt mit chemischen Produkten wie Parf\u00fcms und Lotionen zu verhindern. Es wird empfohlen, zur Reinigung ein weiches Tuch zu verwenden.<\/p>\n<p><strong>Vorteile von Zirkonstein:<\/strong> Zirkonstein ist ein Stein, der nicht nur \u00e4sthetische, sondern auch gesundheitliche Vorteile bietet. Es hat positive Auswirkungen auf das Verdauungssystem. Es kann geistige Aktivit\u00e4ten beschleunigen, f\u00fcr emotionales Gleichgewicht sorgen und dabei helfen, den Energiehaushalt zu regulieren. Dar\u00fcber hinaus verleiht es Eleganz, kann aber auch ein Gef\u00fchl sozialer Akzeptanz vermitteln und durch seine appetitanregende Wirkung Ess- und Trinkprobleme lindern.<\/p>\n<p>Die Halskette mit Zirkonsteinen besticht durch ihr elegantes und eindrucksvolles Design. Diese aus hochwertigen Materialien gefertigte Halskette besticht durch den faszinierenden Glanz des Zirkonsteins. Die verstellbare Kettenl\u00e4nge passt sich verschiedenen Gr\u00f6\u00dfen an. Dank seiner leichten Struktur kann es problemlos den ganzen Tag \u00fcber verwendet werden. Mit seinem eleganten Design passt es zu jedem Stil. Es wird empfohlen, bei der Verwendung der Halskette pl\u00f6tzliche St\u00f6\u00dfe zu vermeiden. Es wird empfohlen, mit einem sanften Tuch zu reinigen.<\/p>\n<p>Die Zirkonstein-Halskette ist eine perfekte Option f\u00fcr alle, die mit ihrer Eleganz und ihrem Glanz jeden Moment zu etwas Besonderem machen m\u00f6chten. Sie k\u00f6nnen es jetzt bestellen, um Ihrem Stil eine raffinierte Note zu verleihen.<\/p>\n<\/div>\n<\/div>\n<\/div>\n<p>window.adminAccountId=222258222;<\/p>\n<p><span style=\"font-size:11px\">Bei unseren Produkten handelt es sich um Massenproduktionsprodukte. Abh\u00e4ngig von der Marktverf\u00fcgbarkeit k\u00f6nnen geringf\u00fcgige Unterschiede bei den Produkten auftreten, ohne das Hauptthema zu st\u00f6ren. Wie zum Beispiel Kettenst\u00e4rke, Ringl\u00e4nge und so weiter.<\/span><\/p>","protected":false},"excerpt":{"rendered":"<p>Stilvolle Zirkon-Halsketten<\/p>","protected":false},"featured_media":21166,"comment_status":"open","ping_status":"closed","template":"","meta":[],"product_brand":[],"product_cat":[100],"product_tag":[],"class_list":{"0":"post-21165","1":"product","2":"type-product","3":"status-publish","4":"has-post-thumbnail","6":"product_cat-zirkon-kolye","8":"first","9":"instock","10":"taxable","11":"shipping-taxable","12":"purchasable","13":"product-type-simple"},"_links":{"self":[{"href":"https:\/\/www.xladyaccessories.com\/de\/wp-json\/wp\/v2\/product\/21165","targetHints":{"allow":["GET"]}}],"collection":[{"href":"https:\/\/www.xladyaccessories.com\/de\/wp-json\/wp\/v2\/product"}],"about":[{"href":"https:\/\/www.xladyaccessories.com\/de\/wp-json\/wp\/v2\/types\/product"}],"replies":[{"embeddable":true,"href":"https:\/\/www.xladyaccessories.com\/de\/wp-json\/wp\/v2\/comments?post=21165"}],"wp:featuredmedia":[{"embeddable":true,"href":"https:\/\/www.xladyaccessories.com\/de\/wp-json\/wp\/v2\/media\/21166"}],"wp:attachment":[{"href":"https:\/\/www.xladyaccessories.com\/de\/wp-json\/wp\/v2\/media?parent=21165"}],"wp:term":[{"taxonomy":"product_brand","embeddable":true,"href":"https:\/\/www.xladyaccessories.com\/de\/wp-json\/wp\/v2\/product_brand?post=21165"},{"taxonomy":"product_cat","embeddable":true,"href":"https:\/\/www.xladyaccessories.com\/de\/wp-json\/wp\/v2\/product_cat?post=21165"},{"taxonomy":"product_tag","embeddable":true,"href":"https:\/\/www.xladyaccessories.com\/de\/wp-json\/wp\/v2\/product_tag?post=21165"}],"curies":[{"name":"wp","href":"https:\/\/api.w.org\/{rel}","templated":true}]}}