{"id":14451,"date":"2022-03-10T21:08:35","date_gmt":"2022-03-10T18:08:35","guid":{"rendered":"https:\/\/www.xladyaccessories.com\/?post_type=product&#038;p=14451"},"modified":"2026-04-10T17:16:15","modified_gmt":"2026-04-10T14:16:15","slug":"toptan-kombin-kadin-gumus-kaplama-kombin-tasli-kartier-kilcik-cift-zincir-bileklik-959-2","status":"publish","type":"product","link":"https:\/\/www.xladyaccessories.com\/de\/produkt\/kombinations-damenarmband-aus-versilbertem-kombinationsstein-kartier-fischgraten-doppelkettenarmband-959-2\/","title":{"rendered":"Gro\u00dfhandel Kombination Damen versilbert Kombination Stein Cartier Fishbone Doppelkette Armband 959"},"content":{"rendered":"<p>Die Nutzungsdauer des Zubeh\u00f6rs verl\u00e4ngert sich, wenn es von Parf\u00fcm, Seife, Alkohol und \u00e4hnlichen Chemikalien ferngehalten wird.<\/p>\n<p>Auf das Produkt wurde eine spezielle Schutzschicht gegen Allergien, Oxidation und Verdunkelung aufgebracht.<\/p>\n<p>Es wird empfohlen, es von Parf\u00fcm, Wasser, Reinigungsmitteln und fl\u00fcssigen Chemikalien fernzuhalten.<br \/>\n\u00a0<\/p>","protected":false},"excerpt":{"rendered":"<p>Stilvolle Armb\u00e4nder<\/p>","protected":false},"featured_media":14452,"comment_status":"open","ping_status":"closed","template":"","meta":[],"product_brand":[],"product_cat":[42],"product_tag":[],"class_list":{"0":"post-14451","1":"product","2":"type-product","3":"status-publish","4":"has-post-thumbnail","6":"product_cat-bijuteri-bileklik","8":"first","9":"instock","10":"taxable","11":"shipping-taxable","12":"purchasable","13":"product-type-simple"},"_links":{"self":[{"href":"https:\/\/www.xladyaccessories.com\/de\/wp-json\/wp\/v2\/product\/14451","targetHints":{"allow":["GET"]}}],"collection":[{"href":"https:\/\/www.xladyaccessories.com\/de\/wp-json\/wp\/v2\/product"}],"about":[{"href":"https:\/\/www.xladyaccessories.com\/de\/wp-json\/wp\/v2\/types\/product"}],"replies":[{"embeddable":true,"href":"https:\/\/www.xladyaccessories.com\/de\/wp-json\/wp\/v2\/comments?post=14451"}],"wp:featuredmedia":[{"embeddable":true,"href":"https:\/\/www.xladyaccessories.com\/de\/wp-json\/wp\/v2\/media\/14452"}],"wp:attachment":[{"href":"https:\/\/www.xladyaccessories.com\/de\/wp-json\/wp\/v2\/media?parent=14451"}],"wp:term":[{"taxonomy":"product_brand","embeddable":true,"href":"https:\/\/www.xladyaccessories.com\/de\/wp-json\/wp\/v2\/product_brand?post=14451"},{"taxonomy":"product_cat","embeddable":true,"href":"https:\/\/www.xladyaccessories.com\/de\/wp-json\/wp\/v2\/product_cat?post=14451"},{"taxonomy":"product_tag","embeddable":true,"href":"https:\/\/www.xladyaccessories.com\/de\/wp-json\/wp\/v2\/product_tag?post=14451"}],"curies":[{"name":"wp","href":"https:\/\/api.w.org\/{rel}","templated":true}]}}