{"id":12984,"date":"2023-06-02T11:02:00","date_gmt":"2023-06-02T08:02:00","guid":{"rendered":"https:\/\/www.xladyaccessories.com\/urun\/altin-renk-kadin-3lu-kombin-kartier-civi-tirtil-renk-atmaz-bileklik-kombin-seti-2415\/"},"modified":"2026-04-18T09:17:40","modified_gmt":"2026-04-18T06:17:40","slug":"toptan-altin-renk-kadin-3lu-kombin-kartier-civi-tirtil-renk-atmaz-bileklik-kombin-seti-2415","status":"publish","type":"product","link":"https:\/\/www.xladyaccessories.com\/de\/produkt\/goldfarbenes-3-teiliges-kombinationsset-fur-kartier-nail-tiltil-farbechtes-armband-fur-damen-2415\/","title":{"rendered":"Gro\u00dfhandel Goldfarbenes 3-teiliges Kombinationsset f\u00fcr Damen von Kartier Nail Caterpillar, farbecht, Armband-Kombinationsset \u2013 2415"},"content":{"rendered":"<p>100% Neues Produkt<\/p>\n<p>Typ: Armband<\/p>\n<p>Material: Legierung<\/p>\n<p>\u00a0<\/p>\n<p>Alle Produkte im Bild werden versendet.<\/p>\n<p>\u00a0<\/p>\n<p>Ein hochwertiger Schmuck.; Es enth\u00e4lt kein Nickel; Es ist antiallergisch; Es verdunkelt sich nicht, es sei denn, es wird mit Chemikalien in Kontakt gebracht.<\/p>\n<p>Die Nutzungsdauer des Zubeh\u00f6rs verl\u00e4ngert sich, wenn es von Parf\u00fcm, Seife, Alkohol und \u00e4hnlichen Chemikalien ferngehalten wird.<\/p>\n<p>Auf das Produkt wurde eine spezielle Schutzschicht gegen Allergien, Oxidation und Verdunkelung aufgebracht.<\/p>\n<p>Es wird empfohlen, es von Parf\u00fcm, Wasser, Reinigungsmitteln und fl\u00fcssigen Chemikalien fernzuhalten.<\/p>\n<p>Es wird Ihrer Eleganz Eleganz verleihen.<\/p>","protected":false},"excerpt":{"rendered":"<p>Stilvolle Kombinationen<\/p>","protected":false},"featured_media":12985,"comment_status":"open","ping_status":"closed","template":"","meta":[],"product_brand":[],"product_cat":[42],"product_tag":[],"class_list":{"0":"post-12984","1":"product","2":"type-product","3":"status-publish","4":"has-post-thumbnail","6":"product_cat-bijuteri-bileklik","8":"first","9":"instock","10":"taxable","11":"shipping-taxable","12":"purchasable","13":"product-type-simple"},"_links":{"self":[{"href":"https:\/\/www.xladyaccessories.com\/de\/wp-json\/wp\/v2\/product\/12984","targetHints":{"allow":["GET"]}}],"collection":[{"href":"https:\/\/www.xladyaccessories.com\/de\/wp-json\/wp\/v2\/product"}],"about":[{"href":"https:\/\/www.xladyaccessories.com\/de\/wp-json\/wp\/v2\/types\/product"}],"replies":[{"embeddable":true,"href":"https:\/\/www.xladyaccessories.com\/de\/wp-json\/wp\/v2\/comments?post=12984"}],"wp:featuredmedia":[{"embeddable":true,"href":"https:\/\/www.xladyaccessories.com\/de\/wp-json\/wp\/v2\/media\/12985"}],"wp:attachment":[{"href":"https:\/\/www.xladyaccessories.com\/de\/wp-json\/wp\/v2\/media?parent=12984"}],"wp:term":[{"taxonomy":"product_brand","embeddable":true,"href":"https:\/\/www.xladyaccessories.com\/de\/wp-json\/wp\/v2\/product_brand?post=12984"},{"taxonomy":"product_cat","embeddable":true,"href":"https:\/\/www.xladyaccessories.com\/de\/wp-json\/wp\/v2\/product_cat?post=12984"},{"taxonomy":"product_tag","embeddable":true,"href":"https:\/\/www.xladyaccessories.com\/de\/wp-json\/wp\/v2\/product_tag?post=12984"}],"curies":[{"name":"wp","href":"https:\/\/api.w.org\/{rel}","templated":true}]}}