{"id":12948,"date":"2023-06-02T10:58:04","date_gmt":"2023-06-02T07:58:04","guid":{"rendered":"https:\/\/www.xladyaccessories.com\/urun\/gumus-renk-4-yaprakli-yonca-arpa-zincir-2402\/"},"modified":"2026-04-25T09:17:48","modified_gmt":"2026-04-25T06:17:48","slug":"toptan-gumus-renk-4-yaprakli-yonca-arpa-zincir-2402","status":"publish","type":"product","link":"https:\/\/www.xladyaccessories.com\/de\/produkt\/groshandel-silber-farbe-4-blatt-klee-gerste-kette-2402\/","title":{"rendered":"Gro\u00dfhandel Silberfarbene 4-bl\u00e4ttrige Kleeblatt-Gerstenkette \u2013 2402"},"content":{"rendered":"<p>100% Neues Produkt<\/p>\n<p>Typ: Halskette<\/p>\n<p>Material: Legierung<\/p>\n<p>\u00a0<\/p>\n<p>Ein hochwertiger Schmuck.; Es enth\u00e4lt kein Nickel; Es ist antiallergisch; Es verdunkelt sich nicht, es sei denn, es wird mit Chemikalien in Kontakt gebracht.<\/p>\n<p>Die Nutzungsdauer des Zubeh\u00f6rs verl\u00e4ngert sich, wenn es von Parf\u00fcm, Seife, Alkohol und \u00e4hnlichen Chemikalien ferngehalten wird.<\/p>\n<p>Auf das Produkt wurde eine spezielle Schutzschicht gegen Allergien, Oxidation und Verdunkelung aufgebracht.<\/p>\n<p>Es wird empfohlen, es von Parf\u00fcm, Wasser, Reinigungsmitteln und fl\u00fcssigen Chemikalien fernzuhalten.<\/p>\n<p>Es wird Ihrer Eleganz Eleganz verleihen.<\/p>\n<p>\u00a0<\/p>","protected":false},"excerpt":{"rendered":"<p>Stilvolle Halsketten<\/p>","protected":false},"featured_media":12952,"comment_status":"open","ping_status":"closed","template":"","meta":[],"product_brand":[],"product_cat":[24],"product_tag":[],"class_list":{"0":"post-12948","1":"product","2":"type-product","3":"status-publish","4":"has-post-thumbnail","6":"product_cat-bijuteri-kolye","8":"first","9":"outofstock","10":"taxable","11":"shipping-taxable","12":"purchasable","13":"product-type-simple"},"_links":{"self":[{"href":"https:\/\/www.xladyaccessories.com\/de\/wp-json\/wp\/v2\/product\/12948","targetHints":{"allow":["GET"]}}],"collection":[{"href":"https:\/\/www.xladyaccessories.com\/de\/wp-json\/wp\/v2\/product"}],"about":[{"href":"https:\/\/www.xladyaccessories.com\/de\/wp-json\/wp\/v2\/types\/product"}],"replies":[{"embeddable":true,"href":"https:\/\/www.xladyaccessories.com\/de\/wp-json\/wp\/v2\/comments?post=12948"}],"wp:featuredmedia":[{"embeddable":true,"href":"https:\/\/www.xladyaccessories.com\/de\/wp-json\/wp\/v2\/media\/12952"}],"wp:attachment":[{"href":"https:\/\/www.xladyaccessories.com\/de\/wp-json\/wp\/v2\/media?parent=12948"}],"wp:term":[{"taxonomy":"product_brand","embeddable":true,"href":"https:\/\/www.xladyaccessories.com\/de\/wp-json\/wp\/v2\/product_brand?post=12948"},{"taxonomy":"product_cat","embeddable":true,"href":"https:\/\/www.xladyaccessories.com\/de\/wp-json\/wp\/v2\/product_cat?post=12948"},{"taxonomy":"product_tag","embeddable":true,"href":"https:\/\/www.xladyaccessories.com\/de\/wp-json\/wp\/v2\/product_tag?post=12948"}],"curies":[{"name":"wp","href":"https:\/\/api.w.org\/{rel}","templated":true}]}}