{"id":12946,"date":"2023-06-02T10:57:11","date_gmt":"2023-06-02T07:57:11","guid":{"rendered":"https:\/\/www.xladyaccessories.com\/urun\/gumus-renk-kadin-zirkon-tektas-su-yolu-model-yeni-sezon-vip-kolye-altin-renk-2400\/"},"modified":"2026-04-05T19:17:48","modified_gmt":"2026-04-05T16:17:48","slug":"toptan-gumus-renk-kadin-zirkon-tektas-su-yolu-model-yeni-sezon-vip-kolye-altin-renk-2400","status":"publish","type":"product","link":"https:\/\/www.xladyaccessories.com\/de\/produkt\/silberfarbene-damen-zirkon-solitar-wasserweg-modell-neue-saison-vip-halskette-goldfarbe-2400\/","title":{"rendered":"Toptan Alt\u0131n Renk Kad\u0131n Zirkon Tekta\u015f Su Yolu Model Yeni Sezon Vip Abiye Kolye Alt\u0131n Renk &#8211; 2400"},"content":{"rendered":"<p>Es ist 40+5 cm gro\u00df. Gegen Verdunkelung und Allergien kommt eine spezielle Beschichtung zum Einsatz.<\/p>\n<p>100% Neues Produkt<\/p>\n<p>Typ: Zirkon-Stein-Halskette<\/p>\n<p>Material: Messing<\/p>\n<p>\u00a0<\/p>\n<p>EIGENSCHAFTEN DES ZIRKONSTEINS<\/p>\n<p>H\u00e4rte: 7,5<\/p>\n<p>Spezifisches Gewicht: 3,9 \u2013 4,7<\/p>\n<p>Chemische Formel: ZrSiO4<\/p>\n<p>Farbe: Farblos, Braun, Gr\u00fcn, Rot, Gelb, Blau<\/p>\n<p>Hauptherkunftsl\u00e4nder: Australien<\/p>\n<p>Strukturelle Eigenschaften<\/p>\n<p>Seine wahre Farbe ist braun. Vor dem Gebrauch wird es in der Regel erhitzt und abgewartet, bis es transparent wird. Er ist einer der bekanntesten Steine in der Schmuckklasse. Dieser Stein ist auch die wichtigste Quelle des Elements Zirkonium. Es ist der wertvollste und seltenste farblose Zirkonstein, der als Schmuck verwendet wird. Es \u00e4hnelt Diamant und der einzige Unterschied besteht darin, dass es weicher als Diamant ist. Es ist weich (ca. 2,5 Mohs).<\/p>\n<p>\u00a0<\/p>\n<p>Vorteile von Zirkon<\/p>\n<p>Dieser Stein ist einer der seltenen Steine, der wirklich wertvoll ist und viele Vorteile hat. Der Name Zirkon leitet sich vom persischen Wort \u201eZargun\u201c ab, was \u201egoldene Farbe\u201c bedeutet. Kurz und anschaulich sind die Vorteile von Zirkonstein f\u00fcr den Menschen:<\/p>\n<p>Es kann sich sehr positiv auf das Verdauungssystem auswirken. (Bei Dick- und D\u00fcnndarmbewegungen)<\/p>\n<p>Entspannt und erleichtert den Schlaf,<\/p>\n<p>Es kann geistige Aktivit\u00e4ten beschleunigen,<\/p>\n<p>Es sorgt f\u00fcr Ausgeglichenheit im emotionalen Bereich,<\/p>\n<p>Es sorgt f\u00fcr den Energiehaushalt der Person,<\/p>\n<p>Es bietet sowohl Eleganz als auch ein schnelleres Gef\u00fchl der Akzeptanz in der Gesellschaft.<\/p>\n<p>Es hilft der Person, Probleme wie Essen und Trinken zu l\u00f6sen (es regt den Appetit an).<\/p>","protected":false},"excerpt":{"rendered":"<p>Stilvolle Zirkon-Halsketten<\/p>","protected":false},"featured_media":24140,"comment_status":"open","ping_status":"closed","template":"","meta":[],"product_brand":[],"product_cat":[100],"product_tag":[],"class_list":{"0":"post-12946","1":"product","2":"type-product","3":"status-publish","4":"has-post-thumbnail","6":"product_cat-zirkon-kolye","8":"first","9":"outofstock","10":"taxable","11":"shipping-taxable","12":"purchasable","13":"product-type-simple"},"_links":{"self":[{"href":"https:\/\/www.xladyaccessories.com\/de\/wp-json\/wp\/v2\/product\/12946","targetHints":{"allow":["GET"]}}],"collection":[{"href":"https:\/\/www.xladyaccessories.com\/de\/wp-json\/wp\/v2\/product"}],"about":[{"href":"https:\/\/www.xladyaccessories.com\/de\/wp-json\/wp\/v2\/types\/product"}],"replies":[{"embeddable":true,"href":"https:\/\/www.xladyaccessories.com\/de\/wp-json\/wp\/v2\/comments?post=12946"}],"wp:featuredmedia":[{"embeddable":true,"href":"https:\/\/www.xladyaccessories.com\/de\/wp-json\/wp\/v2\/media\/24140"}],"wp:attachment":[{"href":"https:\/\/www.xladyaccessories.com\/de\/wp-json\/wp\/v2\/media?parent=12946"}],"wp:term":[{"taxonomy":"product_brand","embeddable":true,"href":"https:\/\/www.xladyaccessories.com\/de\/wp-json\/wp\/v2\/product_brand?post=12946"},{"taxonomy":"product_cat","embeddable":true,"href":"https:\/\/www.xladyaccessories.com\/de\/wp-json\/wp\/v2\/product_cat?post=12946"},{"taxonomy":"product_tag","embeddable":true,"href":"https:\/\/www.xladyaccessories.com\/de\/wp-json\/wp\/v2\/product_tag?post=12946"}],"curies":[{"name":"wp","href":"https:\/\/api.w.org\/{rel}","templated":true}]}}