{"id":12933,"date":"2023-06-02T07:43:13","date_gmt":"2023-06-02T04:43:13","guid":{"rendered":"https:\/\/www.xladyaccessories.com\/urun\/altin-kaplama-kadin-luks-trend-kartier-kombin-bileklik-2397\/"},"modified":"2026-04-16T19:18:01","modified_gmt":"2026-04-16T16:18:01","slug":"toptan-altin-kaplama-kadin-luks-trend-kartier-kombin-bileklik-2397","status":"publish","type":"product","link":"https:\/\/www.xladyaccessories.com\/de\/produkt\/vergoldetes-damen-luxus-trend-kartier-kombinationsarmband-2397\/","title":{"rendered":"Vergoldetes Luxus-Kombinationsarmband von Kartier f\u00fcr Damen im Gro\u00dfhandel \u2013 2397"},"content":{"rendered":"<div>\n<div>100% Neues Produkt<\/div>\n<div>Typ: Kombinationsprodukt<\/div>\n<div>Material: Legierung<\/div>\n<\/div>\n<div>\u00a0<\/div>\n<div>Alle abgebildeten Produkte werden versendet.<\/div>\n<div>\u00a0<\/div>\n<div>\u00a0<\/div>\n<div>Ein hochwertiger Schmuck.; Es enth\u00e4lt kein Nickel; Es ist antiallergisch; Es verdunkelt sich nicht, es sei denn, es wird mit Chemikalien in Kontakt gebracht.<\/div>\n<p>Die Nutzungsdauer des Zubeh\u00f6rs verl\u00e4ngert sich, wenn es von Parf\u00fcm, Seife, Alkohol und \u00e4hnlichen Chemikalien ferngehalten wird.<\/p>\n<p>Auf das Produkt wurde eine spezielle Schutzschicht gegen Allergien, Oxidation und Verdunkelung aufgebracht.<\/p>\n<p>Es wird empfohlen, es von Parf\u00fcm, Wasser, Reinigungsmitteln und fl\u00fcssigen Chemikalien fernzuhalten.<\/p>\n<p>Es wird Ihrer Eleganz Eleganz verleihen.<br \/>\n\u00a0<\/p>","protected":false},"excerpt":{"rendered":"<p>Stilvolle Kombinationen<\/p>","protected":false},"featured_media":12934,"comment_status":"open","ping_status":"closed","template":"","meta":[],"product_brand":[],"product_cat":[42],"product_tag":[],"class_list":{"0":"post-12933","1":"product","2":"type-product","3":"status-publish","4":"has-post-thumbnail","6":"product_cat-bijuteri-bileklik","8":"first","9":"outofstock","10":"taxable","11":"shipping-taxable","12":"purchasable","13":"product-type-simple"},"_links":{"self":[{"href":"https:\/\/www.xladyaccessories.com\/de\/wp-json\/wp\/v2\/product\/12933","targetHints":{"allow":["GET"]}}],"collection":[{"href":"https:\/\/www.xladyaccessories.com\/de\/wp-json\/wp\/v2\/product"}],"about":[{"href":"https:\/\/www.xladyaccessories.com\/de\/wp-json\/wp\/v2\/types\/product"}],"replies":[{"embeddable":true,"href":"https:\/\/www.xladyaccessories.com\/de\/wp-json\/wp\/v2\/comments?post=12933"}],"wp:featuredmedia":[{"embeddable":true,"href":"https:\/\/www.xladyaccessories.com\/de\/wp-json\/wp\/v2\/media\/12934"}],"wp:attachment":[{"href":"https:\/\/www.xladyaccessories.com\/de\/wp-json\/wp\/v2\/media?parent=12933"}],"wp:term":[{"taxonomy":"product_brand","embeddable":true,"href":"https:\/\/www.xladyaccessories.com\/de\/wp-json\/wp\/v2\/product_brand?post=12933"},{"taxonomy":"product_cat","embeddable":true,"href":"https:\/\/www.xladyaccessories.com\/de\/wp-json\/wp\/v2\/product_cat?post=12933"},{"taxonomy":"product_tag","embeddable":true,"href":"https:\/\/www.xladyaccessories.com\/de\/wp-json\/wp\/v2\/product_tag?post=12933"}],"curies":[{"name":"wp","href":"https:\/\/api.w.org\/{rel}","templated":true}]}}