{"id":12795,"date":"2023-05-25T16:54:42","date_gmt":"2023-05-25T13:54:42","guid":{"rendered":"https:\/\/www.xladyaccessories.com\/urun\/altin-renk-pembe-mineli-deniz-yildizi-motif-zirkon-tasli-pandora-bileklik-2364\/"},"modified":"2026-04-15T19:18:05","modified_gmt":"2026-04-15T16:18:05","slug":"toptan-altin-renk-pembe-mineli-deniz-yildizi-motif-zirkon-tasli-pandora-bileklik-2364","status":"publish","type":"product","link":"https:\/\/www.xladyaccessories.com\/de\/produkt\/pandora-armband-2364-aus-goldfarbenem-rosa-emaille-mit-seesternmotiv-und-zirkonstein\/","title":{"rendered":"Toptan Alt\u0131n Renk Pembe Mineli  Deniz Y\u0131ld\u0131z\u0131 Motif  Zirkon Ta\u015fl\u0131 Pandora Bileklik &#8211; 2364"},"content":{"rendered":"<p>\u2022Zirkonstein<\/p>\n<p>\u2022Unsere Produkte sind vergoldet.<\/p>\n<p>\u2022Da wir nickelfreie Mineralien verwenden, l\u00f6sen unsere Produkte keine Allergien aus.<\/p>\n<p>\u2022 Da es aus hochwertigem Metall hergestellt ist, verformt es sich nicht so leicht und erm\u00f6glicht eine lange Verwendung.<\/p>\n<p>\u2022Unser Produkt hat eine einstellbare Gr\u00f6\u00dfe.<\/p>\n<p>\u2022Mit der Verl\u00e4ngerungskette k\u00f6nnen Sie das Produkt an Ihr Handgelenk anpassen.<\/p>\n<p>\u2022Es verdunkelt sich nicht, es sei denn, es kommt mit Parf\u00fcm, Creme, Desinfektionsmitteln und \u00e4hnlichen Chemikalien in Kontakt.<\/p>\n<p>Ein wunderbar gestaltetes Produkt, das f\u00fcr Nat\u00fcrlichkeit sorgt. Das elegante Pandora-Armband wird Ihre besonderen Momente versch\u00f6nern und Ihren Stil vervollst\u00e4ndigen, sodass Sie sich in jedem Moment Ihres Lebens wertvoll f\u00fchlen.<\/p>","protected":false},"excerpt":{"rendered":"<p>Stilvolle Zirkonarmb\u00e4nder<\/p>","protected":false},"featured_media":12796,"comment_status":"open","ping_status":"closed","template":"","meta":[],"product_brand":[],"product_cat":[93],"product_tag":[],"class_list":{"0":"post-12795","1":"product","2":"type-product","3":"status-publish","4":"has-post-thumbnail","6":"product_cat-zirkon-bileklik","8":"first","9":"outofstock","10":"taxable","11":"shipping-taxable","12":"purchasable","13":"product-type-simple"},"_links":{"self":[{"href":"https:\/\/www.xladyaccessories.com\/de\/wp-json\/wp\/v2\/product\/12795","targetHints":{"allow":["GET"]}}],"collection":[{"href":"https:\/\/www.xladyaccessories.com\/de\/wp-json\/wp\/v2\/product"}],"about":[{"href":"https:\/\/www.xladyaccessories.com\/de\/wp-json\/wp\/v2\/types\/product"}],"replies":[{"embeddable":true,"href":"https:\/\/www.xladyaccessories.com\/de\/wp-json\/wp\/v2\/comments?post=12795"}],"wp:featuredmedia":[{"embeddable":true,"href":"https:\/\/www.xladyaccessories.com\/de\/wp-json\/wp\/v2\/media\/12796"}],"wp:attachment":[{"href":"https:\/\/www.xladyaccessories.com\/de\/wp-json\/wp\/v2\/media?parent=12795"}],"wp:term":[{"taxonomy":"product_brand","embeddable":true,"href":"https:\/\/www.xladyaccessories.com\/de\/wp-json\/wp\/v2\/product_brand?post=12795"},{"taxonomy":"product_cat","embeddable":true,"href":"https:\/\/www.xladyaccessories.com\/de\/wp-json\/wp\/v2\/product_cat?post=12795"},{"taxonomy":"product_tag","embeddable":true,"href":"https:\/\/www.xladyaccessories.com\/de\/wp-json\/wp\/v2\/product_tag?post=12795"}],"curies":[{"name":"wp","href":"https:\/\/api.w.org\/{rel}","templated":true}]}}