{"id":12390,"date":"2023-04-08T17:34:23","date_gmt":"2023-04-08T14:34:23","guid":{"rendered":"https:\/\/www.xladyaccessories.com\/urun\/gumus-kaplama-siyah-renk-ayarlanabilir-gulen-yuz-sovalye-yuzuk-2299\/"},"modified":"2026-04-15T19:17:43","modified_gmt":"2026-04-15T16:17:43","slug":"toptan-gumus-kaplama-siyah-renk-ayarlanabilir-gulen-yuz-sovalye-yuzuk-2299","status":"publish","type":"product","link":"https:\/\/www.xladyaccessories.com\/de\/produkt\/versilberter-schwarzer-verstellbarer-ritterring-mit-lachelndem-gesicht-2299\/","title":{"rendered":"Versilberter schwarzer verstellbarer Ritterring mit l\u00e4chelndem Gesicht im Gro\u00dfhandel \u2013 2299"},"content":{"rendered":"<p>In unseren Produkten kommen erstklassige Beschichtungen zum Einsatz, die antiallergisch und gesundheitlich unbedenklich sind. Durch sein verstellbares Design ist es f\u00fcr alle Fingergr\u00f6\u00dfen geeignet.<br \/>\n\u00a0<\/p>","protected":false},"excerpt":{"rendered":"<p>X-Lady-Zubeh\u00f6r<\/p>","protected":false},"featured_media":12391,"comment_status":"open","ping_status":"closed","template":"","meta":[],"product_brand":[],"product_cat":[36],"product_tag":[],"class_list":{"0":"post-12390","1":"product","2":"type-product","3":"status-publish","4":"has-post-thumbnail","6":"product_cat-bijuteri-yuzuk","8":"first","9":"outofstock","10":"taxable","11":"shipping-taxable","12":"purchasable","13":"product-type-simple"},"_links":{"self":[{"href":"https:\/\/www.xladyaccessories.com\/de\/wp-json\/wp\/v2\/product\/12390","targetHints":{"allow":["GET"]}}],"collection":[{"href":"https:\/\/www.xladyaccessories.com\/de\/wp-json\/wp\/v2\/product"}],"about":[{"href":"https:\/\/www.xladyaccessories.com\/de\/wp-json\/wp\/v2\/types\/product"}],"replies":[{"embeddable":true,"href":"https:\/\/www.xladyaccessories.com\/de\/wp-json\/wp\/v2\/comments?post=12390"}],"wp:featuredmedia":[{"embeddable":true,"href":"https:\/\/www.xladyaccessories.com\/de\/wp-json\/wp\/v2\/media\/12391"}],"wp:attachment":[{"href":"https:\/\/www.xladyaccessories.com\/de\/wp-json\/wp\/v2\/media?parent=12390"}],"wp:term":[{"taxonomy":"product_brand","embeddable":true,"href":"https:\/\/www.xladyaccessories.com\/de\/wp-json\/wp\/v2\/product_brand?post=12390"},{"taxonomy":"product_cat","embeddable":true,"href":"https:\/\/www.xladyaccessories.com\/de\/wp-json\/wp\/v2\/product_cat?post=12390"},{"taxonomy":"product_tag","embeddable":true,"href":"https:\/\/www.xladyaccessories.com\/de\/wp-json\/wp\/v2\/product_tag?post=12390"}],"curies":[{"name":"wp","href":"https:\/\/api.w.org\/{rel}","templated":true}]}}