{"id":12384,"date":"2023-04-08T17:31:23","date_gmt":"2023-04-08T14:31:23","guid":{"rendered":"https:\/\/www.xladyaccessories.com\/urun\/altin-renk-turkuaz-mineli-gulen-surat-yuzuk-ayarlanabilir-her-parmaga-olur-2297\/"},"modified":"2026-04-27T09:17:37","modified_gmt":"2026-04-27T06:17:37","slug":"toptan-altin-renk-turkuaz-mineli-gulen-surat-yuzuk-ayarlanabilir-her-parmaga-olur-2297","status":"publish","type":"product","link":"https:\/\/www.xladyaccessories.com\/de\/produkt\/goldfarbener-turkiser-emaille-smiley-gesichtsring-verstellbar-passt-an-jeden-finger-2297\/","title":{"rendered":"Gro\u00dfhandelsring mit Smiley-Gesicht, goldfarben, t\u00fcrkisfarbener Emaille, verstellbar, passend f\u00fcr alle Finger \u2013 2297"},"content":{"rendered":"<p>\u00a0Die Gr\u00f6\u00dfe ist verstellbar und passt auf alle Finger. Metall: Bronze<\/p>\n<p>Spezielle Beschichtung gegen Allergien, Oxidation und Verdunkelung. Solange es von Chemikalien wie Creme, Wasser und Parf\u00fcm ferngehalten wird, verl\u00e4ngert sich die Nutzungsdauer des Produkts.<\/p>\n<ul id=\"content-descriptions-list\">\n<li>*Die Ringgr\u00f6\u00dfe ist verstellbar und passt an alle Finger. *Unser Produkt ist vergoldet auf Messing. *Es verdunkelt sich nicht, verblasst nicht und \u00e4ndert auch nicht die Farbe.<\/li>\n<\/ul>","protected":false},"excerpt":{"rendered":"<p>Stilvolle Ringe<\/p>","protected":false},"featured_media":12389,"comment_status":"open","ping_status":"closed","template":"","meta":[],"product_brand":[],"product_cat":[36],"product_tag":[],"class_list":{"0":"post-12384","1":"product","2":"type-product","3":"status-publish","4":"has-post-thumbnail","6":"product_cat-bijuteri-yuzuk","8":"first","9":"outofstock","10":"taxable","11":"shipping-taxable","12":"purchasable","13":"product-type-simple"},"_links":{"self":[{"href":"https:\/\/www.xladyaccessories.com\/de\/wp-json\/wp\/v2\/product\/12384","targetHints":{"allow":["GET"]}}],"collection":[{"href":"https:\/\/www.xladyaccessories.com\/de\/wp-json\/wp\/v2\/product"}],"about":[{"href":"https:\/\/www.xladyaccessories.com\/de\/wp-json\/wp\/v2\/types\/product"}],"replies":[{"embeddable":true,"href":"https:\/\/www.xladyaccessories.com\/de\/wp-json\/wp\/v2\/comments?post=12384"}],"wp:featuredmedia":[{"embeddable":true,"href":"https:\/\/www.xladyaccessories.com\/de\/wp-json\/wp\/v2\/media\/12389"}],"wp:attachment":[{"href":"https:\/\/www.xladyaccessories.com\/de\/wp-json\/wp\/v2\/media?parent=12384"}],"wp:term":[{"taxonomy":"product_brand","embeddable":true,"href":"https:\/\/www.xladyaccessories.com\/de\/wp-json\/wp\/v2\/product_brand?post=12384"},{"taxonomy":"product_cat","embeddable":true,"href":"https:\/\/www.xladyaccessories.com\/de\/wp-json\/wp\/v2\/product_cat?post=12384"},{"taxonomy":"product_tag","embeddable":true,"href":"https:\/\/www.xladyaccessories.com\/de\/wp-json\/wp\/v2\/product_tag?post=12384"}],"curies":[{"name":"wp","href":"https:\/\/api.w.org\/{rel}","templated":true}]}}