{"id":12308,"date":"2023-04-04T17:46:09","date_gmt":"2023-04-04T14:46:09","guid":{"rendered":"https:\/\/www.xladyaccessories.com\/urun\/altin-renk-kirmizi-ip-denge-ying-yang-arkadas-sans-bilekligi-2289\/"},"modified":"2025-08-21T09:31:49","modified_gmt":"2025-08-21T06:31:49","slug":"toptan-altin-renk-kirmizi-ip-denge-ying-yang-arkadas-sans-bilekligi-2289","status":"publish","type":"product","link":"https:\/\/www.xladyaccessories.com\/de\/produkt\/goldfarbenes-rotes-seil-balance-ying-yang-freund-glucksarmband-2289\/","title":{"rendered":"Toptan Alt\u0131n Renk K\u0131rm\u0131z\u0131 \u0130p Denge Ying Yang Arkada\u015f \u015eans Bilekli\u011fi &#8211; 2289"},"content":{"rendered":"<div class=\"detailmodule_html\">\n<div class=\"detail-desc-decorate-richtext\">\n<div>\n<ul>\n<li>Einstellbar.<\/li>\n<li>\n<p>Unser Produkt ist antiallergisch, verdunkelt sich nicht und verschlechtert sich nicht, Sie k\u00f6nnen es sicher verwenden.\u00a0<\/p>\n<p>Stilvolle Ohrringmodelle<\/p>\n<\/li>\n<li>Gegen Anlaufen wurde eine spezielle Beschichtung verwendet.<\/li>\n<li>Der Kontakt mit Substanzen wie Creme, Parf\u00fcm und Alkohol sollte vermieden werden.<\/li>\n<\/ul>\n<p>\u00a0<\/p>\n<\/div>\n<\/div>\n<\/div>","protected":false},"excerpt":{"rendered":"<p>Stilvolle Armb\u00e4nder<\/p>","protected":false},"featured_media":12309,"comment_status":"open","ping_status":"closed","template":"","meta":[],"product_brand":[],"product_cat":[42],"product_tag":[],"class_list":{"0":"post-12308","1":"product","2":"type-product","3":"status-publish","4":"has-post-thumbnail","6":"product_cat-bijuteri-bileklik","8":"first","9":"outofstock","10":"taxable","11":"shipping-taxable","12":"purchasable","13":"product-type-simple"},"_links":{"self":[{"href":"https:\/\/www.xladyaccessories.com\/de\/wp-json\/wp\/v2\/product\/12308","targetHints":{"allow":["GET"]}}],"collection":[{"href":"https:\/\/www.xladyaccessories.com\/de\/wp-json\/wp\/v2\/product"}],"about":[{"href":"https:\/\/www.xladyaccessories.com\/de\/wp-json\/wp\/v2\/types\/product"}],"replies":[{"embeddable":true,"href":"https:\/\/www.xladyaccessories.com\/de\/wp-json\/wp\/v2\/comments?post=12308"}],"wp:featuredmedia":[{"embeddable":true,"href":"https:\/\/www.xladyaccessories.com\/de\/wp-json\/wp\/v2\/media\/12309"}],"wp:attachment":[{"href":"https:\/\/www.xladyaccessories.com\/de\/wp-json\/wp\/v2\/media?parent=12308"}],"wp:term":[{"taxonomy":"product_brand","embeddable":true,"href":"https:\/\/www.xladyaccessories.com\/de\/wp-json\/wp\/v2\/product_brand?post=12308"},{"taxonomy":"product_cat","embeddable":true,"href":"https:\/\/www.xladyaccessories.com\/de\/wp-json\/wp\/v2\/product_cat?post=12308"},{"taxonomy":"product_tag","embeddable":true,"href":"https:\/\/www.xladyaccessories.com\/de\/wp-json\/wp\/v2\/product_tag?post=12308"}],"curies":[{"name":"wp","href":"https:\/\/api.w.org\/{rel}","templated":true}]}}