{"id":12145,"date":"2023-03-18T17:31:45","date_gmt":"2023-03-18T14:31:45","guid":{"rendered":"https:\/\/www.xladyaccessories.com\/urun\/gumus-renk-sevgi-kalp-yuzuk-ayarlabilir-her-parmaga-olur-cizgili-kalp-yuzuk-2279\/"},"modified":"2026-04-17T09:21:00","modified_gmt":"2026-04-17T06:21:00","slug":"toptan-gumus-renk-sevgi-kalp-yuzuk-ayarlabilir-her-parmaga-olur-cizgili-kalp-yuzuk-2279","status":"publish","type":"product","link":"https:\/\/www.xladyaccessories.com\/de\/produkt\/silberfarbener-liebesherzring-verstellbar-passend-fur-jeden-fingergestreiften-herzring-2279\/","title":{"rendered":"Toptan G\u00fcm\u00fc\u015f Renk Sevgi Kalp Y\u00fcz\u00fck Ayarlabilir Her Parma\u011fa Olur \u00c7izgili Kalp Y\u00fcz\u00fck &#8211; 2279"},"content":{"rendered":"<p>\u00a0Die Gr\u00f6\u00dfe ist verstellbar und passt auf alle Finger.<\/p>\n<p>Metall: Messing.<\/p>\n<p>Beschichtung: Langlebige Beschichtung.\u00a0<\/p>\n<p>Spezielle Beschichtung gegen Allergien, Oxidation und Verdunkelung. Solange es von Chemikalien wie Creme, Wasser und Parf\u00fcm ferngehalten wird, verl\u00e4ngert sich die Nutzungsdauer des Produkts.<\/p>","protected":false},"excerpt":{"rendered":"<p>Stilvolle Ringe<\/p>","protected":false},"featured_media":12147,"comment_status":"open","ping_status":"closed","template":"","meta":[],"product_brand":[],"product_cat":[36],"product_tag":[],"class_list":{"0":"post-12145","1":"product","2":"type-product","3":"status-publish","4":"has-post-thumbnail","6":"product_cat-bijuteri-yuzuk","8":"first","9":"outofstock","10":"taxable","11":"shipping-taxable","12":"purchasable","13":"product-type-simple"},"_links":{"self":[{"href":"https:\/\/www.xladyaccessories.com\/de\/wp-json\/wp\/v2\/product\/12145","targetHints":{"allow":["GET"]}}],"collection":[{"href":"https:\/\/www.xladyaccessories.com\/de\/wp-json\/wp\/v2\/product"}],"about":[{"href":"https:\/\/www.xladyaccessories.com\/de\/wp-json\/wp\/v2\/types\/product"}],"replies":[{"embeddable":true,"href":"https:\/\/www.xladyaccessories.com\/de\/wp-json\/wp\/v2\/comments?post=12145"}],"wp:featuredmedia":[{"embeddable":true,"href":"https:\/\/www.xladyaccessories.com\/de\/wp-json\/wp\/v2\/media\/12147"}],"wp:attachment":[{"href":"https:\/\/www.xladyaccessories.com\/de\/wp-json\/wp\/v2\/media?parent=12145"}],"wp:term":[{"taxonomy":"product_brand","embeddable":true,"href":"https:\/\/www.xladyaccessories.com\/de\/wp-json\/wp\/v2\/product_brand?post=12145"},{"taxonomy":"product_cat","embeddable":true,"href":"https:\/\/www.xladyaccessories.com\/de\/wp-json\/wp\/v2\/product_cat?post=12145"},{"taxonomy":"product_tag","embeddable":true,"href":"https:\/\/www.xladyaccessories.com\/de\/wp-json\/wp\/v2\/product_tag?post=12145"}],"curies":[{"name":"wp","href":"https:\/\/api.w.org\/{rel}","templated":true}]}}