{"id":12117,"date":"2023-03-15T16:23:25","date_gmt":"2023-03-15T13:23:25","guid":{"rendered":"https:\/\/www.xladyaccessories.com\/urun\/altin-renk-yasam-agaci-cicegi-nazar-set-kolye-ve-bileklik-set-2278\/"},"modified":"2026-04-20T19:17:05","modified_gmt":"2026-04-20T16:17:05","slug":"toptan-altin-renk-yasam-agaci-cicegi-nazar-set-kolye-ve-bileklik-set-2278","status":"publish","type":"product","link":"https:\/\/www.xladyaccessories.com\/de\/produkt\/goldfarbener-baum-des-lebens-blume-boser-blick-halskette-und-armband-set-2278\/","title":{"rendered":"Gro\u00dfhandel Goldfarbenes Set mit Halskette und Armband mit Lebensbaum-Blume und b\u00f6sem Blick \u2013 2278"},"content":{"rendered":"<div>\n<div>100% Neues Produkt<\/div>\n<div>Typ: Kombinationsprodukt<\/div>\n<div>Material: Legierung<\/div>\n<\/div>\n<div>\u00a0<\/div>\n<div>Alle abgebildeten Produkte werden versendet.<\/div>\n<div>\u00a0<\/div>\n<div>\u00a0<\/div>\n<div>Ein hochwertiger Schmuck.; Es enth\u00e4lt kein Nickel; Es ist antiallergisch; Es verdunkelt sich nicht, es sei denn, es wird mit Chemikalien in Kontakt gebracht.<\/div>\n<div>\u00a0<\/div>\n<div>Die Nutzungsdauer des Zubeh\u00f6rs verl\u00e4ngert sich, sofern es von Parf\u00fcm, Seife, Alkohol und \u00e4hnlichen Chemikalien ferngehalten wird. Auf das Produkt wurde eine spezielle Schutzschicht gegen Allergien, Oxidation und Verdunkelung aufgetragen.<\/div>\n<div>\u00a0<\/div>","protected":false},"excerpt":{"rendered":"<p> Stilvolle Kombinationssets<\/p>","protected":false},"featured_media":12118,"comment_status":"open","ping_status":"closed","template":"","meta":[],"product_brand":[],"product_cat":[26],"product_tag":[],"class_list":{"0":"post-12117","1":"product","2":"type-product","3":"status-publish","4":"has-post-thumbnail","6":"product_cat-bijuteri-settakim","8":"first","9":"outofstock","10":"taxable","11":"shipping-taxable","12":"purchasable","13":"product-type-simple"},"_links":{"self":[{"href":"https:\/\/www.xladyaccessories.com\/de\/wp-json\/wp\/v2\/product\/12117","targetHints":{"allow":["GET"]}}],"collection":[{"href":"https:\/\/www.xladyaccessories.com\/de\/wp-json\/wp\/v2\/product"}],"about":[{"href":"https:\/\/www.xladyaccessories.com\/de\/wp-json\/wp\/v2\/types\/product"}],"replies":[{"embeddable":true,"href":"https:\/\/www.xladyaccessories.com\/de\/wp-json\/wp\/v2\/comments?post=12117"}],"wp:featuredmedia":[{"embeddable":true,"href":"https:\/\/www.xladyaccessories.com\/de\/wp-json\/wp\/v2\/media\/12118"}],"wp:attachment":[{"href":"https:\/\/www.xladyaccessories.com\/de\/wp-json\/wp\/v2\/media?parent=12117"}],"wp:term":[{"taxonomy":"product_brand","embeddable":true,"href":"https:\/\/www.xladyaccessories.com\/de\/wp-json\/wp\/v2\/product_brand?post=12117"},{"taxonomy":"product_cat","embeddable":true,"href":"https:\/\/www.xladyaccessories.com\/de\/wp-json\/wp\/v2\/product_cat?post=12117"},{"taxonomy":"product_tag","embeddable":true,"href":"https:\/\/www.xladyaccessories.com\/de\/wp-json\/wp\/v2\/product_tag?post=12117"}],"curies":[{"name":"wp","href":"https:\/\/api.w.org\/{rel}","templated":true}]}}