{"id":11911,"date":"2023-02-22T17:25:18","date_gmt":"2023-02-22T14:25:18","guid":{"rendered":"https:\/\/www.xladyaccessories.com\/urun\/altin-renk-turkuaz-boncuk-sik-duz-pollyanna-el-isi-kombin-kupe-2256\/"},"modified":"2026-04-27T19:17:37","modified_gmt":"2026-04-27T16:17:37","slug":"toptan-altin-renk-turkuaz-boncuk-sik-duz-pollyanna-el-isi-kombin-kupe-2256","status":"publish","type":"product","link":"https:\/\/www.xladyaccessories.com\/de\/produkt\/goldfarbene-turkisfarbene-perlen-sik-plain-pollyanna-handgefertigter-kombinationsohrring-2256\/","title":{"rendered":"Toptan Alt\u0131n Renk Turkuaz Boncuk \u015e\u0131k D\u00fcz Pollyanna El \u0130\u015fi Kombin K\u00fcpe &#8211; 2256"},"content":{"rendered":"<p>Stilvolle Ohrringmodelle<\/p>\n<ul id=\"content-descriptions-list\">\n<li>Gegen Anlaufen wurde eine spezielle Beschichtung verwendet.<\/li>\n<li>Der Kontakt mit Substanzen wie Creme, Parf\u00fcm und Alkohol sollte vermieden werden.<\/li>\n<\/ul>","protected":false},"excerpt":{"rendered":"<p>Stilvolle Ohrringmodelle<\/p>","protected":false},"featured_media":11912,"comment_status":"open","ping_status":"closed","template":"","meta":[],"product_brand":[],"product_cat":[91],"product_tag":[],"class_list":{"0":"post-11911","1":"product","2":"type-product","3":"status-publish","4":"has-post-thumbnail","6":"product_cat-bijuteri_kupe","8":"first","9":"outofstock","10":"taxable","11":"shipping-taxable","12":"purchasable","13":"product-type-simple"},"_links":{"self":[{"href":"https:\/\/www.xladyaccessories.com\/de\/wp-json\/wp\/v2\/product\/11911","targetHints":{"allow":["GET"]}}],"collection":[{"href":"https:\/\/www.xladyaccessories.com\/de\/wp-json\/wp\/v2\/product"}],"about":[{"href":"https:\/\/www.xladyaccessories.com\/de\/wp-json\/wp\/v2\/types\/product"}],"replies":[{"embeddable":true,"href":"https:\/\/www.xladyaccessories.com\/de\/wp-json\/wp\/v2\/comments?post=11911"}],"wp:featuredmedia":[{"embeddable":true,"href":"https:\/\/www.xladyaccessories.com\/de\/wp-json\/wp\/v2\/media\/11912"}],"wp:attachment":[{"href":"https:\/\/www.xladyaccessories.com\/de\/wp-json\/wp\/v2\/media?parent=11911"}],"wp:term":[{"taxonomy":"product_brand","embeddable":true,"href":"https:\/\/www.xladyaccessories.com\/de\/wp-json\/wp\/v2\/product_brand?post=11911"},{"taxonomy":"product_cat","embeddable":true,"href":"https:\/\/www.xladyaccessories.com\/de\/wp-json\/wp\/v2\/product_cat?post=11911"},{"taxonomy":"product_tag","embeddable":true,"href":"https:\/\/www.xladyaccessories.com\/de\/wp-json\/wp\/v2\/product_tag?post=11911"}],"curies":[{"name":"wp","href":"https:\/\/api.w.org\/{rel}","templated":true}]}}