{"id":10672,"date":"2022-10-20T08:24:29","date_gmt":"2022-10-20T05:24:29","guid":{"rendered":"https:\/\/www.xladyaccessories.com\/urun\/altin-renk-zirkon-tasli-kus-model-zirkon-kolye-2084\/"},"modified":"2026-04-15T19:16:40","modified_gmt":"2026-04-15T16:16:40","slug":"toptan-altin-renk-zirkon-tasli-kus-model-zirkon-kolye-2084","status":"publish","type":"product","link":"https:\/\/www.xladyaccessories.com\/de\/produkt\/goldfarbene-zirkonstein-vogelmodell-zirkonhalskette-2084\/","title":{"rendered":"Toptan Alt\u0131n Renk Zirkon Ta\u015fl\u0131 Ku\u015f Model Zirkon Kolye &#8211; 2084"},"content":{"rendered":"<p>Bei unseren Produkten handelt es sich um Original-Zirkoniumsteine<br \/>\nHergestellt als anlaufgesch\u00fctzte Beschichtung<br \/>\nKettenl\u00e4nge: 42+3 cm<br \/>\nMaterial: Bronze<\/p>\n<p>\u00a0<\/p>","protected":false},"excerpt":{"rendered":"<p>Stilvolle Zirkon-Halsketten<\/p>","protected":false},"featured_media":10673,"comment_status":"open","ping_status":"closed","template":"","meta":[],"product_brand":[],"product_cat":[100],"product_tag":[],"class_list":{"0":"post-10672","1":"product","2":"type-product","3":"status-publish","4":"has-post-thumbnail","6":"product_cat-zirkon-kolye","8":"first","9":"outofstock","10":"taxable","11":"shipping-taxable","12":"purchasable","13":"product-type-simple"},"_links":{"self":[{"href":"https:\/\/www.xladyaccessories.com\/de\/wp-json\/wp\/v2\/product\/10672","targetHints":{"allow":["GET"]}}],"collection":[{"href":"https:\/\/www.xladyaccessories.com\/de\/wp-json\/wp\/v2\/product"}],"about":[{"href":"https:\/\/www.xladyaccessories.com\/de\/wp-json\/wp\/v2\/types\/product"}],"replies":[{"embeddable":true,"href":"https:\/\/www.xladyaccessories.com\/de\/wp-json\/wp\/v2\/comments?post=10672"}],"wp:featuredmedia":[{"embeddable":true,"href":"https:\/\/www.xladyaccessories.com\/de\/wp-json\/wp\/v2\/media\/10673"}],"wp:attachment":[{"href":"https:\/\/www.xladyaccessories.com\/de\/wp-json\/wp\/v2\/media?parent=10672"}],"wp:term":[{"taxonomy":"product_brand","embeddable":true,"href":"https:\/\/www.xladyaccessories.com\/de\/wp-json\/wp\/v2\/product_brand?post=10672"},{"taxonomy":"product_cat","embeddable":true,"href":"https:\/\/www.xladyaccessories.com\/de\/wp-json\/wp\/v2\/product_cat?post=10672"},{"taxonomy":"product_tag","embeddable":true,"href":"https:\/\/www.xladyaccessories.com\/de\/wp-json\/wp\/v2\/product_tag?post=10672"}],"curies":[{"name":"wp","href":"https:\/\/api.w.org\/{rel}","templated":true}]}}