{"id":10463,"date":"2022-10-20T07:51:22","date_gmt":"2022-10-20T04:51:22","guid":{"rendered":"https:\/\/www.xladyaccessories.com\/urun\/altin-renk-yuvarlak-ritim-nazar-goz-model-asansor-zirkon-bileklik-2028\/"},"modified":"2026-04-25T19:16:12","modified_gmt":"2026-04-25T16:16:12","slug":"toptan-altin-renk-yuvarlak-ritim-nazar-goz-model-asansor-zirkon-bileklik-2028","status":"publish","type":"product","link":"https:\/\/www.xladyaccessories.com\/de\/produkt\/goldfarbenes-rundes-rhythmus-armband-mit-bosem-blick-modell-aufzug-zirkonarmband-2028\/","title":{"rendered":"Toptan Alt\u0131n Renk Yuvarlak Ritim Nazar G\u00f6z Model Asans\u00f6r Zirkon Bileklik &#8211; 2028"},"content":{"rendered":"<p>Bei unseren Produkten handelt es sich um Original-Zirkoniumsteine<br \/>\nHergestellt in VERGOLDET<br \/>\nKettenl\u00e4nge: 21 cm<br \/>\nMaterial: Bronze<\/p>\n<p>\u00a0<\/p>","protected":false},"excerpt":{"rendered":"<p>Stilvolle Zirkonarmb\u00e4nder<\/p>","protected":false},"featured_media":10464,"comment_status":"open","ping_status":"closed","template":"","meta":[],"product_brand":[],"product_cat":[93],"product_tag":[],"class_list":{"0":"post-10463","1":"product","2":"type-product","3":"status-publish","4":"has-post-thumbnail","6":"product_cat-zirkon-bileklik","8":"first","9":"outofstock","10":"taxable","11":"shipping-taxable","12":"purchasable","13":"product-type-simple"},"_links":{"self":[{"href":"https:\/\/www.xladyaccessories.com\/de\/wp-json\/wp\/v2\/product\/10463","targetHints":{"allow":["GET"]}}],"collection":[{"href":"https:\/\/www.xladyaccessories.com\/de\/wp-json\/wp\/v2\/product"}],"about":[{"href":"https:\/\/www.xladyaccessories.com\/de\/wp-json\/wp\/v2\/types\/product"}],"replies":[{"embeddable":true,"href":"https:\/\/www.xladyaccessories.com\/de\/wp-json\/wp\/v2\/comments?post=10463"}],"wp:featuredmedia":[{"embeddable":true,"href":"https:\/\/www.xladyaccessories.com\/de\/wp-json\/wp\/v2\/media\/10464"}],"wp:attachment":[{"href":"https:\/\/www.xladyaccessories.com\/de\/wp-json\/wp\/v2\/media?parent=10463"}],"wp:term":[{"taxonomy":"product_brand","embeddable":true,"href":"https:\/\/www.xladyaccessories.com\/de\/wp-json\/wp\/v2\/product_brand?post=10463"},{"taxonomy":"product_cat","embeddable":true,"href":"https:\/\/www.xladyaccessories.com\/de\/wp-json\/wp\/v2\/product_cat?post=10463"},{"taxonomy":"product_tag","embeddable":true,"href":"https:\/\/www.xladyaccessories.com\/de\/wp-json\/wp\/v2\/product_tag?post=10463"}],"curies":[{"name":"wp","href":"https:\/\/api.w.org\/{rel}","templated":true}]}}