{"id":10380,"date":"2022-10-20T07:43:28","date_gmt":"2022-10-20T04:43:28","guid":{"rendered":"https:\/\/www.xladyaccessories.com\/urun\/altin-renk-uc-sira-tasli-model-asansor-zirkon-bileklik-2000\/"},"modified":"2026-04-18T09:15:37","modified_gmt":"2026-04-18T06:15:37","slug":"toptan-altin-renk-uc-sira-tasli-model-asansor-zirkon-bileklik-2000","status":"publish","type":"product","link":"https:\/\/www.xladyaccessories.com\/de\/produkt\/goldfarbenes-dreireihiges-steinmodell-elevator-zirkon-armband-2000\/","title":{"rendered":"Toptan Alt\u0131n Renk  \u00dc\u00e7 S\u0131ra Ta\u015fl\u0131 Model Asans\u00f6r Zirkon Bileklik &#8211; 2000"},"content":{"rendered":"<p>Es gibt keine Farboption. Abh\u00e4ngig von der Lagerverf\u00fcgbarkeit wird eine Mischung der auf den Bildern gezeigten Produkte versendet.<\/p>\n<p>Bei unseren Produkten handelt es sich um Original-Zirkoniumsteine<br \/>\nHergestellt als langlebige Beschichtung<br \/>\nKettenl\u00e4nge: 21 cm<br \/>\nMaterial: Bronze<\/p>\n<p>\u00a0<\/p>","protected":false},"excerpt":{"rendered":"<p>Stilvolle Zirkonarmb\u00e4nder<\/p>","protected":false},"featured_media":10381,"comment_status":"open","ping_status":"closed","template":"","meta":[],"product_brand":[],"product_cat":[93],"product_tag":[],"class_list":{"0":"post-10380","1":"product","2":"type-product","3":"status-publish","4":"has-post-thumbnail","6":"product_cat-zirkon-bileklik","8":"first","9":"outofstock","10":"taxable","11":"shipping-taxable","12":"purchasable","13":"product-type-simple"},"_links":{"self":[{"href":"https:\/\/www.xladyaccessories.com\/de\/wp-json\/wp\/v2\/product\/10380","targetHints":{"allow":["GET"]}}],"collection":[{"href":"https:\/\/www.xladyaccessories.com\/de\/wp-json\/wp\/v2\/product"}],"about":[{"href":"https:\/\/www.xladyaccessories.com\/de\/wp-json\/wp\/v2\/types\/product"}],"replies":[{"embeddable":true,"href":"https:\/\/www.xladyaccessories.com\/de\/wp-json\/wp\/v2\/comments?post=10380"}],"wp:featuredmedia":[{"embeddable":true,"href":"https:\/\/www.xladyaccessories.com\/de\/wp-json\/wp\/v2\/media\/10381"}],"wp:attachment":[{"href":"https:\/\/www.xladyaccessories.com\/de\/wp-json\/wp\/v2\/media?parent=10380"}],"wp:term":[{"taxonomy":"product_brand","embeddable":true,"href":"https:\/\/www.xladyaccessories.com\/de\/wp-json\/wp\/v2\/product_brand?post=10380"},{"taxonomy":"product_cat","embeddable":true,"href":"https:\/\/www.xladyaccessories.com\/de\/wp-json\/wp\/v2\/product_cat?post=10380"},{"taxonomy":"product_tag","embeddable":true,"href":"https:\/\/www.xladyaccessories.com\/de\/wp-json\/wp\/v2\/product_tag?post=10380"}],"curies":[{"name":"wp","href":"https:\/\/api.w.org\/{rel}","templated":true}]}}