{"id":10258,"date":"2022-09-26T09:29:06","date_gmt":"2022-09-26T06:29:06","guid":{"rendered":"https:\/\/www.xladyaccessories.com\/urun\/gumus-renk-turkuaz-mineli-gulen-surat-kupe-1980\/"},"modified":"2024-06-27T09:27:07","modified_gmt":"2024-06-27T06:27:07","slug":"toptan-gumus-renk-turkuaz-mineli-gulen-surat-kupe-1980","status":"publish","type":"product","link":"https:\/\/www.xladyaccessories.com\/de\/produkt\/silberfarbener-turkisfarbener-emaille-ohrring-mit-lachelndem-gesicht-1980\/","title":{"rendered":"Toptan G\u00fcm\u00fc\u015f Renk Turkuaz Mineli G\u00fclen Surat K\u00fcpe &#8211; 1980"},"content":{"rendered":"<p>Stilvolle Ohrringmodelle<\/p>\n<ul id=\"content-descriptions-list\">\n<li>Gegen Anlaufen wurde eine spezielle Beschichtung verwendet.<\/li>\n<li>Der Kontakt mit Substanzen wie Creme, Parf\u00fcm und Alkohol sollte vermieden werden.<\/li>\n<\/ul>","protected":false},"excerpt":{"rendered":"<p>Stilvolle Ohrringmodelle<\/p>","protected":false},"featured_media":10259,"comment_status":"open","ping_status":"closed","template":"","meta":[],"product_brand":[],"product_cat":[91],"product_tag":[],"class_list":{"0":"post-10258","1":"product","2":"type-product","3":"status-publish","4":"has-post-thumbnail","6":"product_cat-bijuteri_kupe","8":"first","9":"outofstock","10":"taxable","11":"shipping-taxable","12":"purchasable","13":"product-type-simple"},"_links":{"self":[{"href":"https:\/\/www.xladyaccessories.com\/de\/wp-json\/wp\/v2\/product\/10258","targetHints":{"allow":["GET"]}}],"collection":[{"href":"https:\/\/www.xladyaccessories.com\/de\/wp-json\/wp\/v2\/product"}],"about":[{"href":"https:\/\/www.xladyaccessories.com\/de\/wp-json\/wp\/v2\/types\/product"}],"replies":[{"embeddable":true,"href":"https:\/\/www.xladyaccessories.com\/de\/wp-json\/wp\/v2\/comments?post=10258"}],"wp:featuredmedia":[{"embeddable":true,"href":"https:\/\/www.xladyaccessories.com\/de\/wp-json\/wp\/v2\/media\/10259"}],"wp:attachment":[{"href":"https:\/\/www.xladyaccessories.com\/de\/wp-json\/wp\/v2\/media?parent=10258"}],"wp:term":[{"taxonomy":"product_brand","embeddable":true,"href":"https:\/\/www.xladyaccessories.com\/de\/wp-json\/wp\/v2\/product_brand?post=10258"},{"taxonomy":"product_cat","embeddable":true,"href":"https:\/\/www.xladyaccessories.com\/de\/wp-json\/wp\/v2\/product_cat?post=10258"},{"taxonomy":"product_tag","embeddable":true,"href":"https:\/\/www.xladyaccessories.com\/de\/wp-json\/wp\/v2\/product_tag?post=10258"}],"curies":[{"name":"wp","href":"https:\/\/api.w.org\/{rel}","templated":true}]}}