{"id":9284,"date":"2022-08-02T18:57:29","date_gmt":"2022-08-02T15:57:29","guid":{"rendered":"https:\/\/www.xladyaccessories.com\/urun\/gumus-renk-cicek-incili-model-bros-1730\/"},"modified":"2026-04-16T09:14:59","modified_gmt":"2026-04-16T06:14:59","slug":"toptan-gumus-renk-cicek-incili-model-bros-1730","status":"publish","type":"product","link":"https:\/\/www.xladyaccessories.com\/ar\/product\/\u0632\u0647\u0631\u0629-\u0644\u0624\u0644\u0624\u064a\u0629-\u0644\u0648\u0646-\u0641\u0636\u064a-\u0645\u0648\u062f\u064a\u0644-\u0628\u0631\u0648\u0633-1730\/","title":{"rendered":"Toptan G\u00fcm\u00fc\u015f Renk \u00c7i\u00e7ek \u0130ncili Model Bro\u015f &#8211; 1730"},"content":{"rendered":"<p>\u0646\u0645\u0627\u0630\u062c \u0628\u0631\u0648\u0634 \u0623\u0646\u064a\u0642\u0629<\/p>\n<p>\u064a\u0645\u0643\u0646 \u0627\u0633\u062a\u062e\u062f\u0627\u0645\u0647 \u0643\u062f\u0628\u0648\u0633 \u0637\u064a\u0629 \u0635\u062f\u0631 \u0627\u0644\u0633\u062a\u0631\u0629 \u0623\u0648 \u062f\u0628\u0648\u0633 \u0648\u0634\u0627\u062d.<\/p>\n<p>\u064a\u0645\u0643\u0646\u0643 \u0625\u0636\u0627\u0641\u0629 \u0627\u0644\u0623\u0646\u0627\u0642\u0629 \u0625\u0644\u0649 \u0627\u0644\u0623\u0648\u0634\u062d\u0629 \u0648\u0627\u0644\u0634\u0627\u0644\u0627\u062a \u0648\u0627\u0644\u0645\u0644\u0627\u0628\u0633 \u0628\u0627\u0633\u062a\u062e\u062f\u0627\u0645 \u0627\u0644\u0628\u0631\u0648\u0634.<\/p>\n<p>\u0627\u0644\u0628\u0631\u0648\u0634 \u064a\u0643\u0634\u0641 \u062c\u0627\u0646\u0628\u0643 \u0627\u0644\u0625\u0628\u062f\u0627\u0639\u064a. \u064a\u063a\u064a\u0631 \u0645\u0638\u0647\u0631 \u0645\u0644\u0627\u0628\u0633\u0643 \u0648\u064a\u0636\u064a\u0641 \u0627\u0644\u0623\u0646\u0627\u0642\u0629 \u0625\u0644\u0649 \u0623\u0633\u0644\u0648\u0628\u0643. \u0645\u0646 \u0627\u0644\u0645\u0645\u0643\u0646 \u062a\u062d\u0642\u064a\u0642 \u0627\u0644\u0623\u0646\u0627\u0642\u0629 \u062f\u0648\u0646 \u0627\u0644\u062d\u0627\u062c\u0629 \u0625\u0644\u0649 \u0623\u064a \u0625\u0643\u0633\u0633\u0648\u0627\u0631 \u0622\u062e\u0631 \u0645\u0639 \u0627\u0644\u0628\u0631\u0648\u0634 \u0627\u0644\u0630\u064a \u062a\u0633\u062a\u062e\u062f\u0645\u0647 \u0627\u0644\u0646\u0633\u0627\u0621 \u0627\u0644\u0644\u0627\u062a\u064a \u064a\u0631\u063a\u0628\u0646 \u0641\u064a \u0627\u0644\u062a\u0623\u0643\u064a\u062f \u0639\u0644\u0649 \u0623\u0633\u0644\u0648\u0628\u0647\u0646 \u0627\u0644\u0641\u0631\u064a\u062f.<\/p>\n<p>\u064a\u0645\u0643\u0646\u0643 \u0627\u0644\u062c\u0645\u0639 \u0628\u064a\u0646 \u0627\u0644\u0628\u0631\u0648\u0634\u0627\u062a \u0648\u0623\u0633\u0644\u0648\u0628\u0643 \u0627\u0644\u062e\u0627\u0635 \u0648\u0627\u0633\u062a\u062e\u062f\u0627\u0645\u0647\u0627 \u0644\u064a\u0633 \u0641\u0642\u0637 \u0639\u0644\u0649 \u0627\u0644\u064a\u0627\u0642\u0627\u062a \u0648\u0627\u0644\u0633\u062a\u0631\u0627\u062a\u060c \u0648\u0644\u0643\u0646 \u0623\u064a\u0636\u064b\u0627 \u0641\u064a \u0645\u0644\u0627\u0628\u0633\u0643 \u0627\u0644\u064a\u0648\u0645\u064a\u0629\u061b \u064a\u0645\u0643\u0646\u0643 \u062a\u062d\u0642\u064a\u0642 \u0623\u0633\u0644\u0648\u0628 \u0645\u062e\u062a\u0644\u0641 \u0645\u0646 \u062e\u0644\u0627\u0644 \u0627\u0644\u062c\u0645\u0639 \u0628\u064a\u0646 \u0627\u0644\u0641\u0633\u0627\u062a\u064a\u0646 \u0648\u0627\u0644\u0645\u0639\u0627\u0637\u0641 \u0648\u0627\u0644\u0642\u0645\u0635\u0627\u0646 \u0648\u0627\u0644\u0633\u062a\u0631\u0627\u062a \u0648\u0627\u0644\u0642\u0645\u0635\u0627\u0646 \u0648\u0627\u0644\u0633\u062a\u0631\u0627\u062a \u0648\u0639\u0635\u0627\u0628\u0627\u062a \u0627\u0644\u0631\u0623\u0633 \u0648\u0627\u0644\u0642\u0628\u0639\u0627\u062a \u0648\u0627\u0644\u0623\u0648\u0634\u062d\u0629 \u0648\u0627\u0644\u0634\u0627\u0644\u0627\u062a \u0648\u0627\u0644\u062d\u0642\u0627\u0626\u0628.<\/p>","protected":false},"excerpt":{"rendered":"<p>\u0646\u0645\u0627\u0630\u062c \u0628\u0631\u0648\u0634 \u0623\u0646\u064a\u0642\u0629<\/p>","protected":false},"featured_media":9285,"comment_status":"open","ping_status":"closed","template":"","meta":[],"product_brand":[],"product_cat":[25],"product_tag":[],"class_list":{"0":"post-9284","1":"product","2":"type-product","3":"status-publish","4":"has-post-thumbnail","6":"product_cat-bijuteri-bros","8":"first","9":"outofstock","10":"taxable","11":"shipping-taxable","12":"purchasable","13":"product-type-simple"},"_links":{"self":[{"href":"https:\/\/www.xladyaccessories.com\/ar\/wp-json\/wp\/v2\/product\/9284","targetHints":{"allow":["GET"]}}],"collection":[{"href":"https:\/\/www.xladyaccessories.com\/ar\/wp-json\/wp\/v2\/product"}],"about":[{"href":"https:\/\/www.xladyaccessories.com\/ar\/wp-json\/wp\/v2\/types\/product"}],"replies":[{"embeddable":true,"href":"https:\/\/www.xladyaccessories.com\/ar\/wp-json\/wp\/v2\/comments?post=9284"}],"wp:featuredmedia":[{"embeddable":true,"href":"https:\/\/www.xladyaccessories.com\/ar\/wp-json\/wp\/v2\/media\/9285"}],"wp:attachment":[{"href":"https:\/\/www.xladyaccessories.com\/ar\/wp-json\/wp\/v2\/media?parent=9284"}],"wp:term":[{"taxonomy":"product_brand","embeddable":true,"href":"https:\/\/www.xladyaccessories.com\/ar\/wp-json\/wp\/v2\/product_brand?post=9284"},{"taxonomy":"product_cat","embeddable":true,"href":"https:\/\/www.xladyaccessories.com\/ar\/wp-json\/wp\/v2\/product_cat?post=9284"},{"taxonomy":"product_tag","embeddable":true,"href":"https:\/\/www.xladyaccessories.com\/ar\/wp-json\/wp\/v2\/product_tag?post=9284"}],"curies":[{"name":"wp","href":"https:\/\/api.w.org\/{rel}","templated":true}]}}