{"id":7793,"date":"2022-06-14T19:24:50","date_gmt":"2022-06-14T16:24:50","guid":{"rendered":"https:\/\/www.xladyaccessories.com\/urun\/gumus-renk-yildiz-sekil-bff-arkadas-bilekligi-1404\/"},"modified":"2026-04-19T19:13:18","modified_gmt":"2026-04-19T16:13:18","slug":"toptan-gumus-renk-yildiz-sekil-bff-arkadas-bilekligi-1404","status":"publish","type":"product","link":"https:\/\/www.xladyaccessories.com\/ar\/product\/\u0633\u0648\u0627\u0631-\u0635\u062f\u064a\u0642-\u0635\u062f\u064a\u0642-\u0639\u0644\u0649-\u0634\u0643\u0644-\u0646\u062c\u0645\u0629-\u0641\u0636\u064a\u0629-\u0627\u0644\u0644\u0648\u0646-1404\/","title":{"rendered":"Toptan G\u00fcm\u00fc\u015f Renk Y\u0131ld\u0131z \u015eekil Bff Arkada\u015f Bilekli\u011fi &#8211; 1404"},"content":{"rendered":"<p>-\u0627\u0644\u0645\u0646\u062a\u062c \u064a\u062a\u0643\u0648\u0646 \u0645\u0646 4 \u0627\u0633\u0627\u0648\u0631. \u0623\u0636\u0641 \u0628\u0639\u0636 \u0627\u0644\u0625\u062b\u0627\u0631\u0629 \u0625\u0644\u0649 \u0645\u0639\u0635\u0645\u0643 \u0645\u0639 \u0647\u0630\u0627 \u0627\u0644\u0633\u0648\u0627\u0631 \u0627\u0644\u0628\u0633\u064a\u0637 \u0644\u0644\u0635\u062f\u0627\u0642\u0629 \u0627\u0644\u0643\u0644\u0627\u0633\u064a\u0643\u064a. \u0633\u0648\u0627\u0631 \u0627\u0644\u0635\u062f\u0627\u0642\u0629 \u0647\u0630\u0627 \u0645\u0632\u064a\u0646 \u0628\u0623\u0634\u0643\u0627\u0644 \u0647\u0646\u062f\u0633\u064a\u0629 \u0645\u0637\u0644\u064a\u0629 \u0628\u0627\u0644\u0630\u0647\u0628 \u0628\u0623\u0644\u0648\u0627\u0646 \u0648\u0623\u0635\u0646\u0627\u0641 \u0645\u062e\u062a\u0644\u0641\u0629. \u064a\u062a\u0645 \u0631\u0628\u0637\u0647 \u0628\u0639\u0642\u062f\u0629 \u0628\u0633\u064a\u0637\u0629. \u064a\u0645\u0643\u0646 \u062a\u0631\u0643\u064a\u0628\u0647 \u0648\u0625\u0632\u0627\u0644\u062a\u0647 \u0628\u0633\u0647\u0648\u0644\u0629. \u062a\u0628\u062f\u0648 \u0647\u0630\u0647 \u0627\u0644\u0623\u0633\u0627\u0648\u0631 \u0631\u0627\u0626\u0639\u0629 \u0628\u0645\u0641\u0631\u062f\u0647\u0627 \u0648\u0623\u0641\u0636\u0644 \u0639\u0646\u062f \u0625\u0642\u0631\u0627\u0646\u0647\u0627 \u0645\u0639 \u0627\u0644\u0622\u062e\u0631\u064a\u0646. \u0645\u062b\u0627\u0644\u064a\u0629 \u0644\u062c\u0645\u064a\u0639 \u0623\u0635\u062f\u0642\u0627\u0626\u0643 \u0627\u0644\u0645\u0642\u0631\u0628\u064a\u0646 (\u0623\u0648 \u0644\u0644\u0627\u062d\u062a\u0641\u0627\u0638 \u0628\u0647\u0627 \u0644\u0646\u0641\u0633\u0643).<br \/>\n\u00a0<\/p>","protected":false},"excerpt":{"rendered":"<p>\u0623\u0633\u0627\u0648\u0631 \u0623\u0646\u064a\u0642\u0629<\/p>","protected":false},"featured_media":7794,"comment_status":"open","ping_status":"closed","template":"","meta":[],"product_brand":[],"product_cat":[42],"product_tag":[],"class_list":{"0":"post-7793","1":"product","2":"type-product","3":"status-publish","4":"has-post-thumbnail","6":"product_cat-bijuteri-bileklik","8":"first","9":"outofstock","10":"taxable","11":"shipping-taxable","12":"purchasable","13":"product-type-simple"},"_links":{"self":[{"href":"https:\/\/www.xladyaccessories.com\/ar\/wp-json\/wp\/v2\/product\/7793","targetHints":{"allow":["GET"]}}],"collection":[{"href":"https:\/\/www.xladyaccessories.com\/ar\/wp-json\/wp\/v2\/product"}],"about":[{"href":"https:\/\/www.xladyaccessories.com\/ar\/wp-json\/wp\/v2\/types\/product"}],"replies":[{"embeddable":true,"href":"https:\/\/www.xladyaccessories.com\/ar\/wp-json\/wp\/v2\/comments?post=7793"}],"wp:featuredmedia":[{"embeddable":true,"href":"https:\/\/www.xladyaccessories.com\/ar\/wp-json\/wp\/v2\/media\/7794"}],"wp:attachment":[{"href":"https:\/\/www.xladyaccessories.com\/ar\/wp-json\/wp\/v2\/media?parent=7793"}],"wp:term":[{"taxonomy":"product_brand","embeddable":true,"href":"https:\/\/www.xladyaccessories.com\/ar\/wp-json\/wp\/v2\/product_brand?post=7793"},{"taxonomy":"product_cat","embeddable":true,"href":"https:\/\/www.xladyaccessories.com\/ar\/wp-json\/wp\/v2\/product_cat?post=7793"},{"taxonomy":"product_tag","embeddable":true,"href":"https:\/\/www.xladyaccessories.com\/ar\/wp-json\/wp\/v2\/product_tag?post=7793"}],"curies":[{"name":"wp","href":"https:\/\/api.w.org\/{rel}","templated":true}]}}