{"id":4948,"date":"2022-01-14T18:48:59","date_gmt":"2022-01-14T15:48:59","guid":{"rendered":"https:\/\/www.xladyaccessories.com\/urun\/altin-renk-pembe-mineli-simsek-figurlu-kombin-kupe-658\/"},"modified":"2023-09-25T09:04:21","modified_gmt":"2023-09-25T06:04:21","slug":"toptan-altin-renk-pembe-mineli-simsek-figurlu-kombin-kupe-658","status":"publish","type":"product","link":"https:\/\/www.xladyaccessories.com\/ar\/product\/\u062d\u0644\u0642-\u0645\u0631\u0643\u0628-\u0639\u0644\u0649-\u0634\u0643\u0644-\u0635\u0627\u0639\u0642\u0629-\u0630\u0647\u0628\u064a-\u0627\u0644\u0644\u0648\u0646-\u0645\u0646-\u0627\u0644\u0645-2\/","title":{"rendered":"Toptan Alt\u0131n Renk Pembe  Mineli \u015eim\u015fek  Figurlu Kombin K\u00fcpe 658"},"content":{"rendered":"<p>\u0646\u0645\u0627\u0630\u062c \u0627\u0644\u0623\u0642\u0631\u0627\u0637 \u0627\u0644\u0623\u0646\u064a\u0642\u0629<\/p>\n<p>\u00a0<\/p>\n<ul id=\"content-descriptions-list\">\n<li>\u062a\u0645 \u0627\u0633\u062a\u062e\u062f\u0627\u0645 \u0637\u0644\u0627\u0621 \u062e\u0627\u0635 \u0636\u062f \u0627\u0644\u062a\u0634\u0648\u064a\u0647.<\/li>\n<li>\u064a\u062c\u0628 \u062a\u062c\u0646\u0628 \u0645\u0644\u0627\u0645\u0633\u0629 \u0645\u0648\u0627\u062f \u0645\u062b\u0644 \u0627\u0644\u0643\u0631\u064a\u0645 \u0648\u0627\u0644\u0639\u0637\u0648\u0631 \u0648\u0627\u0644\u0643\u062d\u0648\u0644.<\/li>\n<\/ul>","protected":false},"excerpt":{"rendered":"<p>\u0646\u0645\u0627\u0630\u062c \u0627\u0644\u0642\u0631\u0637 \u0627\u0644\u0623\u0646\u064a\u0642\u0629<\/p>","protected":false},"featured_media":4949,"comment_status":"open","ping_status":"closed","template":"","meta":[],"product_brand":[],"product_cat":[91],"product_tag":[],"class_list":{"0":"post-4948","1":"product","2":"type-product","3":"status-publish","4":"has-post-thumbnail","6":"product_cat-bijuteri_kupe","8":"first","9":"outofstock","10":"taxable","11":"shipping-taxable","12":"purchasable","13":"product-type-simple"},"_links":{"self":[{"href":"https:\/\/www.xladyaccessories.com\/ar\/wp-json\/wp\/v2\/product\/4948","targetHints":{"allow":["GET"]}}],"collection":[{"href":"https:\/\/www.xladyaccessories.com\/ar\/wp-json\/wp\/v2\/product"}],"about":[{"href":"https:\/\/www.xladyaccessories.com\/ar\/wp-json\/wp\/v2\/types\/product"}],"replies":[{"embeddable":true,"href":"https:\/\/www.xladyaccessories.com\/ar\/wp-json\/wp\/v2\/comments?post=4948"}],"wp:featuredmedia":[{"embeddable":true,"href":"https:\/\/www.xladyaccessories.com\/ar\/wp-json\/wp\/v2\/media\/4949"}],"wp:attachment":[{"href":"https:\/\/www.xladyaccessories.com\/ar\/wp-json\/wp\/v2\/media?parent=4948"}],"wp:term":[{"taxonomy":"product_brand","embeddable":true,"href":"https:\/\/www.xladyaccessories.com\/ar\/wp-json\/wp\/v2\/product_brand?post=4948"},{"taxonomy":"product_cat","embeddable":true,"href":"https:\/\/www.xladyaccessories.com\/ar\/wp-json\/wp\/v2\/product_cat?post=4948"},{"taxonomy":"product_tag","embeddable":true,"href":"https:\/\/www.xladyaccessories.com\/ar\/wp-json\/wp\/v2\/product_tag?post=4948"}],"curies":[{"name":"wp","href":"https:\/\/api.w.org\/{rel}","templated":true}]}}