{"id":4851,"date":"2022-01-11T17:28:36","date_gmt":"2022-01-11T14:28:36","guid":{"rendered":"https:\/\/www.xladyaccessories.com\/urun\/altin-renk-renkli-kaplumbaga-motifli-asansor-bileklik\/"},"modified":"2026-04-17T19:11:15","modified_gmt":"2026-04-17T16:11:15","slug":"toptan-altin-renk-renkli-kaplumbaga-motifli-asansor-bileklik","status":"publish","type":"product","link":"https:\/\/www.xladyaccessories.com\/ar\/product\/\u0633\u0648\u0627\u0631-\u0645\u0635\u0639\u062f-\u0639\u0644\u0649-\u0634\u0643\u0644-\u0633\u0644\u062d\u0641\u0627\u0629-\u0630\u0647\u0628\u064a\u0629-\u0627\u0644\u0644\u0648\u0646\/","title":{"rendered":"\u0633\u0648\u0627\u0631 \u0645\u0635\u0639\u062f \u0628\u062a\u0635\u0645\u064a\u0645 \u0633\u0644\u062d\u0641\u0627\u0629 \u0645\u0644\u0648\u0646\u0629 \u0628\u0627\u0644\u0644\u0648\u0646 \u0627\u0644\u0630\u0647\u0628\u064a \u0644\u0644\u0628\u064a\u0639 \u0628\u0627\u0644\u062c\u0645\u0644\u0629"},"content":{"rendered":"<div class=\"detailmodule_html\">\n<div class=\"detail-desc-decorate-richtext\">\n<div>100% \u0645\u0646\u062a\u062c \u062c\u062f\u064a\u062f<\/div>\n<div>\u0627\u0644\u0644\u0648\u0646: \u0644\u0648\u0646 \u0630\u0647\u0628\u064a<\/div>\n<div>\u062d\u062c\u0645 \u0627\u0644\u0634\u0643\u0644: 18 \u00d7 14 (\u0645\u0645)<\/div>\n<div>\u0627\u0644\u0646\u0648\u0639: \u0633\u0648\u0627\u0631 \u062d\u062c\u0631<\/div>\n<div>\u00a0<\/div>\n<div>\n<ul id=\"content-descriptions-list\">\n<li>\u062a\u0645 \u0627\u0633\u062a\u062e\u062f\u0627\u0645 \u0637\u0644\u0627\u0621 \u062e\u0627\u0635 \u0636\u062f \u0627\u0644\u062a\u0634\u0648\u064a\u0647.<\/li>\n<li>\u064a\u062c\u0628 \u062a\u062c\u0646\u0628 \u0645\u0644\u0627\u0645\u0633\u0629 \u0645\u0648\u0627\u062f \u0645\u062b\u0644 \u0627\u0644\u0643\u0631\u064a\u0645 \u0648\u0627\u0644\u0639\u0637\u0648\u0631 \u0648\u0627\u0644\u0643\u062d\u0648\u0644.<\/li>\n<\/ul>\n<p>\u00a0<\/p>\n<\/div>\n<\/div>\n<\/div>\n<p>window.adminAccountId=222258222;<\/p>","protected":false},"excerpt":{"rendered":"<p>100% Yeni \u00dcr\u00fcn Renk: Alt\u0131n Renk Fig\u00fcr Boyutu: 18X 14\u00a0(mm.) T\u00fcr\u00fc: Ta\u015fl\u0131 Bileklik \u00a0 Kararmaya kar\u015f\u0131 \u00f6zel kaplama kullan\u0131lm\u0131\u015ft\u0131r. Krem,parf\u00fcm,alkol gibi maddeler ile temas\u0131ndan ka\u00e7\u0131n\u0131lmal\u0131d\u0131r. \u00a0 window.adminAccountId=222258222;<\/p>","protected":false},"featured_media":4852,"comment_status":"open","ping_status":"closed","template":"","meta":[],"product_brand":[],"product_cat":[42],"product_tag":[],"class_list":{"0":"post-4851","1":"product","2":"type-product","3":"status-publish","4":"has-post-thumbnail","6":"product_cat-bijuteri-bileklik","8":"first","9":"outofstock","10":"taxable","11":"shipping-taxable","12":"purchasable","13":"product-type-simple"},"_links":{"self":[{"href":"https:\/\/www.xladyaccessories.com\/ar\/wp-json\/wp\/v2\/product\/4851","targetHints":{"allow":["GET"]}}],"collection":[{"href":"https:\/\/www.xladyaccessories.com\/ar\/wp-json\/wp\/v2\/product"}],"about":[{"href":"https:\/\/www.xladyaccessories.com\/ar\/wp-json\/wp\/v2\/types\/product"}],"replies":[{"embeddable":true,"href":"https:\/\/www.xladyaccessories.com\/ar\/wp-json\/wp\/v2\/comments?post=4851"}],"wp:featuredmedia":[{"embeddable":true,"href":"https:\/\/www.xladyaccessories.com\/ar\/wp-json\/wp\/v2\/media\/4852"}],"wp:attachment":[{"href":"https:\/\/www.xladyaccessories.com\/ar\/wp-json\/wp\/v2\/media?parent=4851"}],"wp:term":[{"taxonomy":"product_brand","embeddable":true,"href":"https:\/\/www.xladyaccessories.com\/ar\/wp-json\/wp\/v2\/product_brand?post=4851"},{"taxonomy":"product_cat","embeddable":true,"href":"https:\/\/www.xladyaccessories.com\/ar\/wp-json\/wp\/v2\/product_cat?post=4851"},{"taxonomy":"product_tag","embeddable":true,"href":"https:\/\/www.xladyaccessories.com\/ar\/wp-json\/wp\/v2\/product_tag?post=4851"}],"curies":[{"name":"wp","href":"https:\/\/api.w.org\/{rel}","templated":true}]}}