{"id":26593,"date":"2025-07-14T09:23:32","date_gmt":"2025-07-14T06:23:32","guid":{"rendered":"https:\/\/www.xladyaccessories.com\/urun\/toptan-gumus-renk-baklava-goz-top-sf-zincir-celik-sahmeran-3505\/"},"modified":"2026-04-25T09:24:48","modified_gmt":"2026-04-25T06:24:48","slug":"toptan-gumus-renk-baklava-goz-top-sf-zincir-celik-sahmeran-3505","status":"publish","type":"product","link":"https:\/\/www.xladyaccessories.com\/ar\/product\/toptan-gumus-renk-baklava-goz-top-sf-zincir-celik-sahmeran-3505\/","title":{"rendered":"\u062c\u0645\u0644\u0629 \u062e\u0631\u0632 \u0639\u064a\u0646 \u0645\u0646 \u0627\u0644\u0623\u0644\u0645\u0627\u0633 \u0628\u0644\u0648\u0646 \u0641\u0636\u064a \u0648\u0633\u0644\u0633\u0644\u0629 \u0641\u0648\u0644\u0627\u0630\u064a\u0629 \u0634\u0627\u0647\u0645\u0627\u0631\u0627\u0646 - 3505"},"content":{"rendered":"<p data-end=\"107\" data-start=\"69\"><strong data-end=\"107\" data-start=\"69\">\u0623\u0646\u064a\u0642\u0629 \u0648\u0645\u062a\u064a\u0646\u0629: \u0627\u0644\u0635\u0642\u0631 \u0627\u0644\u0641\u0648\u0644\u0627\u0630\u064a<\/strong><\/p>\n<p data-end=\"479\" data-start=\"109\">\u0644\u0627 \u063a\u0646\u0649 \u0639\u0646\u0647 \u0644\u0644\u0623\u0646\u0627\u0642\u0629 \u0627\u0644\u064a\u0648\u0645\u064a\u0629\u060c \u064a\u062a\u0645\u064a\u0632 \u0627\u0644\u0634\u0647\u0645\u0627\u0646 \u0627\u0644\u0641\u0648\u0644\u0627\u0630\u064a \u0628\u062a\u0635\u0645\u064a\u0645\u0647 \u0627\u0644\u0628\u0633\u064a\u0637 \u0648\u0627\u0644\u0645\u062b\u064a\u0631 \u0644\u0644\u0625\u0639\u062c\u0627\u0628 \u0641\u064a \u0646\u0641\u0633 \u0627\u0644\u0648\u0642\u062a. \u0645\u0635\u0646\u0648\u0639 \u0645\u0646 \u0627\u0644\u0641\u0648\u0644\u0627\u0630 \u0627\u0644\u0645\u0642\u0627\u0648\u0645 \u0644\u0644\u0635\u062f\u0623 \u0639\u0627\u0644\u064a \u0627\u0644\u062c\u0648\u062f\u0629\u060c \u0647\u0630\u0627 \u0627\u0644\u062a\u0635\u0645\u064a\u0645 \u0627\u0644\u062e\u0627\u0635 \u0644\u0627 \u064a\u0634\u0648\u0647 \u0648\u0645\u0642\u0627\u0648\u0645 \u0644\u0644\u0645\u0627\u0621 \u0648\u0645\u0644\u062d \u0627\u0644\u0628\u062d\u0631. \u064a\u0645\u0643\u0646\u0643 \u0627\u0633\u062a\u062e\u062f\u0627\u0645\u0647 \u0628\u0631\u0627\u062d\u0629 \u0627\u0644\u0628\u0627\u0644 \u0641\u064a \u0627\u0644\u0628\u062d\u0631 \u0623\u0648 \u0623\u062b\u0646\u0627\u0621 \u0627\u0644\u0627\u0633\u062a\u062d\u0645\u0627\u0645 \u0623\u0648 \u0641\u064a \u0627\u0644\u0623\u064a\u0627\u0645 \u0627\u0644\u0645\u0632\u062f\u062d\u0645\u0629. \u0628\u0641\u0636\u0644 \u0647\u064a\u0643\u0644\u0647\u0627 \u0627\u0644\u0635\u062f\u064a\u0642 \u0644\u0644\u0628\u0634\u0631\u0629\u060c \u0641\u0647\u064a \u062a\u0642\u0644\u0644 \u0645\u0646 \u062e\u0637\u0631 \u0627\u0644\u0625\u0635\u0627\u0628\u0629 \u0628\u0627\u0644\u062d\u0633\u0627\u0633\u064a\u0629 \u0648\u062a\u0648\u0641\u0631 \u0644\u0643 \u0627\u0633\u062a\u062e\u062f\u0627\u0645\u064b\u0627 \u0645\u0631\u064a\u062d\u064b\u0627.<\/p>\n<p data-end=\"506\" data-start=\"481\"><strong data-end=\"506\" data-start=\"481\">\u0627\u0644\u0645\u064a\u0632\u0627\u062a \u0627\u0644\u0645\u0645\u064a\u0632\u0629:<\/strong><\/p>\n<ul data-end=\"777\" data-start=\"507\">\n<li data-end=\"563\" data-start=\"507\">\n<p data-end=\"563\" data-start=\"509\">%100 paslanmaz \u00e7elik: Kararma yapmaz, uzun \u00f6m\u00fcrl\u00fcd\u00fcr<\/p>\n<\/li>\n<li data-end=\"615\" data-start=\"564\">\n<p data-end=\"615\" data-start=\"566\">\u0645\u0642\u0627\u0648\u0645 \u0644\u0644\u0645\u0627\u0621\u060c \u0648\u0645\u0644\u062d \u0627\u0644\u0628\u062d\u0631 \u0648\u0627\u0644\u0639\u0631\u0642<\/p>\n<\/li>\n<li data-end=\"676\" data-start=\"616\">\n<p data-end=\"676\" data-start=\"618\">\u0645\u0646\u0627\u0633\u0628 \u0644\u0644\u0627\u0633\u062a\u062e\u062f\u0627\u0645 \u0627\u0644\u064a\u0648\u0645\u064a\u060c \u0648\u064a\u062d\u0645\u064a \u0623\u0646\u0627\u0642\u062a\u0643 \u0641\u064a \u0623\u064a \u0628\u064a\u0626\u0629<\/p>\n<\/li>\n<li data-end=\"734\" data-start=\"677\">\n<p data-end=\"734\" data-start=\"679\">\u0628\u0646\u064a\u0629 \u0642\u0627\u0628\u0644\u0629 \u0644\u0644\u062a\u0639\u062f\u064a\u0644 \u062a\u062a\u0643\u064a\u0641 \u0645\u0639 \u0643\u0644 \u0645\u0639\u0635\u0645<\/p>\n<\/li>\n<li data-end=\"777\" data-start=\"735\">\n<p data-end=\"777\" data-start=\"737\">\u062a\u0645\u064a\u0651\u0632 \u0628\u062a\u0641\u0627\u0635\u064a\u0644 \u0639\u0635\u0631\u064a\u0629 \u0648\u0623\u0646\u064a\u0642\u0629<\/p>\n<\/li>\n<\/ul>\n<p data-end=\"860\" data-start=\"779\">\u0625\u0630\u0627 \u0643\u0646\u062a\u0650 \u062a\u0631\u063a\u0628\u064a\u0646 \u0641\u064a \u0625\u0636\u0627\u0641\u0629 \u0627\u0644\u0623\u0646\u0627\u0642\u0629 \u0648\u0627\u0644\u0645\u062a\u0627\u0646\u0629 \u0641\u064a \u0622\u0646\u064d \u0648\u0627\u062d\u062f \u0625\u0644\u0649 \u0625\u0637\u0644\u0627\u0644\u062a\u0643\u060c \u0641\u0647\u0630\u0627 \u0627\u0644\u0634\u0647\u0645\u0631\u0627\u0646 \u0645\u0646\u0627\u0633\u0628 \u0644\u0643\u0650!<\/p>\n<p>\u0645\u0646\u062a\u062c\u0627\u062a\u0646\u0627 \u0647\u064a \u0645\u0646\u062a\u062c\u0627\u062a \u0627\u0644\u0625\u0646\u062a\u0627\u062c \u0627\u0644\u0636\u062e\u0645. \u0627\u0639\u062a\u0645\u0627\u062f\u064b\u0627 \u0639\u0644\u0649 \u062a\u0648\u0641\u0631 \u0627\u0644\u0633\u0648\u0642\u060c \u0642\u062f \u062a\u062d\u062f\u062b \u0627\u062e\u062a\u0644\u0627\u0641\u0627\u062a \u0637\u0641\u064a\u0641\u0629 \u0641\u064a \u0627\u0644\u0645\u0646\u062a\u062c\u0627\u062a \u062f\u0648\u0646 \u0627\u0644\u0625\u062e\u0644\u0627\u0644 \u0628\u0627\u0644\u0645\u0648\u0636\u0648\u0639 \u0627\u0644\u0631\u0626\u064a\u0633\u064a. \u0645\u062b\u0644 \u0633\u0645\u0643 \u0627\u0644\u0633\u0644\u0633\u0644\u0629 \u0648\u0637\u0648\u0644 \u0627\u0644\u062d\u0644\u0642\u0629 \u0648\u0645\u0627 \u0625\u0644\u0649 \u0630\u0644\u0643.<\/p>","protected":false},"excerpt":{"rendered":"<p>\u0634\u0627\u0647\u0645\u0627\u0631\u0627\u0646 \u0641\u0648\u0644\u0627\u0630\u064a \u0623\u0646\u064a\u0642<\/p>","protected":false},"featured_media":26594,"comment_status":"closed","ping_status":"open","template":"","meta":[],"product_brand":[],"product_cat":[194],"product_tag":[],"class_list":{"0":"post-26593","1":"product","2":"type-product","3":"status-publish","4":"has-post-thumbnail","6":"product_cat-celik-sahmeran","8":"first","9":"instock","10":"taxable","11":"shipping-taxable","12":"purchasable","13":"product-type-simple"},"_links":{"self":[{"href":"https:\/\/www.xladyaccessories.com\/ar\/wp-json\/wp\/v2\/product\/26593","targetHints":{"allow":["GET"]}}],"collection":[{"href":"https:\/\/www.xladyaccessories.com\/ar\/wp-json\/wp\/v2\/product"}],"about":[{"href":"https:\/\/www.xladyaccessories.com\/ar\/wp-json\/wp\/v2\/types\/product"}],"replies":[{"embeddable":true,"href":"https:\/\/www.xladyaccessories.com\/ar\/wp-json\/wp\/v2\/comments?post=26593"}],"wp:featuredmedia":[{"embeddable":true,"href":"https:\/\/www.xladyaccessories.com\/ar\/wp-json\/wp\/v2\/media\/26594"}],"wp:attachment":[{"href":"https:\/\/www.xladyaccessories.com\/ar\/wp-json\/wp\/v2\/media?parent=26593"}],"wp:term":[{"taxonomy":"product_brand","embeddable":true,"href":"https:\/\/www.xladyaccessories.com\/ar\/wp-json\/wp\/v2\/product_brand?post=26593"},{"taxonomy":"product_cat","embeddable":true,"href":"https:\/\/www.xladyaccessories.com\/ar\/wp-json\/wp\/v2\/product_cat?post=26593"},{"taxonomy":"product_tag","embeddable":true,"href":"https:\/\/www.xladyaccessories.com\/ar\/wp-json\/wp\/v2\/product_tag?post=26593"}],"curies":[{"name":"wp","href":"https:\/\/api.w.org\/{rel}","templated":true}]}}