{"id":10635,"date":"2022-10-20T08:20:35","date_gmt":"2022-10-20T05:20:35","guid":{"rendered":"https:\/\/www.xladyaccessories.com\/urun\/gumus-renk-zirkon-tasli-goz-nazar-yuvarlak-model-zirkon-kolye-2073\/"},"modified":"2026-04-14T19:16:11","modified_gmt":"2026-04-14T16:16:11","slug":"toptan-gumus-renk-zirkon-tasli-goz-nazar-yuvarlak-model-zirkon-kolye-2073","status":"publish","type":"product","link":"https:\/\/www.xladyaccessories.com\/ar\/product\/\u0642\u0644\u0627\u062f\u0629-\u0645\u0646-\u062d\u062c\u0631-\u0627\u0644\u0632\u0631\u0643\u0648\u0646-\u0627\u0644\u0641\u0636\u064a-\u0627\u0644\u0644\u0648\u0646-\u0639\u064a\u0646-\u0627\u0644\/","title":{"rendered":"Toptan G\u00fcm\u00fc\u015f Renk Zirkon Ta\u015fl\u0131 G\u00f6z Nazar Yuvarlak  Model Zirkon Kolye &#8211; 2073"},"content":{"rendered":"<p>\u0645\u0646\u062a\u062c\u0627\u062a\u0646\u0627 \u0623\u062d\u062c\u0627\u0631 \u0627\u0644\u0632\u0631\u0643\u0648\u0646\u064a\u0648\u0645 \u0627\u0644\u0623\u0635\u0644\u064a\u0629<br \/>\n\u062a\u0645 \u0625\u0646\u062a\u0627\u062c\u0647 \u0643\u0637\u0644\u0627\u0621 \u0645\u0642\u0627\u0648\u0645 \u0644\u0644\u062a\u0634\u0648\u0647<br \/>\n\u0637\u0648\u0644 \u0627\u0644\u0633\u0644\u0633\u0644\u0629: 42+3 \u0633\u0645<br \/>\n\u0627\u0644\u0645\u0627\u062f\u0629: \u0628\u0631\u0648\u0646\u0632<\/p>\n<p>\u00a0<\/p>","protected":false},"excerpt":{"rendered":"<p>\u0642\u0644\u0627\u062f\u0627\u062a \u0627\u0644\u0632\u0631\u0643\u0648\u0646 \u0627\u0644\u0623\u0646\u064a\u0642\u0629<\/p>","protected":false},"featured_media":10636,"comment_status":"open","ping_status":"closed","template":"","meta":[],"product_brand":[],"product_cat":[100],"product_tag":[],"class_list":{"0":"post-10635","1":"product","2":"type-product","3":"status-publish","4":"has-post-thumbnail","6":"product_cat-zirkon-kolye","8":"first","9":"outofstock","10":"taxable","11":"shipping-taxable","12":"purchasable","13":"product-type-simple"},"_links":{"self":[{"href":"https:\/\/www.xladyaccessories.com\/ar\/wp-json\/wp\/v2\/product\/10635","targetHints":{"allow":["GET"]}}],"collection":[{"href":"https:\/\/www.xladyaccessories.com\/ar\/wp-json\/wp\/v2\/product"}],"about":[{"href":"https:\/\/www.xladyaccessories.com\/ar\/wp-json\/wp\/v2\/types\/product"}],"replies":[{"embeddable":true,"href":"https:\/\/www.xladyaccessories.com\/ar\/wp-json\/wp\/v2\/comments?post=10635"}],"wp:featuredmedia":[{"embeddable":true,"href":"https:\/\/www.xladyaccessories.com\/ar\/wp-json\/wp\/v2\/media\/10636"}],"wp:attachment":[{"href":"https:\/\/www.xladyaccessories.com\/ar\/wp-json\/wp\/v2\/media?parent=10635"}],"wp:term":[{"taxonomy":"product_brand","embeddable":true,"href":"https:\/\/www.xladyaccessories.com\/ar\/wp-json\/wp\/v2\/product_brand?post=10635"},{"taxonomy":"product_cat","embeddable":true,"href":"https:\/\/www.xladyaccessories.com\/ar\/wp-json\/wp\/v2\/product_cat?post=10635"},{"taxonomy":"product_tag","embeddable":true,"href":"https:\/\/www.xladyaccessories.com\/ar\/wp-json\/wp\/v2\/product_tag?post=10635"}],"curies":[{"name":"wp","href":"https:\/\/api.w.org\/{rel}","templated":true}]}}