{"id":10508,"date":"2022-10-20T07:57:37","date_gmt":"2022-10-20T04:57:37","guid":{"rendered":"https:\/\/www.xladyaccessories.com\/urun\/altin-renk-renkli-tasli-oval-model-asansor-zirkon-bileklik-2034\/"},"modified":"2026-04-14T09:16:16","modified_gmt":"2026-04-14T06:16:16","slug":"toptan-altin-renk-renkli-tasli-oval-model-asansor-zirkon-bileklik-2034","status":"publish","type":"product","link":"https:\/\/www.xladyaccessories.com\/ar\/product\/\u0633\u0648\u0627\u0631\u0629-\u0645\u0635\u0639\u062f-\u0632\u0631\u0643\u0648\u0646-\u0645\u0648\u062f\u064a\u0644-\u0628\u064a\u0636\u0627\u0648\u064a-\u0644\u0648\u0646-\u0630\u0647\u0628\u064a\/","title":{"rendered":"Toptan Alt\u0131n Renk Renkli Ta\u015fl\u0131 Oval Model Asans\u00f6r Zirkon Bileklik &#8211; 2034"},"content":{"rendered":"<p>\u0645\u0646\u062a\u062c\u0627\u062a\u0646\u0627 \u0623\u062d\u062c\u0627\u0631 \u0627\u0644\u0632\u0631\u0643\u0648\u0646\u064a\u0648\u0645 \u0627\u0644\u0623\u0635\u0644\u064a\u0629<br \/>\n\u0635\u0646\u0639 \u0641\u064a \u0645\u0637\u0644\u064a \u0628\u0627\u0644\u0630\u0647\u0628<br \/>\n\u0637\u0648\u0644 \u0627\u0644\u0633\u0644\u0633\u0644\u0629: 21 \u0633\u0645<br \/>\n\u0627\u0644\u0645\u0627\u062f\u0629: \u0628\u0631\u0648\u0646\u0632<\/p>\n<p>\u00a0<\/p>","protected":false},"excerpt":{"rendered":"<p>\u0623\u0633\u0627\u0648\u0631 \u0627\u0644\u0632\u0631\u0643\u0648\u0646 \u0627\u0644\u0623\u0646\u064a\u0642\u0629<\/p>","protected":false},"featured_media":10510,"comment_status":"open","ping_status":"closed","template":"","meta":[],"product_brand":[],"product_cat":[93],"product_tag":[],"class_list":{"0":"post-10508","1":"product","2":"type-product","3":"status-publish","4":"has-post-thumbnail","6":"product_cat-zirkon-bileklik","8":"first","9":"outofstock","10":"taxable","11":"shipping-taxable","12":"purchasable","13":"product-type-simple"},"_links":{"self":[{"href":"https:\/\/www.xladyaccessories.com\/ar\/wp-json\/wp\/v2\/product\/10508","targetHints":{"allow":["GET"]}}],"collection":[{"href":"https:\/\/www.xladyaccessories.com\/ar\/wp-json\/wp\/v2\/product"}],"about":[{"href":"https:\/\/www.xladyaccessories.com\/ar\/wp-json\/wp\/v2\/types\/product"}],"replies":[{"embeddable":true,"href":"https:\/\/www.xladyaccessories.com\/ar\/wp-json\/wp\/v2\/comments?post=10508"}],"wp:featuredmedia":[{"embeddable":true,"href":"https:\/\/www.xladyaccessories.com\/ar\/wp-json\/wp\/v2\/media\/10510"}],"wp:attachment":[{"href":"https:\/\/www.xladyaccessories.com\/ar\/wp-json\/wp\/v2\/media?parent=10508"}],"wp:term":[{"taxonomy":"product_brand","embeddable":true,"href":"https:\/\/www.xladyaccessories.com\/ar\/wp-json\/wp\/v2\/product_brand?post=10508"},{"taxonomy":"product_cat","embeddable":true,"href":"https:\/\/www.xladyaccessories.com\/ar\/wp-json\/wp\/v2\/product_cat?post=10508"},{"taxonomy":"product_tag","embeddable":true,"href":"https:\/\/www.xladyaccessories.com\/ar\/wp-json\/wp\/v2\/product_tag?post=10508"}],"curies":[{"name":"wp","href":"https:\/\/api.w.org\/{rel}","templated":true}]}}